{"id":64681,"date":"2025-11-03T16:55:39","date_gmt":"2025-11-03T16:55:39","guid":{"rendered":"https:\/\/www.retro-games.hu\/index.php\/termek\/rayman-10th-anniversary-rayman-m-2-3-print-studio\/"},"modified":"2026-03-05T14:26:02","modified_gmt":"2026-03-05T14:26:02","slug":"rayman-10th-anniversary-rayman-m-2-3-print-studio","status":"publish","type":"product","link":"https:\/\/www.retro-games.hu\/index.php\/termek\/rayman-10th-anniversary-rayman-m-2-3-print-studio\/","title":{"rendered":"Rayman 10th Anniversary (Rayman M + 2 + 3 + Print Studio)"},"content":{"rendered":"<p>J\u00e1t\u00e9kgy\u0171jtem\u00e9ny 4 teljes verzi\u00f3s j\u00e1t\u00e9kkal. Kiad\u00e1s \u00e9ve: 2005. Platform: Windows 98\/2000\/ME\/XP. Kivitel: dvd tokos, els\u0151 kiad\u00e1s, magyar feliratos bor\u00edt\u00f3,  eredeti cd+dvd, tartalma: Rayman M (angol\/francia\/n\u00e9met\/spanyol\/olasz\/sv\u00e9d\/finn\/norv\u00e9g\/d\u00e1n nyelv\u0171), Rayman 2: The Great Escape (angol\/francia\/n\u00e9met\/spanyol\/olasz nyelv\u0171), Rayman 3: Hoodlum Havoc (angol\/francia\/n\u00e9met\/spanyol\/olasz nyelv\u0171) + Print Studio (angol\/francia\/n\u00e9met\/spanyol\/olasz\/holland nyelv\u0171). CD-k+DVD \u00e1llapota: enyh\u00e9n karcos (hajsz\u00e1lkarcok), tesztelt, m\u0171k\u00f6dik<\/p>\n","protected":false},"excerpt":{"rendered":"<p>J\u00e1t\u00e9kgy\u0171jtem\u00e9ny 4 teljes verzi\u00f3s j\u00e1t\u00e9kkal. Kiad\u00e1s \u00e9ve: 2005. Platform: Windows 98\/2000\/ME\/XP. Kivitel: dvd tokos, els\u0151 kiad\u00e1s, magyar feliratos bor\u00edt\u00f3, eredeti cd+dvd, tartalma: Rayman M (angol\/francia\/n\u00e9met\/spanyol\/olasz\/sv\u00e9d\/finn\/norv\u00e9g\/d\u00e1n nyelv\u0171), Rayman 2: The Great Escape (angol\/francia\/n\u00e9met\/spanyol\/olasz nyelv\u0171), Rayman 3: Hoodlum Havoc (angol\/francia\/n\u00e9met\/spanyol\/olasz nyelv\u0171) + Print Studio (angol\/francia\/n\u00e9met\/spanyol\/olasz\/holland nyelv\u0171). CD-k+DVD \u00e1llapota: enyh\u00e9n karcos (hajsz\u00e1lkarcok), tesztelt, m\u0171k\u00f6dik<\/p>\n","protected":false},"featured_media":64680,"comment_status":"open","ping_status":"closed","template":"","meta":{"_et_pb_use_builder":"","_et_pb_old_content":"","_et_gb_content_width":""},"product_brand":[],"product_cat":[45,36,155],"product_tag":[],"class_list":{"0":"post-64681","1":"product","2":"type-product","3":"status-publish","4":"has-post-thumbnail","6":"product_cat-egyeb","7":"product_cat-osszeallitasok","8":"product_cat-jatekok","9":"pa_allapot-hasznalt","10":"pa_kivitel-dvd-tokos","11":"pa_nyelv-angol","12":"pa_nyelv-francia","13":"pa_nyelv-nemet","14":"pa_nyelv-olasz","15":"pa_nyelv-spanyol","16":"pa_platform-pc-windows-2000","17":"pa_platform-pc-windows-98","18":"pa_platform-pc-windows-me","19":"pa_platform-pc_windows","21":"first","22":"instock","23":"shipping-taxable","24":"purchasable","25":"product-type-simple"},"_links":{"self":[{"href":"https:\/\/www.retro-games.hu\/index.php\/wp-json\/wp\/v2\/product\/64681","targetHints":{"allow":["GET"]}}],"collection":[{"href":"https:\/\/www.retro-games.hu\/index.php\/wp-json\/wp\/v2\/product"}],"about":[{"href":"https:\/\/www.retro-games.hu\/index.php\/wp-json\/wp\/v2\/types\/product"}],"replies":[{"embeddable":true,"href":"https:\/\/www.retro-games.hu\/index.php\/wp-json\/wp\/v2\/comments?post=64681"}],"wp:featuredmedia":[{"embeddable":true,"href":"https:\/\/www.retro-games.hu\/index.php\/wp-json\/wp\/v2\/media\/64680"}],"wp:attachment":[{"href":"https:\/\/www.retro-games.hu\/index.php\/wp-json\/wp\/v2\/media?parent=64681"}],"wp:term":[{"taxonomy":"product_brand","embeddable":true,"href":"https:\/\/www.retro-games.hu\/index.php\/wp-json\/wp\/v2\/product_brand?post=64681"},{"taxonomy":"product_cat","embeddable":true,"href":"https:\/\/www.retro-games.hu\/index.php\/wp-json\/wp\/v2\/product_cat?post=64681"},{"taxonomy":"product_tag","embeddable":true,"href":"https:\/\/www.retro-games.hu\/index.php\/wp-json\/wp\/v2\/product_tag?post=64681"}],"curies":[{"name":"wp","href":"https:\/\/api.w.org\/{rel}","templated":true}]}}