{"id":64729,"date":"2025-11-03T16:57:52","date_gmt":"2025-11-03T16:57:52","guid":{"rendered":"https:\/\/www.retro-games.hu\/index.php\/termek\/revenant\/"},"modified":"2025-11-03T16:57:59","modified_gmt":"2025-11-03T16:57:59","slug":"revenant","status":"publish","type":"product","link":"https:\/\/www.retro-games.hu\/index.php\/termek\/revenant\/","title":{"rendered":"Revenant"},"content":{"rendered":"<p>Akci\u00f3-szerepj\u00e1t\u00e9k. Kiad\u00e1s \u00e9ve: 1999. Platform: Windows 95\/98\/ME. Kivitel: dvd tokos, EVM kiad\u00e1s, magyar feliratos bor\u00edt\u00f3, r\u00f6vid magyar nyelv\u0171 ismertet\u0151, eredeti 2 cd, angol nyelv\u0171 j\u00e1t\u00e9k. CD \u00e1llapot: szinte karcmentes, tesztelt, m\u0171k\u00f6dik<\/p>\n","protected":false},"excerpt":{"rendered":"<p>Akci\u00f3-szerepj\u00e1t\u00e9k. Kiad\u00e1s \u00e9ve: 1999. Platform: Windows 95\/98\/ME. Kivitel: dvd tokos, EVM kiad\u00e1s, magyar feliratos bor\u00edt\u00f3, r\u00f6vid magyar nyelv\u0171 ismertet\u0151, eredeti 2 cd, angol nyelv\u0171 j\u00e1t\u00e9k. CD \u00e1llapot: szinte karcmentes, tesztelt, m\u0171k\u00f6dik<\/p>\n","protected":false},"featured_media":64728,"comment_status":"open","ping_status":"closed","template":"","meta":{"_et_pb_use_builder":"","_et_pb_old_content":"","_et_gb_content_width":""},"product_brand":[],"product_cat":[67,155,272],"product_tag":[],"class_list":{"0":"post-64729","1":"product","2":"type-product","3":"status-publish","4":"has-post-thumbnail","6":"product_cat-akcio-szerepjatek-arpg","7":"product_cat-jatekok","8":"product_cat-szerepjatek-rpg","9":"pa_allapot-hasznalt","10":"pa_kivitel-dvd-tokos","11":"pa_nyelv-angol","12":"pa_platform-pc-windows-95","13":"pa_platform-pc-windows-98","14":"pa_platform-pc-windows-me","16":"first","17":"instock","18":"shipping-taxable","19":"purchasable","20":"product-type-simple"},"_links":{"self":[{"href":"https:\/\/www.retro-games.hu\/index.php\/wp-json\/wp\/v2\/product\/64729","targetHints":{"allow":["GET"]}}],"collection":[{"href":"https:\/\/www.retro-games.hu\/index.php\/wp-json\/wp\/v2\/product"}],"about":[{"href":"https:\/\/www.retro-games.hu\/index.php\/wp-json\/wp\/v2\/types\/product"}],"replies":[{"embeddable":true,"href":"https:\/\/www.retro-games.hu\/index.php\/wp-json\/wp\/v2\/comments?post=64729"}],"wp:featuredmedia":[{"embeddable":true,"href":"https:\/\/www.retro-games.hu\/index.php\/wp-json\/wp\/v2\/media\/64728"}],"wp:attachment":[{"href":"https:\/\/www.retro-games.hu\/index.php\/wp-json\/wp\/v2\/media?parent=64729"}],"wp:term":[{"taxonomy":"product_brand","embeddable":true,"href":"https:\/\/www.retro-games.hu\/index.php\/wp-json\/wp\/v2\/product_brand?post=64729"},{"taxonomy":"product_cat","embeddable":true,"href":"https:\/\/www.retro-games.hu\/index.php\/wp-json\/wp\/v2\/product_cat?post=64729"},{"taxonomy":"product_tag","embeddable":true,"href":"https:\/\/www.retro-games.hu\/index.php\/wp-json\/wp\/v2\/product_tag?post=64729"}],"curies":[{"name":"wp","href":"https:\/\/api.w.org\/{rel}","templated":true}]}}