{"id":64833,"date":"2025-11-03T17:02:36","date_gmt":"2025-11-03T17:02:36","guid":{"rendered":"https:\/\/www.retro-games.hu\/index.php\/termek\/rollercoaster-tycoon-3\/"},"modified":"2025-11-03T17:02:42","modified_gmt":"2025-11-03T17:02:42","slug":"rollercoaster-tycoon-3","status":"publish","type":"product","link":"https:\/\/www.retro-games.hu\/index.php\/termek\/rollercoaster-tycoon-3\/","title":{"rendered":"Rollercoaster Tycoon 3"},"content":{"rendered":"<p>Hull\u00e1mvas\u00fat tervez\u0151 \/ szimul\u00e1tor. Kiad\u00e1s \u00e9ve: 2004. Platform: Windows 98SE\/ME\/2000\/XP. Kivitel: dvd tokos, els\u0151 kiad\u00e1s, magyar feliratos bor\u00edt\u00f3, magyar nyelv\u0171 pap\u00edrk\u00e9zik\u00f6nyv, eredeti dvd, angol, n\u00e9met, francia, olasz, spanyol, holland, d\u00e1n, norv\u00e9g, finn, sv\u00e9d nyelv\u0171 j\u00e1t\u00e9k. DVD \u00e1llapota: karcmentes, \u00fajnak t\u0171nik<\/p>\n","protected":false},"excerpt":{"rendered":"<p>Hull\u00e1mvas\u00fat tervez\u0151 \/ szimul\u00e1tor. Kiad\u00e1s \u00e9ve: 2004. Platform: Windows 98SE\/ME\/2000\/XP. Kivitel: dvd tokos, els\u0151 kiad\u00e1s, magyar feliratos bor\u00edt\u00f3, magyar nyelv\u0171 pap\u00edrk\u00e9zik\u00f6nyv, eredeti dvd, angol, n\u00e9met, francia, olasz, spanyol, holland, d\u00e1n, norv\u00e9g, finn, sv\u00e9d nyelv\u0171 j\u00e1t\u00e9k. DVD \u00e1llapota: karcmentes, \u00fajnak t\u0171nik<\/p>\n","protected":false},"featured_media":64832,"comment_status":"open","ping_status":"closed","template":"","meta":{"_et_pb_use_builder":"","_et_pb_old_content":"","_et_gb_content_width":""},"product_brand":[],"product_cat":[155,8,81],"product_tag":[],"class_list":{"0":"post-64833","1":"product","2":"type-product","3":"status-publish","4":"has-post-thumbnail","6":"product_cat-jatekok","7":"product_cat-szimulator","8":"product_cat-uzlet-menedzsment","9":"pa_allapot-hasznalt","10":"pa_kivitel-dvd-tokos","11":"pa_nyelv-angol","12":"pa_nyelv-dan","13":"pa_nyelv-finn","14":"pa_nyelv-francia","15":"pa_nyelv-holland","16":"pa_nyelv-nemet","17":"pa_nyelv-norveg","18":"pa_nyelv-olasz","19":"pa_nyelv-spanyol","20":"pa_nyelv-sved","21":"pa_platform-pc-windows-2000","22":"pa_platform-pc-windows-98se-2","23":"pa_platform-pc-windows-me","24":"pa_platform-pc_windows","26":"first","27":"instock","28":"shipping-taxable","29":"purchasable","30":"product-type-simple"},"_links":{"self":[{"href":"https:\/\/www.retro-games.hu\/index.php\/wp-json\/wp\/v2\/product\/64833","targetHints":{"allow":["GET"]}}],"collection":[{"href":"https:\/\/www.retro-games.hu\/index.php\/wp-json\/wp\/v2\/product"}],"about":[{"href":"https:\/\/www.retro-games.hu\/index.php\/wp-json\/wp\/v2\/types\/product"}],"replies":[{"embeddable":true,"href":"https:\/\/www.retro-games.hu\/index.php\/wp-json\/wp\/v2\/comments?post=64833"}],"wp:featuredmedia":[{"embeddable":true,"href":"https:\/\/www.retro-games.hu\/index.php\/wp-json\/wp\/v2\/media\/64832"}],"wp:attachment":[{"href":"https:\/\/www.retro-games.hu\/index.php\/wp-json\/wp\/v2\/media?parent=64833"}],"wp:term":[{"taxonomy":"product_brand","embeddable":true,"href":"https:\/\/www.retro-games.hu\/index.php\/wp-json\/wp\/v2\/product_brand?post=64833"},{"taxonomy":"product_cat","embeddable":true,"href":"https:\/\/www.retro-games.hu\/index.php\/wp-json\/wp\/v2\/product_cat?post=64833"},{"taxonomy":"product_tag","embeddable":true,"href":"https:\/\/www.retro-games.hu\/index.php\/wp-json\/wp\/v2\/product_tag?post=64833"}],"curies":[{"name":"wp","href":"https:\/\/api.w.org\/{rel}","templated":true}]}}