{"id":64997,"date":"2025-11-03T17:10:01","date_gmt":"2025-11-03T17:10:01","guid":{"rendered":"https:\/\/www.retro-games.hu\/index.php\/termek\/the-settlers-rise-of-an-empire-gold-edition-eastern-realms-is\/"},"modified":"2025-11-03T17:10:09","modified_gmt":"2025-11-03T17:10:09","slug":"the-settlers-rise-of-an-empire-gold-edition-eastern-realms-is","status":"publish","type":"product","link":"https:\/\/www.retro-games.hu\/index.php\/termek\/the-settlers-rise-of-an-empire-gold-edition-eastern-realms-is\/","title":{"rendered":"The Settlers: Rise of an Empire Gold Edition (Eastern Realms is)"},"content":{"rendered":"<p>Val\u00f3sidej\u0171 strat\u00e9giai j\u00e1t\u00e9k. Kiad\u00e1s \u00e9ve: 2007. Platform: Windows XP\/Vista. Kivitel: dvd tokos, ut\u00e1nkiad\u00e1s, angol\/francia feliratos bor\u00edt\u00f3, eredeti DVD, angol, francia \u00e9s spanyol nyelv\u0171 j\u00e1t\u00e9k. DVD \u00e1llapota: szinte karcmentes, \u00fajnak t\u0171nik. Megjegyz\u00e9s: A term\u00e9ket a telep\u00edt\u00e9s ut\u00e1n 1.71-es verzi\u00f3ra friss\u00edtve kiker\u00fcl bel\u0151le az \u00f6sszes m\u00e1sol\u00e1sv\u00e9delem, teh\u00e1t nem kell aktiv\u00e1lni egyszer sem. Ez a friss\u00edt\u00e9s automatikusan megt\u00f6rt\u00e9nik, ha van internetkapcsolat a telep\u00edt\u00e9skor.<\/p>\n","protected":false},"excerpt":{"rendered":"<p>Val\u00f3sidej\u0171 strat\u00e9giai j\u00e1t\u00e9k. Kiad\u00e1s \u00e9ve: 2007. Platform: Windows XP\/Vista. Kivitel: dvd tokos, ut\u00e1nkiad\u00e1s, angol\/francia feliratos bor\u00edt\u00f3, eredeti DVD, angol, francia \u00e9s spanyol nyelv\u0171 j\u00e1t\u00e9k. DVD \u00e1llapota: szinte karcmentes, \u00fajnak t\u0171nik. Megjegyz\u00e9s: A term\u00e9ket a telep\u00edt\u00e9s ut\u00e1n 1.71-es verzi\u00f3ra friss\u00edtve kiker\u00fcl bel\u0151le az \u00f6sszes m\u00e1sol\u00e1sv\u00e9delem, teh\u00e1t nem kell aktiv\u00e1lni egyszer sem. Ez a friss\u00edt\u00e9s automatikusan megt\u00f6rt\u00e9nik, [&hellip;]<\/p>\n","protected":false},"featured_media":64996,"comment_status":"open","ping_status":"closed","template":"","meta":{"_et_pb_use_builder":"","_et_pb_old_content":"","_et_gb_content_width":""},"product_brand":[],"product_cat":[155,43,47],"product_tag":[],"class_list":{"0":"post-64997","1":"product","2":"type-product","3":"status-publish","4":"has-post-thumbnail","6":"product_cat-jatekok","7":"product_cat-strategiai-jatek","8":"product_cat-valos-ideju-rts","9":"pa_allapot-hasznalt","10":"pa_kivitel-dvd-tokos","11":"pa_nyelv-angol","12":"pa_nyelv-francia","13":"pa_nyelv-spanyol","14":"pa_platform-pc-windows-vista","15":"pa_platform-pc_windows","17":"first","18":"instock","19":"shipping-taxable","20":"purchasable","21":"product-type-simple"},"_links":{"self":[{"href":"https:\/\/www.retro-games.hu\/index.php\/wp-json\/wp\/v2\/product\/64997","targetHints":{"allow":["GET"]}}],"collection":[{"href":"https:\/\/www.retro-games.hu\/index.php\/wp-json\/wp\/v2\/product"}],"about":[{"href":"https:\/\/www.retro-games.hu\/index.php\/wp-json\/wp\/v2\/types\/product"}],"replies":[{"embeddable":true,"href":"https:\/\/www.retro-games.hu\/index.php\/wp-json\/wp\/v2\/comments?post=64997"}],"wp:featuredmedia":[{"embeddable":true,"href":"https:\/\/www.retro-games.hu\/index.php\/wp-json\/wp\/v2\/media\/64996"}],"wp:attachment":[{"href":"https:\/\/www.retro-games.hu\/index.php\/wp-json\/wp\/v2\/media?parent=64997"}],"wp:term":[{"taxonomy":"product_brand","embeddable":true,"href":"https:\/\/www.retro-games.hu\/index.php\/wp-json\/wp\/v2\/product_brand?post=64997"},{"taxonomy":"product_cat","embeddable":true,"href":"https:\/\/www.retro-games.hu\/index.php\/wp-json\/wp\/v2\/product_cat?post=64997"},{"taxonomy":"product_tag","embeddable":true,"href":"https:\/\/www.retro-games.hu\/index.php\/wp-json\/wp\/v2\/product_tag?post=64997"}],"curies":[{"name":"wp","href":"https:\/\/api.w.org\/{rel}","templated":true}]}}