{"id":65061,"date":"2025-11-03T17:13:06","date_gmt":"2025-11-03T17:13:06","guid":{"rendered":"https:\/\/www.retro-games.hu\/index.php\/termek\/sherlock-holmes-the-awakened\/"},"modified":"2025-11-03T17:13:13","modified_gmt":"2025-11-03T17:13:13","slug":"sherlock-holmes-the-awakened","status":"publish","type":"product","link":"https:\/\/www.retro-games.hu\/index.php\/termek\/sherlock-holmes-the-awakened\/","title":{"rendered":"Sherlock Holmes: The Awakened"},"content":{"rendered":"<p>Rejtv\u00e9nymegold\u00f3, nyomoz\u00f3s kalandj\u00e1t\u00e9k. Kiad\u00e1s \u00e9ve: 2006. Platform: Windows 2000\/XP. Kivitel: dvd tokos, EVM kiad\u00e1s, magyar feliratos bor\u00edt\u00f3 (r\u00f6vid magyar nyelv\u0171 ismertet\u0151 a belseje), eredeti DVD, magyar feliratos j\u00e1t\u00e9k. DVD \u00e1llapota: enyh\u00e9n karcos (hajsz\u00e1lkarcok), tesztelt, m\u0171k\u00f6dik<\/p>\n","protected":false},"excerpt":{"rendered":"<p>Rejtv\u00e9nymegold\u00f3, nyomoz\u00f3s kalandj\u00e1t\u00e9k. Kiad\u00e1s \u00e9ve: 2006. Platform: Windows 2000\/XP. Kivitel: dvd tokos, EVM kiad\u00e1s, magyar feliratos bor\u00edt\u00f3 (r\u00f6vid magyar nyelv\u0171 ismertet\u0151 a belseje), eredeti DVD, magyar feliratos j\u00e1t\u00e9k. DVD \u00e1llapota: enyh\u00e9n karcos (hajsz\u00e1lkarcok), tesztelt, m\u0171k\u00f6dik<\/p>\n","protected":false},"featured_media":65060,"comment_status":"open","ping_status":"closed","template":"","meta":{"_et_pb_use_builder":"","_et_pb_old_content":"","_et_gb_content_width":""},"product_brand":[],"product_cat":[25,155,114],"product_tag":[],"class_list":{"0":"post-65061","1":"product","2":"type-product","3":"status-publish","4":"has-post-thumbnail","6":"product_cat-kaland","7":"product_cat-jatekok","8":"product_cat-rejtvenymegoldo","9":"pa_allapot-hasznalt","10":"pa_kivitel-dvd-tokos","11":"pa_nyelv-magyar-feliratos","12":"pa_platform-pc-windows-2000","13":"pa_platform-pc_windows","15":"first","16":"instock","17":"shipping-taxable","18":"purchasable","19":"product-type-simple"},"_links":{"self":[{"href":"https:\/\/www.retro-games.hu\/index.php\/wp-json\/wp\/v2\/product\/65061","targetHints":{"allow":["GET"]}}],"collection":[{"href":"https:\/\/www.retro-games.hu\/index.php\/wp-json\/wp\/v2\/product"}],"about":[{"href":"https:\/\/www.retro-games.hu\/index.php\/wp-json\/wp\/v2\/types\/product"}],"replies":[{"embeddable":true,"href":"https:\/\/www.retro-games.hu\/index.php\/wp-json\/wp\/v2\/comments?post=65061"}],"wp:featuredmedia":[{"embeddable":true,"href":"https:\/\/www.retro-games.hu\/index.php\/wp-json\/wp\/v2\/media\/65060"}],"wp:attachment":[{"href":"https:\/\/www.retro-games.hu\/index.php\/wp-json\/wp\/v2\/media?parent=65061"}],"wp:term":[{"taxonomy":"product_brand","embeddable":true,"href":"https:\/\/www.retro-games.hu\/index.php\/wp-json\/wp\/v2\/product_brand?post=65061"},{"taxonomy":"product_cat","embeddable":true,"href":"https:\/\/www.retro-games.hu\/index.php\/wp-json\/wp\/v2\/product_cat?post=65061"},{"taxonomy":"product_tag","embeddable":true,"href":"https:\/\/www.retro-games.hu\/index.php\/wp-json\/wp\/v2\/product_tag?post=65061"}],"curies":[{"name":"wp","href":"https:\/\/api.w.org\/{rel}","templated":true}]}}