{"id":65141,"date":"2025-11-03T17:17:44","date_gmt":"2025-11-03T17:17:44","guid":{"rendered":"https:\/\/www.retro-games.hu\/index.php\/termek\/sid-meiers-civilization-iv-colonization\/"},"modified":"2025-11-03T17:17:59","modified_gmt":"2025-11-03T17:17:59","slug":"sid-meiers-civilization-iv-colonization","status":"publish","type":"product","link":"https:\/\/www.retro-games.hu\/index.php\/termek\/sid-meiers-civilization-iv-colonization\/","title":{"rendered":"Sid Meier&#8217;s Civilization IV: Colonization"},"content":{"rendered":"<p>K\u00f6r\u00f6kre osztott strat\u00e9giai j\u00e1t\u00e9k. Kiad\u00e1s \u00e9ve: 2008. Platform: Windows 2000\/XP\/Vista. Kivitel: dvd tokos, els\u0151 kiad\u00e1s, magyar feliratos bor\u00edt\u00f3, magyar nyelv\u0171 pap\u00edrk\u00e9zik\u00f6nyv, eredeti 2 cd, angol, francia, n\u00e9met, olasz, spanyol nyelv\u0171 \u00e9s magyar feliratos j\u00e1t\u00e9k. CD-k \u00e1llapota: karcmentes, \u00fajnak t\u0171nik<\/p>\n","protected":false},"excerpt":{"rendered":"<p>K\u00f6r\u00f6kre osztott strat\u00e9giai j\u00e1t\u00e9k. Kiad\u00e1s \u00e9ve: 2008. Platform: Windows 2000\/XP\/Vista. Kivitel: dvd tokos, els\u0151 kiad\u00e1s, magyar feliratos bor\u00edt\u00f3, magyar nyelv\u0171 pap\u00edrk\u00e9zik\u00f6nyv, eredeti 2 cd, angol, francia, n\u00e9met, olasz, spanyol nyelv\u0171 \u00e9s magyar feliratos j\u00e1t\u00e9k. CD-k \u00e1llapota: karcmentes, \u00fajnak t\u0171nik<\/p>\n","protected":false},"featured_media":65140,"comment_status":"open","ping_status":"closed","template":"","meta":{"_et_pb_use_builder":"","_et_pb_old_content":"","_et_gb_content_width":""},"product_brand":[],"product_cat":[44,155,43],"product_tag":[],"class_list":{"0":"post-65141","1":"product","2":"type-product","3":"status-publish","4":"has-post-thumbnail","6":"product_cat-korokre-osztott","7":"product_cat-jatekok","8":"product_cat-strategiai-jatek","9":"pa_allapot-hasznalt","10":"pa_kivitel-dvd-tokos","11":"pa_nyelv-angol","12":"pa_nyelv-francia","13":"pa_nyelv-magyar-feliratos","14":"pa_nyelv-nemet","15":"pa_nyelv-olasz","16":"pa_nyelv-spanyol","17":"pa_platform-pc-windows-2000","18":"pa_platform-pc-windows-vista","19":"pa_platform-pc_windows","21":"first","22":"instock","23":"shipping-taxable","24":"purchasable","25":"product-type-simple"},"_links":{"self":[{"href":"https:\/\/www.retro-games.hu\/index.php\/wp-json\/wp\/v2\/product\/65141","targetHints":{"allow":["GET"]}}],"collection":[{"href":"https:\/\/www.retro-games.hu\/index.php\/wp-json\/wp\/v2\/product"}],"about":[{"href":"https:\/\/www.retro-games.hu\/index.php\/wp-json\/wp\/v2\/types\/product"}],"replies":[{"embeddable":true,"href":"https:\/\/www.retro-games.hu\/index.php\/wp-json\/wp\/v2\/comments?post=65141"}],"wp:featuredmedia":[{"embeddable":true,"href":"https:\/\/www.retro-games.hu\/index.php\/wp-json\/wp\/v2\/media\/65140"}],"wp:attachment":[{"href":"https:\/\/www.retro-games.hu\/index.php\/wp-json\/wp\/v2\/media?parent=65141"}],"wp:term":[{"taxonomy":"product_brand","embeddable":true,"href":"https:\/\/www.retro-games.hu\/index.php\/wp-json\/wp\/v2\/product_brand?post=65141"},{"taxonomy":"product_cat","embeddable":true,"href":"https:\/\/www.retro-games.hu\/index.php\/wp-json\/wp\/v2\/product_cat?post=65141"},{"taxonomy":"product_tag","embeddable":true,"href":"https:\/\/www.retro-games.hu\/index.php\/wp-json\/wp\/v2\/product_tag?post=65141"}],"curies":[{"name":"wp","href":"https:\/\/api.w.org\/{rel}","templated":true}]}}