{"id":65205,"date":"2025-11-03T17:21:01","date_gmt":"2025-11-03T17:21:01","guid":{"rendered":"https:\/\/www.retro-games.hu\/index.php\/termek\/the-sims-deluxe-edition-alapjatek-livin-it-up-kieg\/"},"modified":"2025-11-03T17:21:09","modified_gmt":"2025-11-03T17:21:09","slug":"the-sims-deluxe-edition-alapjatek-livin-it-up-kieg","status":"publish","type":"product","link":"https:\/\/www.retro-games.hu\/index.php\/termek\/the-sims-deluxe-edition-alapjatek-livin-it-up-kieg\/","title":{"rendered":"The Sims Deluxe Edition (alapj\u00e1t\u00e9k + Livin&#8217; It Up kieg.)"},"content":{"rendered":"<p>\u00c9letszimul\u00e1tor j\u00e1t\u00e9k. Kiad\u00e1s \u00e9ve: 2000. Platform: Windows 95\/98\/XP. Tartalma: alapj\u00e1t\u00e9k, Livin&#8217; It up kieg\u00e9sz\u00edt\u0151, The Sims Creator, exkluz\u00edv Deluxe edition j\u00e1t\u00e9kelemek. Kivitel: dvd tokos, els\u0151 kiad\u00e1s,angol feliratos bor\u00edt\u00f3, angol nyelv\u0171 pap\u00edrk\u00e9zik\u00f6nyv, angol nyelv\u0171 telep\u00edt\u00e9si \u00fatmutat\u00f3, eredeti 2 cd, angol \u00e9s lengyel, francia, n\u00e9met, olasz, sv\u00e9d, holland, spanyol, braz\u00edliai portug\u00e1l nyelv\u0171 j\u00e1t\u00e9k. CD-k \u00e1llapota: szinte karcmentes, tesztelt, m\u0171k\u00f6dik.<\/p>\n","protected":false},"excerpt":{"rendered":"<p>\u00c9letszimul\u00e1tor j\u00e1t\u00e9k. Kiad\u00e1s \u00e9ve: 2000. Platform: Windows 95\/98\/XP. Tartalma: alapj\u00e1t\u00e9k, Livin&#8217; It up kieg\u00e9sz\u00edt\u0151, The Sims Creator, exkluz\u00edv Deluxe edition j\u00e1t\u00e9kelemek. Kivitel: dvd tokos, els\u0151 kiad\u00e1s,angol feliratos bor\u00edt\u00f3, angol nyelv\u0171 pap\u00edrk\u00e9zik\u00f6nyv, angol nyelv\u0171 telep\u00edt\u00e9si \u00fatmutat\u00f3, eredeti 2 cd, angol \u00e9s lengyel, francia, n\u00e9met, olasz, sv\u00e9d, holland, spanyol, braz\u00edliai portug\u00e1l nyelv\u0171 j\u00e1t\u00e9k. CD-k \u00e1llapota: szinte karcmentes, [&hellip;]<\/p>\n","protected":false},"featured_media":65204,"comment_status":"open","ping_status":"closed","template":"","meta":{"_et_pb_use_builder":"","_et_pb_old_content":"","_et_gb_content_width":""},"product_brand":[],"product_cat":[115,155,8],"product_tag":[],"class_list":{"0":"post-65205","1":"product","2":"type-product","3":"status-publish","4":"has-post-thumbnail","6":"product_cat-elet","7":"product_cat-jatekok","8":"product_cat-szimulator","9":"pa_allapot-hasznalt","10":"pa_kivitel-dvd-tokos","11":"pa_nyelv-angol","12":"pa_nyelv-braziliai-portugal","13":"pa_nyelv-francia","14":"pa_nyelv-holland","15":"pa_nyelv-lengyel","16":"pa_nyelv-nemet","17":"pa_nyelv-olasz","18":"pa_nyelv-spanyol","19":"pa_nyelv-sved","20":"pa_platform-pc-windows-95","21":"pa_platform-pc-windows-98","22":"pa_platform-pc_windows","24":"first","25":"instock","26":"shipping-taxable","27":"purchasable","28":"product-type-simple"},"_links":{"self":[{"href":"https:\/\/www.retro-games.hu\/index.php\/wp-json\/wp\/v2\/product\/65205","targetHints":{"allow":["GET"]}}],"collection":[{"href":"https:\/\/www.retro-games.hu\/index.php\/wp-json\/wp\/v2\/product"}],"about":[{"href":"https:\/\/www.retro-games.hu\/index.php\/wp-json\/wp\/v2\/types\/product"}],"replies":[{"embeddable":true,"href":"https:\/\/www.retro-games.hu\/index.php\/wp-json\/wp\/v2\/comments?post=65205"}],"wp:featuredmedia":[{"embeddable":true,"href":"https:\/\/www.retro-games.hu\/index.php\/wp-json\/wp\/v2\/media\/65204"}],"wp:attachment":[{"href":"https:\/\/www.retro-games.hu\/index.php\/wp-json\/wp\/v2\/media?parent=65205"}],"wp:term":[{"taxonomy":"product_brand","embeddable":true,"href":"https:\/\/www.retro-games.hu\/index.php\/wp-json\/wp\/v2\/product_brand?post=65205"},{"taxonomy":"product_cat","embeddable":true,"href":"https:\/\/www.retro-games.hu\/index.php\/wp-json\/wp\/v2\/product_cat?post=65205"},{"taxonomy":"product_tag","embeddable":true,"href":"https:\/\/www.retro-games.hu\/index.php\/wp-json\/wp\/v2\/product_tag?post=65205"}],"curies":[{"name":"wp","href":"https:\/\/api.w.org\/{rel}","templated":true}]}}