{"id":65209,"date":"2025-11-03T17:21:15","date_gmt":"2025-11-03T17:21:15","guid":{"rendered":"https:\/\/www.retro-games.hu\/index.php\/termek\/the-sims-abrakadabra-kiegeszito\/"},"modified":"2025-11-03T17:21:23","modified_gmt":"2025-11-03T17:21:23","slug":"the-sims-abrakadabra-kiegeszito","status":"publish","type":"product","link":"https:\/\/www.retro-games.hu\/index.php\/termek\/the-sims-abrakadabra-kiegeszito\/","title":{"rendered":"The Sims: Abrakadabra kieg\u00e9sz\u00edt\u0151"},"content":{"rendered":"<p>\u00c9letszimul\u00e1tor. Kiad\u00e1s \u00e9ve: 2003. Platform: Windows 98\/2000\/XP. Kivitel: dvd tokos, els\u0151 kiad\u00e1s, magyar feliratos bor\u00edt\u00f3, eredeti 2 cd, angol\/francia\/n\u00e9met\/olasz\/spanyol\/portug\u00e1l\/holland\/lengyel\/sv\u00e9d nyelv\u0171 kieg\u00e9sz\u00edt\u0151 lemez, futtat\u00e1s\u00e1hoz sz\u00fcks\u00e9ges a The Sims 1 alapj\u00e1t\u00e9k! CD-k \u00e1llapota: enyh\u00e9n karcos (hajsz\u00e1lkarcok), tesztelt, m\u0171k\u00f6dik<\/p>\n","protected":false},"excerpt":{"rendered":"<p>\u00c9letszimul\u00e1tor. Kiad\u00e1s \u00e9ve: 2003. Platform: Windows 98\/2000\/XP. Kivitel: dvd tokos, els\u0151 kiad\u00e1s, magyar feliratos bor\u00edt\u00f3, eredeti 2 cd, angol\/francia\/n\u00e9met\/olasz\/spanyol\/portug\u00e1l\/holland\/lengyel\/sv\u00e9d nyelv\u0171 kieg\u00e9sz\u00edt\u0151 lemez, futtat\u00e1s\u00e1hoz sz\u00fcks\u00e9ges a The Sims 1 alapj\u00e1t\u00e9k! CD-k \u00e1llapota: enyh\u00e9n karcos (hajsz\u00e1lkarcok), tesztelt, m\u0171k\u00f6dik<\/p>\n","protected":false},"featured_media":65208,"comment_status":"open","ping_status":"closed","template":"","meta":{"_et_pb_use_builder":"","_et_pb_old_content":"","_et_gb_content_width":""},"product_brand":[],"product_cat":[115,155,8],"product_tag":[],"class_list":{"0":"post-65209","1":"product","2":"type-product","3":"status-publish","4":"has-post-thumbnail","6":"product_cat-elet","7":"product_cat-jatekok","8":"product_cat-szimulator","9":"pa_allapot-hasznalt","10":"pa_kivitel-dvd-tokos","11":"pa_nyelv-angol","12":"pa_nyelv-francia","13":"pa_nyelv-holland","14":"pa_nyelv-lengyel","15":"pa_nyelv-nemet","16":"pa_nyelv-olasz","17":"pa_nyelv-portugal","18":"pa_nyelv-spanyol","19":"pa_nyelv-sved","20":"pa_platform-pc-windows-2000","21":"pa_platform-pc-windows-98","22":"pa_platform-pc_windows","24":"first","25":"instock","26":"shipping-taxable","27":"purchasable","28":"product-type-simple"},"_links":{"self":[{"href":"https:\/\/www.retro-games.hu\/index.php\/wp-json\/wp\/v2\/product\/65209","targetHints":{"allow":["GET"]}}],"collection":[{"href":"https:\/\/www.retro-games.hu\/index.php\/wp-json\/wp\/v2\/product"}],"about":[{"href":"https:\/\/www.retro-games.hu\/index.php\/wp-json\/wp\/v2\/types\/product"}],"replies":[{"embeddable":true,"href":"https:\/\/www.retro-games.hu\/index.php\/wp-json\/wp\/v2\/comments?post=65209"}],"wp:featuredmedia":[{"embeddable":true,"href":"https:\/\/www.retro-games.hu\/index.php\/wp-json\/wp\/v2\/media\/65208"}],"wp:attachment":[{"href":"https:\/\/www.retro-games.hu\/index.php\/wp-json\/wp\/v2\/media?parent=65209"}],"wp:term":[{"taxonomy":"product_brand","embeddable":true,"href":"https:\/\/www.retro-games.hu\/index.php\/wp-json\/wp\/v2\/product_brand?post=65209"},{"taxonomy":"product_cat","embeddable":true,"href":"https:\/\/www.retro-games.hu\/index.php\/wp-json\/wp\/v2\/product_cat?post=65209"},{"taxonomy":"product_tag","embeddable":true,"href":"https:\/\/www.retro-games.hu\/index.php\/wp-json\/wp\/v2\/product_tag?post=65209"}],"curies":[{"name":"wp","href":"https:\/\/api.w.org\/{rel}","templated":true}]}}