{"id":65233,"date":"2025-11-03T17:22:27","date_gmt":"2025-11-03T17:22:27","guid":{"rendered":"https:\/\/www.retro-games.hu\/index.php\/termek\/the-sims-superstar-kiegeszito-konta-barbara-bonusz-hiresseg-cd\/"},"modified":"2025-11-03T17:22:34","modified_gmt":"2025-11-03T17:22:34","slug":"the-sims-superstar-kiegeszito-konta-barbara-bonusz-hiresseg-cd","status":"publish","type":"product","link":"https:\/\/www.retro-games.hu\/index.php\/termek\/the-sims-superstar-kiegeszito-konta-barbara-bonusz-hiresseg-cd\/","title":{"rendered":"The Sims: Superstar kieg\u00e9sz\u00edt\u0151 + Konta Barbara b\u00f3nusz h\u00edress\u00e9g CD"},"content":{"rendered":"<p>\u00c9letszimul\u00e1tor. Kiad\u00e1s \u00e9ve: 2003. Platform: Windows 95\/98\/2000\/XP. Kivitel: dvd tokos, els\u0151 kiad\u00e1s, magyar\/cseh feliratos bor\u00edt\u00f3, magyar\/cseh nyelv\u0171 pap\u00edrk\u00e9zik\u00f6nyv, eredeti 2 cd + Konta Barbara b\u00f3nusz h\u00edress\u00e9g CD, angol, francia, n\u00e9met, olasz, spanyol, portug\u00e1l, holland, lengyel, sv\u00e9d nyelv\u0171 kieg\u00e9sz\u00edt\u0151 lemez, futtat\u00e1s\u00e1hoz sz\u00fcks\u00e9ges a The Sims 1 alapj\u00e1t\u00e9k! CD-k \u00e1llapota: karcmentes, \u00fajnak t\u0171nik<\/p>\n","protected":false},"excerpt":{"rendered":"<p>\u00c9letszimul\u00e1tor. Kiad\u00e1s \u00e9ve: 2003. Platform: Windows 95\/98\/2000\/XP. Kivitel: dvd tokos, els\u0151 kiad\u00e1s, magyar\/cseh feliratos bor\u00edt\u00f3, magyar\/cseh nyelv\u0171 pap\u00edrk\u00e9zik\u00f6nyv, eredeti 2 cd + Konta Barbara b\u00f3nusz h\u00edress\u00e9g CD, angol, francia, n\u00e9met, olasz, spanyol, portug\u00e1l, holland, lengyel, sv\u00e9d nyelv\u0171 kieg\u00e9sz\u00edt\u0151 lemez, futtat\u00e1s\u00e1hoz sz\u00fcks\u00e9ges a The Sims 1 alapj\u00e1t\u00e9k! CD-k \u00e1llapota: karcmentes, \u00fajnak t\u0171nik<\/p>\n","protected":false},"featured_media":65232,"comment_status":"open","ping_status":"closed","template":"","meta":{"_et_pb_use_builder":"","_et_pb_old_content":"","_et_gb_content_width":""},"product_brand":[],"product_cat":[115,155,8],"product_tag":[],"class_list":{"0":"post-65233","1":"product","2":"type-product","3":"status-publish","4":"has-post-thumbnail","6":"product_cat-elet","7":"product_cat-jatekok","8":"product_cat-szimulator","9":"pa_allapot-hasznalt","10":"pa_kivitel-dvd-tokos","11":"pa_nyelv-angol","12":"pa_nyelv-francia","13":"pa_nyelv-holland","14":"pa_nyelv-lengyel","15":"pa_nyelv-nemet","16":"pa_nyelv-olasz","17":"pa_nyelv-portugal","18":"pa_nyelv-spanyol","19":"pa_nyelv-sved","20":"pa_platform-pc-windows-2000","21":"pa_platform-pc-windows-95","22":"pa_platform-pc-windows-98","23":"pa_platform-pc_windows","25":"first","26":"instock","27":"shipping-taxable","28":"purchasable","29":"product-type-simple"},"_links":{"self":[{"href":"https:\/\/www.retro-games.hu\/index.php\/wp-json\/wp\/v2\/product\/65233","targetHints":{"allow":["GET"]}}],"collection":[{"href":"https:\/\/www.retro-games.hu\/index.php\/wp-json\/wp\/v2\/product"}],"about":[{"href":"https:\/\/www.retro-games.hu\/index.php\/wp-json\/wp\/v2\/types\/product"}],"replies":[{"embeddable":true,"href":"https:\/\/www.retro-games.hu\/index.php\/wp-json\/wp\/v2\/comments?post=65233"}],"wp:featuredmedia":[{"embeddable":true,"href":"https:\/\/www.retro-games.hu\/index.php\/wp-json\/wp\/v2\/media\/65232"}],"wp:attachment":[{"href":"https:\/\/www.retro-games.hu\/index.php\/wp-json\/wp\/v2\/media?parent=65233"}],"wp:term":[{"taxonomy":"product_brand","embeddable":true,"href":"https:\/\/www.retro-games.hu\/index.php\/wp-json\/wp\/v2\/product_brand?post=65233"},{"taxonomy":"product_cat","embeddable":true,"href":"https:\/\/www.retro-games.hu\/index.php\/wp-json\/wp\/v2\/product_cat?post=65233"},{"taxonomy":"product_tag","embeddable":true,"href":"https:\/\/www.retro-games.hu\/index.php\/wp-json\/wp\/v2\/product_tag?post=65233"}],"curies":[{"name":"wp","href":"https:\/\/api.w.org\/{rel}","templated":true}]}}