{"id":65241,"date":"2025-11-03T17:22:48","date_gmt":"2025-11-03T17:22:48","guid":{"rendered":"https:\/\/www.retro-games.hu\/index.php\/termek\/the-sims-2-kulonleges-dvd-kiadas-limited-edition-alapjatek-angol\/"},"modified":"2025-11-03T17:22:55","modified_gmt":"2025-11-03T17:22:55","slug":"the-sims-2-kulonleges-dvd-kiadas-limited-edition-alapjatek-angol","status":"publish","type":"product","link":"https:\/\/www.retro-games.hu\/index.php\/termek\/the-sims-2-kulonleges-dvd-kiadas-limited-edition-alapjatek-angol\/","title":{"rendered":"The Sims 2 k\u00fcl\u00f6nleges DVD kiad\u00e1s (Limited Edition) alapj\u00e1t\u00e9k (angol)"},"content":{"rendered":"<p>\u00c9letszimul\u00e1tor j\u00e1t\u00e9k. Kiad\u00e1s \u00e9ve: 2005. Platform: Windows 98\/ME\/2000\/XP. Kivitel: dvd tokos, els\u0151 kiad\u00e1s, angol feliratos bor\u00edt\u00f3, angol nyelv\u0171 pap\u00edrk\u00e9zik\u00f6nyv (tollal egy sz\u00f3 r\u00e1\u00edrva a fed\u0151lapra) \u00e9s billenty\u0171zetkioszt\u00e1s, eredeti j\u00e1t\u00e9k dvd + b\u00f3nusz dvd, angol, cseh, d\u00e1n, n\u00e9met, spanyol, francia, finn, olasz, holland, norv\u00e9g, portug\u00e1l, braz\u00edliai portug\u00e1l, lengyel, sv\u00e9d nyelv\u0171 j\u00e1t\u00e9k. A magyar nyelvi f\u00e1jlok nincsenek a lemezen, csak ezeketen a nyelveken telep\u00edthet\u0151. A b\u00f3nusz DVD tartalma: szak\u00e9rt\u0151i ismertet\u0151k, tippek, strat\u00e9giai tan\u00e1csok, exkluz\u00edv filmk\u00e9sz\u00edt\u0151 tippek \u00e9s tr\u00fckk\u00f6k; The Sims 2 filmek, vicces jelenetek \u00e9s nosztalgikus rekl\u00e1mok. DVD-k \u00e1llapota: enyh\u00e9n karcos (hajsz\u00e1lkarcok), tesztelt, m\u0171k\u00f6dik<\/p>\n","protected":false},"excerpt":{"rendered":"<p>\u00c9letszimul\u00e1tor j\u00e1t\u00e9k. Kiad\u00e1s \u00e9ve: 2005. Platform: Windows 98\/ME\/2000\/XP. Kivitel: dvd tokos, els\u0151 kiad\u00e1s, angol feliratos bor\u00edt\u00f3, angol nyelv\u0171 pap\u00edrk\u00e9zik\u00f6nyv (tollal egy sz\u00f3 r\u00e1\u00edrva a fed\u0151lapra) \u00e9s billenty\u0171zetkioszt\u00e1s, eredeti j\u00e1t\u00e9k dvd + b\u00f3nusz dvd, angol, cseh, d\u00e1n, n\u00e9met, spanyol, francia, finn, olasz, holland, norv\u00e9g, portug\u00e1l, braz\u00edliai portug\u00e1l, lengyel, sv\u00e9d nyelv\u0171 j\u00e1t\u00e9k. A magyar nyelvi f\u00e1jlok nincsenek [&hellip;]<\/p>\n","protected":false},"featured_media":65240,"comment_status":"open","ping_status":"closed","template":"","meta":{"_et_pb_use_builder":"","_et_pb_old_content":"","_et_gb_content_width":""},"product_brand":[],"product_cat":[115,155,8],"product_tag":[],"class_list":{"0":"post-65241","1":"product","2":"type-product","3":"status-publish","4":"has-post-thumbnail","6":"product_cat-elet","7":"product_cat-jatekok","8":"product_cat-szimulator","9":"pa_allapot-hasznalt","10":"pa_kivitel-dvd-tokos","11":"pa_nyelv-angol","12":"pa_nyelv-braziliai-portugal","13":"pa_nyelv-cseh","14":"pa_nyelv-dan","15":"pa_nyelv-finn","16":"pa_nyelv-francia","17":"pa_nyelv-holland","18":"pa_nyelv-lengyel","19":"pa_nyelv-nemet","20":"pa_nyelv-norveg","21":"pa_nyelv-olasz","22":"pa_nyelv-portugal","23":"pa_nyelv-spanyol","24":"pa_nyelv-sved","25":"pa_platform-pc-windows-2000","26":"pa_platform-pc-windows-98","27":"pa_platform-pc-windows-me","28":"pa_platform-pc_windows","30":"first","31":"instock","32":"shipping-taxable","33":"purchasable","34":"product-type-simple"},"_links":{"self":[{"href":"https:\/\/www.retro-games.hu\/index.php\/wp-json\/wp\/v2\/product\/65241","targetHints":{"allow":["GET"]}}],"collection":[{"href":"https:\/\/www.retro-games.hu\/index.php\/wp-json\/wp\/v2\/product"}],"about":[{"href":"https:\/\/www.retro-games.hu\/index.php\/wp-json\/wp\/v2\/types\/product"}],"replies":[{"embeddable":true,"href":"https:\/\/www.retro-games.hu\/index.php\/wp-json\/wp\/v2\/comments?post=65241"}],"wp:featuredmedia":[{"embeddable":true,"href":"https:\/\/www.retro-games.hu\/index.php\/wp-json\/wp\/v2\/media\/65240"}],"wp:attachment":[{"href":"https:\/\/www.retro-games.hu\/index.php\/wp-json\/wp\/v2\/media?parent=65241"}],"wp:term":[{"taxonomy":"product_brand","embeddable":true,"href":"https:\/\/www.retro-games.hu\/index.php\/wp-json\/wp\/v2\/product_brand?post=65241"},{"taxonomy":"product_cat","embeddable":true,"href":"https:\/\/www.retro-games.hu\/index.php\/wp-json\/wp\/v2\/product_cat?post=65241"},{"taxonomy":"product_tag","embeddable":true,"href":"https:\/\/www.retro-games.hu\/index.php\/wp-json\/wp\/v2\/product_tag?post=65241"}],"curies":[{"name":"wp","href":"https:\/\/api.w.org\/{rel}","templated":true}]}}