{"id":65301,"date":"2025-11-03T17:25:38","date_gmt":"2025-11-03T17:25:38","guid":{"rendered":"https:\/\/www.retro-games.hu\/index.php\/termek\/the-sims-2-trendi-tini-cuccok\/"},"modified":"2025-11-03T17:25:46","modified_gmt":"2025-11-03T17:25:46","slug":"the-sims-2-trendi-tini-cuccok","status":"publish","type":"product","link":"https:\/\/www.retro-games.hu\/index.php\/termek\/the-sims-2-trendi-tini-cuccok\/","title":{"rendered":"The Sims 2: Trendi Tini Cuccok"},"content":{"rendered":"<p>\u00c9letszimul\u00e1tor. Kiad\u00e1s \u00e9ve: 2007. Platform: Windows 2000\/XP\/Vista. Kivitel: dvd tokos, els\u0151 kiad\u00e1s, magyar feliratos bor\u00edt\u00f3, magyar nyelv\u0171 pap\u00edrk\u00e9zik\u00f6nyv, eredeti cd, magyar feliratos \u00e9s angol, cseh, d\u00e1n, n\u00e9met, spanyol, francia, finn, olasz, holland, norv\u00e9g, portug\u00e1l, braz\u00edliai portug\u00e1l, lengyel, orosz, sv\u00e9d j\u00e1t\u00e9k. Kieg\u00e9sz\u00edt\u0151 lemez, a Sims 2 alapj\u00e1t\u00e9k sz\u00fcks\u00e9ges a futtat\u00e1s\u00e1hoz! ! CD \u00e1llapota: szinte karcmentes, tesztelt, m\u0171k\u00f6dik.<\/p>\n","protected":false},"excerpt":{"rendered":"<p>\u00c9letszimul\u00e1tor. Kiad\u00e1s \u00e9ve: 2007. Platform: Windows 2000\/XP\/Vista. Kivitel: dvd tokos, els\u0151 kiad\u00e1s, magyar feliratos bor\u00edt\u00f3, magyar nyelv\u0171 pap\u00edrk\u00e9zik\u00f6nyv, eredeti cd, magyar feliratos \u00e9s angol, cseh, d\u00e1n, n\u00e9met, spanyol, francia, finn, olasz, holland, norv\u00e9g, portug\u00e1l, braz\u00edliai portug\u00e1l, lengyel, orosz, sv\u00e9d j\u00e1t\u00e9k. Kieg\u00e9sz\u00edt\u0151 lemez, a Sims 2 alapj\u00e1t\u00e9k sz\u00fcks\u00e9ges a futtat\u00e1s\u00e1hoz! ! CD \u00e1llapota: szinte karcmentes, tesztelt, [&hellip;]<\/p>\n","protected":false},"featured_media":65300,"comment_status":"open","ping_status":"closed","template":"","meta":{"_et_pb_use_builder":"","_et_pb_old_content":"","_et_gb_content_width":""},"product_brand":[],"product_cat":[115,155,8],"product_tag":[],"class_list":{"0":"post-65301","1":"product","2":"type-product","3":"status-publish","4":"has-post-thumbnail","6":"product_cat-elet","7":"product_cat-jatekok","8":"product_cat-szimulator","9":"pa_allapot-hasznalt","10":"pa_kivitel-dvd-tokos","11":"pa_nyelv-angol","12":"pa_nyelv-braziliai-portugal","13":"pa_nyelv-cseh","14":"pa_nyelv-dan","15":"pa_nyelv-finn","16":"pa_nyelv-francia","17":"pa_nyelv-holland","18":"pa_nyelv-lengyel","19":"pa_nyelv-magyar-feliratos","20":"pa_nyelv-nemet","21":"pa_nyelv-norveg","22":"pa_nyelv-olasz","23":"pa_nyelv-orosz","24":"pa_nyelv-portugal","25":"pa_nyelv-spanyol","26":"pa_nyelv-sved","27":"pa_platform-pc-windows-2000","28":"pa_platform-pc-windows-vista","29":"pa_platform-pc_windows","31":"first","32":"instock","33":"shipping-taxable","34":"purchasable","35":"product-type-simple"},"_links":{"self":[{"href":"https:\/\/www.retro-games.hu\/index.php\/wp-json\/wp\/v2\/product\/65301","targetHints":{"allow":["GET"]}}],"collection":[{"href":"https:\/\/www.retro-games.hu\/index.php\/wp-json\/wp\/v2\/product"}],"about":[{"href":"https:\/\/www.retro-games.hu\/index.php\/wp-json\/wp\/v2\/types\/product"}],"replies":[{"embeddable":true,"href":"https:\/\/www.retro-games.hu\/index.php\/wp-json\/wp\/v2\/comments?post=65301"}],"wp:featuredmedia":[{"embeddable":true,"href":"https:\/\/www.retro-games.hu\/index.php\/wp-json\/wp\/v2\/media\/65300"}],"wp:attachment":[{"href":"https:\/\/www.retro-games.hu\/index.php\/wp-json\/wp\/v2\/media?parent=65301"}],"wp:term":[{"taxonomy":"product_brand","embeddable":true,"href":"https:\/\/www.retro-games.hu\/index.php\/wp-json\/wp\/v2\/product_brand?post=65301"},{"taxonomy":"product_cat","embeddable":true,"href":"https:\/\/www.retro-games.hu\/index.php\/wp-json\/wp\/v2\/product_cat?post=65301"},{"taxonomy":"product_tag","embeddable":true,"href":"https:\/\/www.retro-games.hu\/index.php\/wp-json\/wp\/v2\/product_tag?post=65301"}],"curies":[{"name":"wp","href":"https:\/\/api.w.org\/{rel}","templated":true}]}}