{"id":65337,"date":"2025-11-03T17:27:17","date_gmt":"2025-11-03T17:27:17","guid":{"rendered":"https:\/\/www.retro-games.hu\/index.php\/termek\/the-sims-3-termeszetfeletti-erok-kiegeszito-lemez\/"},"modified":"2025-11-03T17:27:25","modified_gmt":"2025-11-03T17:27:25","slug":"the-sims-3-termeszetfeletti-erok-kiegeszito-lemez","status":"publish","type":"product","link":"https:\/\/www.retro-games.hu\/index.php\/termek\/the-sims-3-termeszetfeletti-erok-kiegeszito-lemez\/","title":{"rendered":"The Sims 3: Term\u00e9szetfeletti er\u0151k kieg\u00e9sz\u00edt\u0151 lemez"},"content":{"rendered":"<p>\u00c9letszimul\u00e1tor j\u00e1t\u00e9k. Kiad\u00e1s \u00e9ve: 2010. Platform: Windows XP\/Vista\/7 \u00e9s Apple\/Power Macintosh. Kivitel: dvd tokos, els\u0151 kiad\u00e1s, magyar feliratos bor\u00edt\u00f3, telep\u00edt\u00e9si \u00fatmutat\u00f3 telep\u00edt\u0151k\u00f3ddal, eredeti dvd, magyar feliratos \u00e9s angol\/cseh\/d\u00e1n\/holland\/finn\/francia\/n\u00e9met\/g\u00f6r\u00f6g\/olasz\/norv\u00e9g\/lengyel\/braz\u00edliai portug\u00e1l\/portug\u00e1l\/orosz\/spanyol\/sv\u00e9d nyelv\u0171 kieg\u00e9sz\u00edt\u0151 lemez, a Sims 3 alapj\u00e1t\u00e9k sz\u00fcks\u00e9ges hozz\u00e1. DVD \u00e1llapota: enyh\u00e9n karcos (hajsz\u00e1lkarcok), tesztelt, m\u0171k\u00f6dik. Figyelem: a term\u00e9kkulcs el lett haszn\u00e1lva online j\u00e1t\u00e9kra, offline j\u00e1t\u00e9kra alkalmas. (Originon nem regisztr\u00e1lhat\u00f3, de ett\u0151l f\u00fcggetlen\u00fcl lehet telep\u00edteni az alapj\u00e1t\u00e9k mell\u00e9 \u00e9s j\u00e1tszani vele).<\/p>\n","protected":false},"excerpt":{"rendered":"<p>\u00c9letszimul\u00e1tor j\u00e1t\u00e9k. Kiad\u00e1s \u00e9ve: 2010. Platform: Windows XP\/Vista\/7 \u00e9s Apple\/Power Macintosh. Kivitel: dvd tokos, els\u0151 kiad\u00e1s, magyar feliratos bor\u00edt\u00f3, telep\u00edt\u00e9si \u00fatmutat\u00f3 telep\u00edt\u0151k\u00f3ddal, eredeti dvd, magyar feliratos \u00e9s angol\/cseh\/d\u00e1n\/holland\/finn\/francia\/n\u00e9met\/g\u00f6r\u00f6g\/olasz\/norv\u00e9g\/lengyel\/braz\u00edliai portug\u00e1l\/portug\u00e1l\/orosz\/spanyol\/sv\u00e9d nyelv\u0171 kieg\u00e9sz\u00edt\u0151 lemez, a Sims 3 alapj\u00e1t\u00e9k sz\u00fcks\u00e9ges hozz\u00e1. DVD \u00e1llapota: enyh\u00e9n karcos (hajsz\u00e1lkarcok), tesztelt, m\u0171k\u00f6dik. Figyelem: a term\u00e9kkulcs el lett haszn\u00e1lva online j\u00e1t\u00e9kra, offline j\u00e1t\u00e9kra [&hellip;]<\/p>\n","protected":false},"featured_media":65336,"comment_status":"open","ping_status":"closed","template":"","meta":{"_et_pb_use_builder":"","_et_pb_old_content":"","_et_gb_content_width":""},"product_brand":[],"product_cat":[115,155,8],"product_tag":[],"class_list":{"0":"post-65337","1":"product","2":"type-product","3":"status-publish","4":"has-post-thumbnail","6":"product_cat-elet","7":"product_cat-jatekok","8":"product_cat-szimulator","9":"pa_allapot-hasznalt","10":"pa_kivitel-dvd-tokos","11":"pa_nyelv-angol","12":"pa_nyelv-braziliai-portugal","13":"pa_nyelv-cseh","14":"pa_nyelv-dan","15":"pa_nyelv-finn","16":"pa_nyelv-francia","17":"pa_nyelv-gorog","18":"pa_nyelv-holland","19":"pa_nyelv-lengyel","20":"pa_nyelv-magyar-feliratos","21":"pa_nyelv-nemet","22":"pa_nyelv-norveg","23":"pa_nyelv-olasz","24":"pa_nyelv-orosz","25":"pa_nyelv-portugal","26":"pa_nyelv-spanyol","27":"pa_nyelv-sved","28":"pa_platform-applepower-macintosh","29":"pa_platform-pc-windows-7","30":"pa_platform-pc-windows-vista","31":"pa_platform-pc_windows","33":"first","34":"instock","35":"shipping-taxable","36":"purchasable","37":"product-type-simple"},"_links":{"self":[{"href":"https:\/\/www.retro-games.hu\/index.php\/wp-json\/wp\/v2\/product\/65337","targetHints":{"allow":["GET"]}}],"collection":[{"href":"https:\/\/www.retro-games.hu\/index.php\/wp-json\/wp\/v2\/product"}],"about":[{"href":"https:\/\/www.retro-games.hu\/index.php\/wp-json\/wp\/v2\/types\/product"}],"replies":[{"embeddable":true,"href":"https:\/\/www.retro-games.hu\/index.php\/wp-json\/wp\/v2\/comments?post=65337"}],"wp:featuredmedia":[{"embeddable":true,"href":"https:\/\/www.retro-games.hu\/index.php\/wp-json\/wp\/v2\/media\/65336"}],"wp:attachment":[{"href":"https:\/\/www.retro-games.hu\/index.php\/wp-json\/wp\/v2\/media?parent=65337"}],"wp:term":[{"taxonomy":"product_brand","embeddable":true,"href":"https:\/\/www.retro-games.hu\/index.php\/wp-json\/wp\/v2\/product_brand?post=65337"},{"taxonomy":"product_cat","embeddable":true,"href":"https:\/\/www.retro-games.hu\/index.php\/wp-json\/wp\/v2\/product_cat?post=65337"},{"taxonomy":"product_tag","embeddable":true,"href":"https:\/\/www.retro-games.hu\/index.php\/wp-json\/wp\/v2\/product_tag?post=65337"}],"curies":[{"name":"wp","href":"https:\/\/api.w.org\/{rel}","templated":true}]}}