{"id":65353,"date":"2025-11-03T17:28:02","date_gmt":"2025-11-03T17:28:02","guid":{"rendered":"https:\/\/www.retro-games.hu\/index.php\/termek\/sins-of-a-solar-empire\/"},"modified":"2026-02-14T15:25:33","modified_gmt":"2026-02-14T15:25:33","slug":"sins-of-a-solar-empire","status":"publish","type":"product","link":"https:\/\/www.retro-games.hu\/index.php\/termek\/sins-of-a-solar-empire\/","title":{"rendered":"Sins of a Solar Empire"},"content":{"rendered":"<p>Val\u00f3sidej\u0171 strat\u00e9giai j\u00e1t\u00e9k. Kiad\u00e1s \u00e9ve: 2008. Platform: Windows XP\/Vista. Kivitel: dvd tokos, els\u0151 kiad\u00e1s, angol\/magyar feliratos bor\u00edt\u00f3, magyar nyelv\u0171 pap\u00edrk\u00e9zik\u00f6nyv, eredeti dvd, angol nyelv\u0171 j\u00e1t\u00e9k. DVD \u00e1llapota: karcmentes, \u00fajnak t\u0171nik<\/p>\n","protected":false},"excerpt":{"rendered":"<p>Val\u00f3sidej\u0171 strat\u00e9giai j\u00e1t\u00e9k. Kiad\u00e1s \u00e9ve: 2008. Platform: Windows XP\/Vista. Kivitel: dvd tokos, els\u0151 kiad\u00e1s, angol\/magyar feliratos bor\u00edt\u00f3, magyar nyelv\u0171 pap\u00edrk\u00e9zik\u00f6nyv, eredeti dvd, angol nyelv\u0171 j\u00e1t\u00e9k. DVD \u00e1llapota: karcmentes, \u00fajnak t\u0171nik<\/p>\n","protected":false},"featured_media":65352,"comment_status":"open","ping_status":"closed","template":"","meta":{"_et_pb_use_builder":"","_et_pb_old_content":"","_et_gb_content_width":""},"product_brand":[],"product_cat":[155,43,47],"product_tag":[],"class_list":{"0":"post-65353","1":"product","2":"type-product","3":"status-publish","4":"has-post-thumbnail","6":"product_cat-jatekok","7":"product_cat-strategiai-jatek","8":"product_cat-valos-ideju-rts","9":"pa_allapot-hasznalt","10":"pa_kivitel-dvd-tokos","11":"pa_nyelv-angol","12":"pa_platform-pc-windows-vista","13":"pa_platform-pc_windows","15":"first","16":"instock","17":"shipping-taxable","18":"purchasable","19":"product-type-simple"},"_links":{"self":[{"href":"https:\/\/www.retro-games.hu\/index.php\/wp-json\/wp\/v2\/product\/65353","targetHints":{"allow":["GET"]}}],"collection":[{"href":"https:\/\/www.retro-games.hu\/index.php\/wp-json\/wp\/v2\/product"}],"about":[{"href":"https:\/\/www.retro-games.hu\/index.php\/wp-json\/wp\/v2\/types\/product"}],"replies":[{"embeddable":true,"href":"https:\/\/www.retro-games.hu\/index.php\/wp-json\/wp\/v2\/comments?post=65353"}],"wp:featuredmedia":[{"embeddable":true,"href":"https:\/\/www.retro-games.hu\/index.php\/wp-json\/wp\/v2\/media\/65352"}],"wp:attachment":[{"href":"https:\/\/www.retro-games.hu\/index.php\/wp-json\/wp\/v2\/media?parent=65353"}],"wp:term":[{"taxonomy":"product_brand","embeddable":true,"href":"https:\/\/www.retro-games.hu\/index.php\/wp-json\/wp\/v2\/product_brand?post=65353"},{"taxonomy":"product_cat","embeddable":true,"href":"https:\/\/www.retro-games.hu\/index.php\/wp-json\/wp\/v2\/product_cat?post=65353"},{"taxonomy":"product_tag","embeddable":true,"href":"https:\/\/www.retro-games.hu\/index.php\/wp-json\/wp\/v2\/product_tag?post=65353"}],"curies":[{"name":"wp","href":"https:\/\/api.w.org\/{rel}","templated":true}]}}