{"id":65433,"date":"2025-11-03T17:31:44","date_gmt":"2025-11-03T17:31:44","guid":{"rendered":"https:\/\/www.retro-games.hu\/index.php\/termek\/space-rangers-2-reboot\/"},"modified":"2025-11-03T17:31:50","modified_gmt":"2025-11-03T17:31:50","slug":"space-rangers-2-reboot","status":"publish","type":"product","link":"https:\/\/www.retro-games.hu\/index.php\/termek\/space-rangers-2-reboot\/","title":{"rendered":"Space Rangers 2: Reboot"},"content":{"rendered":"<p>\u0170rbeli keresked\u0151s j\u00e1t\u00e9k, a Space Rangers 2: Dominators b\u0151v\u00edtett verzi\u00f3ja. Kiad\u00e1s \u00e9ve: 2008. Platform: Windows 98\/ME\/2000\/XP. Kivitel: dvd tokos, Cool Games Premiere kiad\u00e1s, magyar\/angol feliratos bor\u00edt\u00f3, eredeti dvd, angol nyelv\u0171 j\u00e1t\u00e9k. DVD \u00e1llapota: karcmentes, \u00fajnak t\u0171nik<\/p>\n","protected":false},"excerpt":{"rendered":"<p>\u0170rbeli keresked\u0151s j\u00e1t\u00e9k, a Space Rangers 2: Dominators b\u0151v\u00edtett verzi\u00f3ja. Kiad\u00e1s \u00e9ve: 2008. Platform: Windows 98\/ME\/2000\/XP. Kivitel: dvd tokos, Cool Games Premiere kiad\u00e1s, magyar\/angol feliratos bor\u00edt\u00f3, eredeti dvd, angol nyelv\u0171 j\u00e1t\u00e9k. DVD \u00e1llapota: karcmentes, \u00fajnak t\u0171nik<\/p>\n","protected":false},"featured_media":65432,"comment_status":"open","ping_status":"closed","template":"","meta":{"_et_pb_use_builder":"","_et_pb_old_content":"","_et_gb_content_width":""},"product_brand":[],"product_cat":[155,8,148],"product_tag":[],"class_list":{"0":"post-65433","1":"product","2":"type-product","3":"status-publish","4":"has-post-thumbnail","6":"product_cat-jatekok","7":"product_cat-szimulator","8":"product_cat-urbeli-kereskedos","9":"pa_allapot-hasznalt","10":"pa_kivitel-dvd-tokos","11":"pa_nyelv-angol","12":"pa_platform-pc-windows-2000","13":"pa_platform-pc-windows-98","14":"pa_platform-pc-windows-me","15":"pa_platform-pc_windows","17":"first","18":"instock","19":"shipping-taxable","20":"purchasable","21":"product-type-simple"},"_links":{"self":[{"href":"https:\/\/www.retro-games.hu\/index.php\/wp-json\/wp\/v2\/product\/65433","targetHints":{"allow":["GET"]}}],"collection":[{"href":"https:\/\/www.retro-games.hu\/index.php\/wp-json\/wp\/v2\/product"}],"about":[{"href":"https:\/\/www.retro-games.hu\/index.php\/wp-json\/wp\/v2\/types\/product"}],"replies":[{"embeddable":true,"href":"https:\/\/www.retro-games.hu\/index.php\/wp-json\/wp\/v2\/comments?post=65433"}],"wp:featuredmedia":[{"embeddable":true,"href":"https:\/\/www.retro-games.hu\/index.php\/wp-json\/wp\/v2\/media\/65432"}],"wp:attachment":[{"href":"https:\/\/www.retro-games.hu\/index.php\/wp-json\/wp\/v2\/media?parent=65433"}],"wp:term":[{"taxonomy":"product_brand","embeddable":true,"href":"https:\/\/www.retro-games.hu\/index.php\/wp-json\/wp\/v2\/product_brand?post=65433"},{"taxonomy":"product_cat","embeddable":true,"href":"https:\/\/www.retro-games.hu\/index.php\/wp-json\/wp\/v2\/product_cat?post=65433"},{"taxonomy":"product_tag","embeddable":true,"href":"https:\/\/www.retro-games.hu\/index.php\/wp-json\/wp\/v2\/product_tag?post=65433"}],"curies":[{"name":"wp","href":"https:\/\/api.w.org\/{rel}","templated":true}]}}