{"id":65477,"date":"2025-11-03T17:33:41","date_gmt":"2025-11-03T17:33:41","guid":{"rendered":"https:\/\/www.retro-games.hu\/index.php\/termek\/spellforce-2-heroes-edition-shadow-wars-alapjatek-dragon-storm-kiegeszito-2\/"},"modified":"2025-11-03T17:33:49","modified_gmt":"2025-11-03T17:33:49","slug":"spellforce-2-heroes-edition-shadow-wars-alapjatek-dragon-storm-kiegeszito-2","status":"publish","type":"product","link":"https:\/\/www.retro-games.hu\/index.php\/termek\/spellforce-2-heroes-edition-shadow-wars-alapjatek-dragon-storm-kiegeszito-2\/","title":{"rendered":"Spellforce 2: Heroes Edition (Shadow Wars alapj\u00e1t\u00e9k + Dragon Storm kieg\u00e9sz\u00edt\u0151)"},"content":{"rendered":"<p>Val\u00f3s idej\u0171 strat\u00e9giai j\u00e1t\u00e9k, szerepj\u00e1t\u00e9k elemekkel. Kiad\u00e1s \u00e9ve: 2007. Platform: Windows 2000\/XP\/Vista. Kivitel: dvd tokos, els\u0151 kiad\u00e1s, magyar\/angol\/cseh\/szlov\u00e1k feliratos bor\u00edt\u00f3, r\u00f6vid magyar nyelv\u0171 t\u00e1j\u00e9koztat\u00f3, eredeti dvd, angol\/francia\/n\u00e9met\/olasz nyelv\u0171 j\u00e1t\u00e9k. DVD \u00e1llapota: karcmentes, \u00fajnak t\u0171nik<\/p>\n","protected":false},"excerpt":{"rendered":"<p>Val\u00f3s idej\u0171 strat\u00e9giai j\u00e1t\u00e9k, szerepj\u00e1t\u00e9k elemekkel. Kiad\u00e1s \u00e9ve: 2007. Platform: Windows 2000\/XP\/Vista. Kivitel: dvd tokos, els\u0151 kiad\u00e1s, magyar\/angol\/cseh\/szlov\u00e1k feliratos bor\u00edt\u00f3, r\u00f6vid magyar nyelv\u0171 t\u00e1j\u00e9koztat\u00f3, eredeti dvd, angol\/francia\/n\u00e9met\/olasz nyelv\u0171 j\u00e1t\u00e9k. DVD \u00e1llapota: karcmentes, \u00fajnak t\u0171nik<\/p>\n","protected":false},"featured_media":65476,"comment_status":"open","ping_status":"closed","template":"","meta":{"_et_pb_use_builder":"","_et_pb_old_content":"","_et_gb_content_width":""},"product_brand":[],"product_cat":[155,43,142],"product_tag":[],"class_list":{"0":"post-65477","1":"product","2":"type-product","3":"status-publish","4":"has-post-thumbnail","6":"product_cat-jatekok","7":"product_cat-strategiai-jatek","8":"product_cat-valos-ideju-szerepjatek-elemekkel","9":"pa_allapot-hasznalt","10":"pa_kivitel-dvd-tokos","11":"pa_nyelv-angol","12":"pa_nyelv-francia","13":"pa_nyelv-nemet","14":"pa_nyelv-olasz","15":"pa_platform-pc-windows-2000","16":"pa_platform-pc-windows-vista","17":"pa_platform-pc_windows","19":"first","20":"instock","21":"shipping-taxable","22":"purchasable","23":"product-type-simple"},"_links":{"self":[{"href":"https:\/\/www.retro-games.hu\/index.php\/wp-json\/wp\/v2\/product\/65477","targetHints":{"allow":["GET"]}}],"collection":[{"href":"https:\/\/www.retro-games.hu\/index.php\/wp-json\/wp\/v2\/product"}],"about":[{"href":"https:\/\/www.retro-games.hu\/index.php\/wp-json\/wp\/v2\/types\/product"}],"replies":[{"embeddable":true,"href":"https:\/\/www.retro-games.hu\/index.php\/wp-json\/wp\/v2\/comments?post=65477"}],"wp:featuredmedia":[{"embeddable":true,"href":"https:\/\/www.retro-games.hu\/index.php\/wp-json\/wp\/v2\/media\/65476"}],"wp:attachment":[{"href":"https:\/\/www.retro-games.hu\/index.php\/wp-json\/wp\/v2\/media?parent=65477"}],"wp:term":[{"taxonomy":"product_brand","embeddable":true,"href":"https:\/\/www.retro-games.hu\/index.php\/wp-json\/wp\/v2\/product_brand?post=65477"},{"taxonomy":"product_cat","embeddable":true,"href":"https:\/\/www.retro-games.hu\/index.php\/wp-json\/wp\/v2\/product_cat?post=65477"},{"taxonomy":"product_tag","embeddable":true,"href":"https:\/\/www.retro-games.hu\/index.php\/wp-json\/wp\/v2\/product_tag?post=65477"}],"curies":[{"name":"wp","href":"https:\/\/api.w.org\/{rel}","templated":true}]}}