{"id":65505,"date":"2025-11-03T17:34:59","date_gmt":"2025-11-03T17:34:59","guid":{"rendered":"https:\/\/www.retro-games.hu\/index.php\/termek\/spongyabob-kockanadrag-teremtmeny-a-rozsdas-rakollobol-spongebob-squarepants-creature-from-the-krusty-krab\/"},"modified":"2025-11-03T17:35:06","modified_gmt":"2025-11-03T17:35:06","slug":"spongyabob-kockanadrag-teremtmeny-a-rozsdas-rakollobol-spongebob-squarepants-creature-from-the-krusty-krab","status":"publish","type":"product","link":"https:\/\/www.retro-games.hu\/index.php\/termek\/spongyabob-kockanadrag-teremtmeny-a-rozsdas-rakollobol-spongebob-squarepants-creature-from-the-krusty-krab\/","title":{"rendered":"Spongyabob Kockanadr\u00e1g: Teremtm\u00e9ny a rozsd\u00e1s r\u00e1koll\u00f3b\u00f3l (SpongeBob Squarepants: Creature from the Krusty Krab)"},"content":{"rendered":"<p>Disney akci\u00f3j\u00e1t\u00e9k. Kiad\u00e1s \u00e9ve: 2006. Platform: Windows 98\/ME\/2000\/XP. Kivitel: dvd tokos, els\u0151 kiad\u00e1s, magyar feliratos bor\u00edt\u00f3, eredeti 2 CD, angol nyelv\u0171 j\u00e1t\u00e9k. CD-k \u00e1llapota: karcmentes, \u00fajnak t\u0171nik<\/p>\n","protected":false},"excerpt":{"rendered":"<p>Disney akci\u00f3j\u00e1t\u00e9k. Kiad\u00e1s \u00e9ve: 2006. Platform: Windows 98\/ME\/2000\/XP. Kivitel: dvd tokos, els\u0151 kiad\u00e1s, magyar feliratos bor\u00edt\u00f3, eredeti 2 CD, angol nyelv\u0171 j\u00e1t\u00e9k. CD-k \u00e1llapota: karcmentes, \u00fajnak t\u0171nik<\/p>\n","protected":false},"featured_media":65504,"comment_status":"open","ping_status":"closed","template":"","meta":{"_et_pb_use_builder":"","_et_pb_old_content":"","_et_gb_content_width":""},"product_brand":[],"product_cat":[21,61,155],"product_tag":[],"class_list":{"0":"post-65505","1":"product","2":"type-product","3":"status-publish","4":"has-post-thumbnail","6":"product_cat-akcio","7":"product_cat-egyeb-akciojatek","8":"product_cat-jatekok","9":"pa_allapot-hasznalt","10":"pa_kivitel-dvd-tokos","11":"pa_nyelv-angol","12":"pa_nyelv-magyar-feliratos","13":"pa_platform-pc-windows-2000","14":"pa_platform-pc-windows-98","15":"pa_platform-pc-windows-me","16":"pa_platform-pc_windows","18":"first","19":"instock","20":"shipping-taxable","21":"purchasable","22":"product-type-simple"},"_links":{"self":[{"href":"https:\/\/www.retro-games.hu\/index.php\/wp-json\/wp\/v2\/product\/65505","targetHints":{"allow":["GET"]}}],"collection":[{"href":"https:\/\/www.retro-games.hu\/index.php\/wp-json\/wp\/v2\/product"}],"about":[{"href":"https:\/\/www.retro-games.hu\/index.php\/wp-json\/wp\/v2\/types\/product"}],"replies":[{"embeddable":true,"href":"https:\/\/www.retro-games.hu\/index.php\/wp-json\/wp\/v2\/comments?post=65505"}],"wp:featuredmedia":[{"embeddable":true,"href":"https:\/\/www.retro-games.hu\/index.php\/wp-json\/wp\/v2\/media\/65504"}],"wp:attachment":[{"href":"https:\/\/www.retro-games.hu\/index.php\/wp-json\/wp\/v2\/media?parent=65505"}],"wp:term":[{"taxonomy":"product_brand","embeddable":true,"href":"https:\/\/www.retro-games.hu\/index.php\/wp-json\/wp\/v2\/product_brand?post=65505"},{"taxonomy":"product_cat","embeddable":true,"href":"https:\/\/www.retro-games.hu\/index.php\/wp-json\/wp\/v2\/product_cat?post=65505"},{"taxonomy":"product_tag","embeddable":true,"href":"https:\/\/www.retro-games.hu\/index.php\/wp-json\/wp\/v2\/product_tag?post=65505"}],"curies":[{"name":"wp","href":"https:\/\/api.w.org\/{rel}","templated":true}]}}