{"id":65561,"date":"2025-11-03T17:37:37","date_gmt":"2025-11-03T17:37:37","guid":{"rendered":"https:\/\/www.retro-games.hu\/index.php\/termek\/star-wars-empire-at-war-gold-pack-forces-of-corruption-kiegeszito-is\/"},"modified":"2025-11-03T17:37:45","modified_gmt":"2025-11-03T17:37:45","slug":"star-wars-empire-at-war-gold-pack-forces-of-corruption-kiegeszito-is","status":"publish","type":"product","link":"https:\/\/www.retro-games.hu\/index.php\/termek\/star-wars-empire-at-war-gold-pack-forces-of-corruption-kiegeszito-is\/","title":{"rendered":"Star Wars: Empire At War Gold Pack (Forces of Corruption kieg\u00e9sz\u00edt\u0151 is)"},"content":{"rendered":"<p>Val\u00f3sidej\u0171 strat\u00e9giai j\u00e1t\u00e9k. Kiad\u00e1s \u00e9ve: 2006. Platform: Windows XP\/2000\/Vista. Kivitel: dvd tokos, ut\u00e1nkiad\u00e1s, angol feliratos bor\u00edt\u00f3, eredeti DVD, angol nyelv\u0171 j\u00e1t\u00e9k + kieg\u00e9sz\u00edt\u0151je. DVD \u00e1llapota:  karcmentes, \u00fajnak t\u0171nik<\/p>\n","protected":false},"excerpt":{"rendered":"<p>Val\u00f3sidej\u0171 strat\u00e9giai j\u00e1t\u00e9k. Kiad\u00e1s \u00e9ve: 2006. Platform: Windows XP\/2000\/Vista. Kivitel: dvd tokos, ut\u00e1nkiad\u00e1s, angol feliratos bor\u00edt\u00f3, eredeti DVD, angol nyelv\u0171 j\u00e1t\u00e9k + kieg\u00e9sz\u00edt\u0151je. DVD \u00e1llapota: karcmentes, \u00fajnak t\u0171nik<\/p>\n","protected":false},"featured_media":65560,"comment_status":"open","ping_status":"closed","template":"","meta":{"_et_pb_use_builder":"","_et_pb_old_content":"","_et_gb_content_width":""},"product_brand":[],"product_cat":[155,43,47],"product_tag":[],"class_list":{"0":"post-65561","1":"product","2":"type-product","3":"status-publish","4":"has-post-thumbnail","6":"product_cat-jatekok","7":"product_cat-strategiai-jatek","8":"product_cat-valos-ideju-rts","9":"pa_allapot-hasznalt","10":"pa_kivitel-dvd-tokos","11":"pa_nyelv-angol","12":"pa_platform-pc-windows-2000","13":"pa_platform-pc-windows-vista","14":"pa_platform-pc_windows","16":"first","17":"instock","18":"shipping-taxable","19":"purchasable","20":"product-type-simple"},"_links":{"self":[{"href":"https:\/\/www.retro-games.hu\/index.php\/wp-json\/wp\/v2\/product\/65561","targetHints":{"allow":["GET"]}}],"collection":[{"href":"https:\/\/www.retro-games.hu\/index.php\/wp-json\/wp\/v2\/product"}],"about":[{"href":"https:\/\/www.retro-games.hu\/index.php\/wp-json\/wp\/v2\/types\/product"}],"replies":[{"embeddable":true,"href":"https:\/\/www.retro-games.hu\/index.php\/wp-json\/wp\/v2\/comments?post=65561"}],"wp:featuredmedia":[{"embeddable":true,"href":"https:\/\/www.retro-games.hu\/index.php\/wp-json\/wp\/v2\/media\/65560"}],"wp:attachment":[{"href":"https:\/\/www.retro-games.hu\/index.php\/wp-json\/wp\/v2\/media?parent=65561"}],"wp:term":[{"taxonomy":"product_brand","embeddable":true,"href":"https:\/\/www.retro-games.hu\/index.php\/wp-json\/wp\/v2\/product_brand?post=65561"},{"taxonomy":"product_cat","embeddable":true,"href":"https:\/\/www.retro-games.hu\/index.php\/wp-json\/wp\/v2\/product_cat?post=65561"},{"taxonomy":"product_tag","embeddable":true,"href":"https:\/\/www.retro-games.hu\/index.php\/wp-json\/wp\/v2\/product_tag?post=65561"}],"curies":[{"name":"wp","href":"https:\/\/api.w.org\/{rel}","templated":true}]}}