{"id":65637,"date":"2025-11-03T17:41:09","date_gmt":"2025-11-03T17:41:09","guid":{"rendered":"https:\/\/www.retro-games.hu\/index.php\/termek\/stronghold-2-deluxe\/"},"modified":"2026-01-23T12:23:04","modified_gmt":"2026-01-23T12:23:04","slug":"stronghold-2-deluxe","status":"publish","type":"product","link":"https:\/\/www.retro-games.hu\/index.php\/termek\/stronghold-2-deluxe\/","title":{"rendered":"Stronghold 2 Deluxe"},"content":{"rendered":"<p>V\u00e1ros\u00e9p\u00edt\u0151\/val\u00f3s idej\u0171 strat\u00e9giai j\u00e1t\u00e9k. Kiad\u00e1s \u00e9ve: 2005. Platform: Windows 98SE\/ME\/XP\/Vista. Kivitel: dvd tokos, Gamemania kiad\u00e1s, magyar feliratos bor\u00edt\u00f3, magyar nyelv\u0171 r\u00f6vid pap\u00edrk\u00e9zik\u00f6nyv, eredeti dvd, angol, francia, n\u00e9met, spanyol, olasz nyelv\u0171 j\u00e1t\u00e9k. DVD \u00e1llapota: szinte karcmentes, tesztelt, m\u0171k\u00f6dik<\/p>\n","protected":false},"excerpt":{"rendered":"<p>V\u00e1ros\u00e9p\u00edt\u0151\/val\u00f3s idej\u0171 strat\u00e9giai j\u00e1t\u00e9k. Kiad\u00e1s \u00e9ve: 2005. Platform: Windows 98SE\/ME\/XP\/Vista. Kivitel: dvd tokos, Gamemania kiad\u00e1s, magyar feliratos bor\u00edt\u00f3, magyar nyelv\u0171 r\u00f6vid pap\u00edrk\u00e9zik\u00f6nyv, eredeti dvd, angol, francia, n\u00e9met, spanyol, olasz nyelv\u0171 j\u00e1t\u00e9k. DVD \u00e1llapota: szinte karcmentes, tesztelt, m\u0171k\u00f6dik<\/p>\n","protected":false},"featured_media":65636,"comment_status":"open","ping_status":"closed","template":"","meta":{"_et_pb_use_builder":"","_et_pb_old_content":"","_et_gb_content_width":""},"product_brand":[],"product_cat":[155,43,47,117],"product_tag":[],"class_list":{"0":"post-65637","1":"product","2":"type-product","3":"status-publish","4":"has-post-thumbnail","6":"product_cat-jatekok","7":"product_cat-strategiai-jatek","8":"product_cat-valos-ideju-rts","9":"product_cat-varosepito","10":"pa_allapot-hasznalt","11":"pa_kivitel-dvd-tokos","12":"pa_nyelv-angol","13":"pa_nyelv-francia","14":"pa_nyelv-nemet","15":"pa_nyelv-olasz","16":"pa_nyelv-spanyol","17":"pa_platform-pc-windows-98se-2","18":"pa_platform-pc-windows-me","19":"pa_platform-pc-windows-vista","20":"pa_platform-pc_windows","22":"first","23":"instock","24":"shipping-taxable","25":"purchasable","26":"product-type-simple"},"_links":{"self":[{"href":"https:\/\/www.retro-games.hu\/index.php\/wp-json\/wp\/v2\/product\/65637","targetHints":{"allow":["GET"]}}],"collection":[{"href":"https:\/\/www.retro-games.hu\/index.php\/wp-json\/wp\/v2\/product"}],"about":[{"href":"https:\/\/www.retro-games.hu\/index.php\/wp-json\/wp\/v2\/types\/product"}],"replies":[{"embeddable":true,"href":"https:\/\/www.retro-games.hu\/index.php\/wp-json\/wp\/v2\/comments?post=65637"}],"wp:featuredmedia":[{"embeddable":true,"href":"https:\/\/www.retro-games.hu\/index.php\/wp-json\/wp\/v2\/media\/65636"}],"wp:attachment":[{"href":"https:\/\/www.retro-games.hu\/index.php\/wp-json\/wp\/v2\/media?parent=65637"}],"wp:term":[{"taxonomy":"product_brand","embeddable":true,"href":"https:\/\/www.retro-games.hu\/index.php\/wp-json\/wp\/v2\/product_brand?post=65637"},{"taxonomy":"product_cat","embeddable":true,"href":"https:\/\/www.retro-games.hu\/index.php\/wp-json\/wp\/v2\/product_cat?post=65637"},{"taxonomy":"product_tag","embeddable":true,"href":"https:\/\/www.retro-games.hu\/index.php\/wp-json\/wp\/v2\/product_tag?post=65637"}],"curies":[{"name":"wp","href":"https:\/\/api.w.org\/{rel}","templated":true}]}}