{"id":65645,"date":"2025-11-03T17:41:31","date_gmt":"2025-11-03T17:41:31","guid":{"rendered":"https:\/\/www.retro-games.hu\/index.php\/termek\/sudden-strike-forever-kiegeszito\/"},"modified":"2025-11-03T17:41:38","modified_gmt":"2025-11-03T17:41:38","slug":"sudden-strike-forever-kiegeszito","status":"publish","type":"product","link":"https:\/\/www.retro-games.hu\/index.php\/termek\/sudden-strike-forever-kiegeszito\/","title":{"rendered":"Sudden Strike: Forever kieg\u00e9sz\u00edt\u0151"},"content":{"rendered":"<p>Val\u00f3sidej\u0171 taktikai-strat\u00e9giai j\u00e1t\u00e9k. Kiad\u00e1s \u00e9ve: 2001. Platform: Windows 95\/98\/2000\/NT. Kivitel: dvd tokos, els\u0151 kiad\u00e1s, angol feliratos bor\u00edt\u00f3, eredeti cd, angol nyelv\u0171 kieg\u00e9sz\u00edt\u0151 lemez, az alapj\u00e1t\u00e9k sz\u00fcks\u00e9ges hozz\u00e1! CD \u00e1llapota: enyh\u00e9n karcos (hajsz\u00e1lkarcok), tesztelt, m\u0171k\u00f6dik. Megjegyz\u00e9s: sz\u00fcks\u00e9ges hozz\u00e1 a Sudden Strike alapj\u00e1t\u00e9k.<\/p>\n","protected":false},"excerpt":{"rendered":"<p>Val\u00f3sidej\u0171 taktikai-strat\u00e9giai j\u00e1t\u00e9k. Kiad\u00e1s \u00e9ve: 2001. Platform: Windows 95\/98\/2000\/NT. Kivitel: dvd tokos, els\u0151 kiad\u00e1s, angol feliratos bor\u00edt\u00f3, eredeti cd, angol nyelv\u0171 kieg\u00e9sz\u00edt\u0151 lemez, az alapj\u00e1t\u00e9k sz\u00fcks\u00e9ges hozz\u00e1! CD \u00e1llapota: enyh\u00e9n karcos (hajsz\u00e1lkarcok), tesztelt, m\u0171k\u00f6dik. Megjegyz\u00e9s: sz\u00fcks\u00e9ges hozz\u00e1 a Sudden Strike alapj\u00e1t\u00e9k.<\/p>\n","protected":false},"featured_media":65644,"comment_status":"open","ping_status":"closed","template":"","meta":{"_et_pb_use_builder":"","_et_pb_old_content":"","_et_gb_content_width":""},"product_brand":[],"product_cat":[155,43,130],"product_tag":[],"class_list":{"0":"post-65645","1":"product","2":"type-product","3":"status-publish","4":"has-post-thumbnail","6":"product_cat-jatekok","7":"product_cat-strategiai-jatek","8":"product_cat-valos-ideju-taktikai-rtt","9":"pa_allapot-hasznalt","10":"pa_kivitel-dvd-tokos","11":"pa_nyelv-angol","12":"pa_platform-pc-windows-2000","13":"pa_platform-pc-windows-95","14":"pa_platform-pc-windows-98","15":"pa_platform-pc-windows-nt","17":"first","18":"instock","19":"shipping-taxable","20":"purchasable","21":"product-type-simple"},"_links":{"self":[{"href":"https:\/\/www.retro-games.hu\/index.php\/wp-json\/wp\/v2\/product\/65645","targetHints":{"allow":["GET"]}}],"collection":[{"href":"https:\/\/www.retro-games.hu\/index.php\/wp-json\/wp\/v2\/product"}],"about":[{"href":"https:\/\/www.retro-games.hu\/index.php\/wp-json\/wp\/v2\/types\/product"}],"replies":[{"embeddable":true,"href":"https:\/\/www.retro-games.hu\/index.php\/wp-json\/wp\/v2\/comments?post=65645"}],"wp:featuredmedia":[{"embeddable":true,"href":"https:\/\/www.retro-games.hu\/index.php\/wp-json\/wp\/v2\/media\/65644"}],"wp:attachment":[{"href":"https:\/\/www.retro-games.hu\/index.php\/wp-json\/wp\/v2\/media?parent=65645"}],"wp:term":[{"taxonomy":"product_brand","embeddable":true,"href":"https:\/\/www.retro-games.hu\/index.php\/wp-json\/wp\/v2\/product_brand?post=65645"},{"taxonomy":"product_cat","embeddable":true,"href":"https:\/\/www.retro-games.hu\/index.php\/wp-json\/wp\/v2\/product_cat?post=65645"},{"taxonomy":"product_tag","embeddable":true,"href":"https:\/\/www.retro-games.hu\/index.php\/wp-json\/wp\/v2\/product_tag?post=65645"}],"curies":[{"name":"wp","href":"https:\/\/api.w.org\/{rel}","templated":true}]}}