{"id":65657,"date":"2025-11-03T17:42:04","date_gmt":"2025-11-03T17:42:04","guid":{"rendered":"https:\/\/www.retro-games.hu\/index.php\/termek\/superbike-2001\/"},"modified":"2025-11-03T17:42:11","modified_gmt":"2025-11-03T17:42:11","slug":"superbike-2001","status":"publish","type":"product","link":"https:\/\/www.retro-games.hu\/index.php\/termek\/superbike-2001\/","title":{"rendered":"Superbike 2001"},"content":{"rendered":"<p>Motorversenyz\u0151s j\u00e1t\u00e9k. Kiad\u00e1s \u00e9ve: 2000. Platform: Windows 95\/98. Kivitel: dvd tokos, EA Classics kiad\u00e1s, magyar feliratos bor\u00edt\u00f3, eredeti cd + k\u00e9zik\u00f6nyv cd, angol \u00e9s francia, n\u00e9met, olasz, spanyol nyelv\u0171 j\u00e1t\u00e9k. CD-k \u00e1llapota: szinte karcmentes, tesztelt, m\u0171k\u00f6dik<\/p>\n","protected":false},"excerpt":{"rendered":"<p>Motorversenyz\u0151s j\u00e1t\u00e9k. Kiad\u00e1s \u00e9ve: 2000. Platform: Windows 95\/98. Kivitel: dvd tokos, EA Classics kiad\u00e1s, magyar feliratos bor\u00edt\u00f3, eredeti cd + k\u00e9zik\u00f6nyv cd, angol \u00e9s francia, n\u00e9met, olasz, spanyol nyelv\u0171 j\u00e1t\u00e9k. CD-k \u00e1llapota: szinte karcmentes, tesztelt, m\u0171k\u00f6dik<\/p>\n","protected":false},"featured_media":65656,"comment_status":"open","ping_status":"closed","template":"","meta":{"_et_pb_use_builder":"","_et_pb_old_content":"","_et_gb_content_width":""},"product_brand":[],"product_cat":[133,155,8],"product_tag":[],"class_list":{"0":"post-65657","1":"product","2":"type-product","3":"status-publish","4":"has-post-thumbnail","6":"product_cat-motorversenyzos","7":"product_cat-jatekok","8":"product_cat-szimulator","9":"pa_allapot-hasznalt","10":"pa_kivitel-dvd-tokos","11":"pa_nyelv-angol","12":"pa_nyelv-francia","13":"pa_nyelv-nemet","14":"pa_nyelv-olasz","15":"pa_nyelv-spanyol","16":"pa_platform-pc-windows-95","17":"pa_platform-pc-windows-98","19":"first","20":"instock","21":"shipping-taxable","22":"purchasable","23":"product-type-simple"},"_links":{"self":[{"href":"https:\/\/www.retro-games.hu\/index.php\/wp-json\/wp\/v2\/product\/65657","targetHints":{"allow":["GET"]}}],"collection":[{"href":"https:\/\/www.retro-games.hu\/index.php\/wp-json\/wp\/v2\/product"}],"about":[{"href":"https:\/\/www.retro-games.hu\/index.php\/wp-json\/wp\/v2\/types\/product"}],"replies":[{"embeddable":true,"href":"https:\/\/www.retro-games.hu\/index.php\/wp-json\/wp\/v2\/comments?post=65657"}],"wp:featuredmedia":[{"embeddable":true,"href":"https:\/\/www.retro-games.hu\/index.php\/wp-json\/wp\/v2\/media\/65656"}],"wp:attachment":[{"href":"https:\/\/www.retro-games.hu\/index.php\/wp-json\/wp\/v2\/media?parent=65657"}],"wp:term":[{"taxonomy":"product_brand","embeddable":true,"href":"https:\/\/www.retro-games.hu\/index.php\/wp-json\/wp\/v2\/product_brand?post=65657"},{"taxonomy":"product_cat","embeddable":true,"href":"https:\/\/www.retro-games.hu\/index.php\/wp-json\/wp\/v2\/product_cat?post=65657"},{"taxonomy":"product_tag","embeddable":true,"href":"https:\/\/www.retro-games.hu\/index.php\/wp-json\/wp\/v2\/product_tag?post=65657"}],"curies":[{"name":"wp","href":"https:\/\/api.w.org\/{rel}","templated":true}]}}