{"id":65673,"date":"2025-11-03T17:42:50","date_gmt":"2025-11-03T17:42:50","guid":{"rendered":"https:\/\/www.retro-games.hu\/index.php\/termek\/syberia-ii-2-magyar\/"},"modified":"2025-11-03T17:42:57","modified_gmt":"2025-11-03T17:42:57","slug":"syberia-ii-2-magyar","status":"publish","type":"product","link":"https:\/\/www.retro-games.hu\/index.php\/termek\/syberia-ii-2-magyar\/","title":{"rendered":"Syberia II 2 (magyar)"},"content":{"rendered":"<p>Klasszikus point \u2018n click kalandj\u00e1t\u00e9k. Kiad\u00e1s \u00e9ve: 2004. Platform: Windows 98\/ME\/2000\/XP. Kivitel: dvd tokos, Gamestar kiad\u00e1s, magyar feliratos bor\u00edt\u00f3, magyar haszn\u00e1lati \u00fatmutat\u00f3, eredeti dvd, angol nyelv\u0171 j\u00e1t\u00e9k + telep\u00edthet\u0151 magyar felirat a lemezen. DVD \u00e1llapota: szinte karcmentes, tesztelt, m\u0171k\u00f6dik<\/p>\n","protected":false},"excerpt":{"rendered":"<p>Klasszikus point \u2018n click kalandj\u00e1t\u00e9k. Kiad\u00e1s \u00e9ve: 2004. Platform: Windows 98\/ME\/2000\/XP. Kivitel: dvd tokos, Gamestar kiad\u00e1s, magyar feliratos bor\u00edt\u00f3, magyar haszn\u00e1lati \u00fatmutat\u00f3, eredeti dvd, angol nyelv\u0171 j\u00e1t\u00e9k + telep\u00edthet\u0151 magyar felirat a lemezen. DVD \u00e1llapota: szinte karcmentes, tesztelt, m\u0171k\u00f6dik<\/p>\n","protected":false},"featured_media":65672,"comment_status":"open","ping_status":"closed","template":"","meta":{"_et_pb_use_builder":"","_et_pb_old_content":"","_et_gb_content_width":""},"product_brand":[],"product_cat":[25,120,155],"product_tag":[],"class_list":{"0":"post-65673","1":"product","2":"type-product","3":"status-publish","4":"has-post-thumbnail","6":"product_cat-kaland","7":"product_cat-klasszikus-point-n-click","8":"product_cat-jatekok","9":"pa_allapot-hasznalt","10":"pa_kivitel-dvd-tokos","11":"pa_nyelv-angol","12":"pa_nyelv-magyar-feliratos","13":"pa_platform-pc-windows-2000","14":"pa_platform-pc-windows-98","15":"pa_platform-pc-windows-me","16":"pa_platform-pc_windows","18":"first","19":"instock","20":"shipping-taxable","21":"purchasable","22":"product-type-simple"},"_links":{"self":[{"href":"https:\/\/www.retro-games.hu\/index.php\/wp-json\/wp\/v2\/product\/65673","targetHints":{"allow":["GET"]}}],"collection":[{"href":"https:\/\/www.retro-games.hu\/index.php\/wp-json\/wp\/v2\/product"}],"about":[{"href":"https:\/\/www.retro-games.hu\/index.php\/wp-json\/wp\/v2\/types\/product"}],"replies":[{"embeddable":true,"href":"https:\/\/www.retro-games.hu\/index.php\/wp-json\/wp\/v2\/comments?post=65673"}],"wp:featuredmedia":[{"embeddable":true,"href":"https:\/\/www.retro-games.hu\/index.php\/wp-json\/wp\/v2\/media\/65672"}],"wp:attachment":[{"href":"https:\/\/www.retro-games.hu\/index.php\/wp-json\/wp\/v2\/media?parent=65673"}],"wp:term":[{"taxonomy":"product_brand","embeddable":true,"href":"https:\/\/www.retro-games.hu\/index.php\/wp-json\/wp\/v2\/product_brand?post=65673"},{"taxonomy":"product_cat","embeddable":true,"href":"https:\/\/www.retro-games.hu\/index.php\/wp-json\/wp\/v2\/product_cat?post=65673"},{"taxonomy":"product_tag","embeddable":true,"href":"https:\/\/www.retro-games.hu\/index.php\/wp-json\/wp\/v2\/product_tag?post=65673"}],"curies":[{"name":"wp","href":"https:\/\/api.w.org\/{rel}","templated":true}]}}