{"id":65681,"date":"2025-11-03T17:43:13","date_gmt":"2025-11-03T17:43:13","guid":{"rendered":"https:\/\/www.retro-games.hu\/index.php\/termek\/swashbucklers-blue-vs-grey\/"},"modified":"2025-11-03T17:43:20","modified_gmt":"2025-11-03T17:43:20","slug":"swashbucklers-blue-vs-grey","status":"publish","type":"product","link":"https:\/\/www.retro-games.hu\/index.php\/termek\/swashbucklers-blue-vs-grey\/","title":{"rendered":"Swashbucklers: Blue vs. Grey"},"content":{"rendered":"<p>Akci\u00f3-szerepj\u00e1t\u00e9k (ARPG). Kiad\u00e1s \u00e9ve: 2007. Platform: Windows XP. Kivitel: dvd tokos, Cool Games Premiere kiad\u00e1s, magyar\/angol feliratos bor\u00edt\u00f3, eredeti dvd, angol nyelv\u0171 j\u00e1t\u00e9k. DVD \u00e1llapota: enyh\u00e9n karcos (hajsz\u00e1lkarcok), tesztelt, m\u0171k\u00f6dik<\/p>\n","protected":false},"excerpt":{"rendered":"<p>Akci\u00f3-szerepj\u00e1t\u00e9k (ARPG). Kiad\u00e1s \u00e9ve: 2007. Platform: Windows XP. Kivitel: dvd tokos, Cool Games Premiere kiad\u00e1s, magyar\/angol feliratos bor\u00edt\u00f3, eredeti dvd, angol nyelv\u0171 j\u00e1t\u00e9k. DVD \u00e1llapota: enyh\u00e9n karcos (hajsz\u00e1lkarcok), tesztelt, m\u0171k\u00f6dik<\/p>\n","protected":false},"featured_media":65680,"comment_status":"open","ping_status":"closed","template":"","meta":{"_et_pb_use_builder":"","_et_pb_old_content":"","_et_gb_content_width":""},"product_brand":[],"product_cat":[67,155,272],"product_tag":[],"class_list":{"0":"post-65681","1":"product","2":"type-product","3":"status-publish","4":"has-post-thumbnail","6":"product_cat-akcio-szerepjatek-arpg","7":"product_cat-jatekok","8":"product_cat-szerepjatek-rpg","9":"pa_allapot-hasznalt","10":"pa_kivitel-dvd-tokos","11":"pa_nyelv-angol","12":"pa_platform-pc_windows","14":"first","15":"instock","16":"shipping-taxable","17":"purchasable","18":"product-type-simple"},"_links":{"self":[{"href":"https:\/\/www.retro-games.hu\/index.php\/wp-json\/wp\/v2\/product\/65681","targetHints":{"allow":["GET"]}}],"collection":[{"href":"https:\/\/www.retro-games.hu\/index.php\/wp-json\/wp\/v2\/product"}],"about":[{"href":"https:\/\/www.retro-games.hu\/index.php\/wp-json\/wp\/v2\/types\/product"}],"replies":[{"embeddable":true,"href":"https:\/\/www.retro-games.hu\/index.php\/wp-json\/wp\/v2\/comments?post=65681"}],"wp:featuredmedia":[{"embeddable":true,"href":"https:\/\/www.retro-games.hu\/index.php\/wp-json\/wp\/v2\/media\/65680"}],"wp:attachment":[{"href":"https:\/\/www.retro-games.hu\/index.php\/wp-json\/wp\/v2\/media?parent=65681"}],"wp:term":[{"taxonomy":"product_brand","embeddable":true,"href":"https:\/\/www.retro-games.hu\/index.php\/wp-json\/wp\/v2\/product_brand?post=65681"},{"taxonomy":"product_cat","embeddable":true,"href":"https:\/\/www.retro-games.hu\/index.php\/wp-json\/wp\/v2\/product_cat?post=65681"},{"taxonomy":"product_tag","embeddable":true,"href":"https:\/\/www.retro-games.hu\/index.php\/wp-json\/wp\/v2\/product_tag?post=65681"}],"curies":[{"name":"wp","href":"https:\/\/api.w.org\/{rel}","templated":true}]}}