{"id":65689,"date":"2025-11-03T17:43:33","date_gmt":"2025-11-03T17:43:33","guid":{"rendered":"https:\/\/www.retro-games.hu\/index.php\/termek\/swat-4-the-stetchkov-syndicate\/"},"modified":"2025-11-03T17:43:40","modified_gmt":"2025-11-03T17:43:40","slug":"swat-4-the-stetchkov-syndicate","status":"publish","type":"product","link":"https:\/\/www.retro-games.hu\/index.php\/termek\/swat-4-the-stetchkov-syndicate\/","title":{"rendered":"SWAT 4: The Stetchkov Syndicate"},"content":{"rendered":"<p>Taktikai l\u00f6v\u00f6ld\u00f6z\u0151s j\u00e1t\u00e9k. Kiad\u00e1s \u00e9ve: 2006. Platform: Windows 98SE\/2000\/XP. Kivitel: dvd tokos, els\u0151 kiad\u00e1s, magyar feliratos bor\u00edt\u00f3, magyar nyelv\u0171 pap\u00edrk\u00e9zik\u00f6nyv, eredeti cd, magyar feliratos kieg\u00e9sz\u00edt\u0151 lemez, futtat\u00e1s\u00e1hoz sz\u00fcks\u00e9ges a SWAT 4 alapj\u00e1t\u00e9k! CD \u00e1llapota: enyh\u00e9n karcos (hajsz\u00e1lkarcok), tesztelt, m\u0171k\u00f6dik.<\/p>\n","protected":false},"excerpt":{"rendered":"<p>Taktikai l\u00f6v\u00f6ld\u00f6z\u0151s j\u00e1t\u00e9k. Kiad\u00e1s \u00e9ve: 2006. Platform: Windows 98SE\/2000\/XP. Kivitel: dvd tokos, els\u0151 kiad\u00e1s, magyar feliratos bor\u00edt\u00f3, magyar nyelv\u0171 pap\u00edrk\u00e9zik\u00f6nyv, eredeti cd, magyar feliratos kieg\u00e9sz\u00edt\u0151 lemez, futtat\u00e1s\u00e1hoz sz\u00fcks\u00e9ges a SWAT 4 alapj\u00e1t\u00e9k! CD \u00e1llapota: enyh\u00e9n karcos (hajsz\u00e1lkarcok), tesztelt, m\u0171k\u00f6dik.<\/p>\n","protected":false},"featured_media":65688,"comment_status":"open","ping_status":"closed","template":"","meta":{"_et_pb_use_builder":"","_et_pb_old_content":"","_et_gb_content_width":""},"product_brand":[],"product_cat":[21,155,96],"product_tag":[],"class_list":{"0":"post-65689","1":"product","2":"type-product","3":"status-publish","4":"has-post-thumbnail","6":"product_cat-akcio","7":"product_cat-jatekok","8":"product_cat-taktikai-lovoldozos","9":"pa_allapot-hasznalt","10":"pa_kivitel-dvd-tokos","11":"pa_nyelv-magyar-feliratos","12":"pa_platform-pc-windows-2000","13":"pa_platform-pc-windows-98se-2","14":"pa_platform-pc_windows","16":"first","17":"instock","18":"shipping-taxable","19":"purchasable","20":"product-type-simple"},"_links":{"self":[{"href":"https:\/\/www.retro-games.hu\/index.php\/wp-json\/wp\/v2\/product\/65689","targetHints":{"allow":["GET"]}}],"collection":[{"href":"https:\/\/www.retro-games.hu\/index.php\/wp-json\/wp\/v2\/product"}],"about":[{"href":"https:\/\/www.retro-games.hu\/index.php\/wp-json\/wp\/v2\/types\/product"}],"replies":[{"embeddable":true,"href":"https:\/\/www.retro-games.hu\/index.php\/wp-json\/wp\/v2\/comments?post=65689"}],"wp:featuredmedia":[{"embeddable":true,"href":"https:\/\/www.retro-games.hu\/index.php\/wp-json\/wp\/v2\/media\/65688"}],"wp:attachment":[{"href":"https:\/\/www.retro-games.hu\/index.php\/wp-json\/wp\/v2\/media?parent=65689"}],"wp:term":[{"taxonomy":"product_brand","embeddable":true,"href":"https:\/\/www.retro-games.hu\/index.php\/wp-json\/wp\/v2\/product_brand?post=65689"},{"taxonomy":"product_cat","embeddable":true,"href":"https:\/\/www.retro-games.hu\/index.php\/wp-json\/wp\/v2\/product_cat?post=65689"},{"taxonomy":"product_tag","embeddable":true,"href":"https:\/\/www.retro-games.hu\/index.php\/wp-json\/wp\/v2\/product_tag?post=65689"}],"curies":[{"name":"wp","href":"https:\/\/api.w.org\/{rel}","templated":true}]}}