{"id":65753,"date":"2025-11-03T17:46:27","date_gmt":"2025-11-03T17:46:27","guid":{"rendered":"https:\/\/www.retro-games.hu\/index.php\/termek\/theme-park-world-sim-theme-park\/"},"modified":"2025-11-03T17:46:34","modified_gmt":"2025-11-03T17:46:34","slug":"theme-park-world-sim-theme-park","status":"publish","type":"product","link":"https:\/\/www.retro-games.hu\/index.php\/termek\/theme-park-world-sim-theme-park\/","title":{"rendered":"Theme Park World (Sim Theme Park )"},"content":{"rendered":"<p>Vid\u00e1mpark menedzsment j\u00e1t\u00e9k. Kiad\u00e1s \u00e9ve: 1999. Platform: Windows 95\/98\/ME. Kivitel: dvd tokos, Sold Out ut\u00e1nkiad\u00e1s, angol feliratos bor\u00edt\u00f3, eredeti cd, angol, francia, n\u00e9met, sv\u00e9d \u00e9s d\u00e1n nyelv\u0171 j\u00e1t\u00e9k. CD \u00e1llapota: karcmentes, \u00fajnak t\u0171nik<\/p>\n","protected":false},"excerpt":{"rendered":"<p>Vid\u00e1mpark menedzsment j\u00e1t\u00e9k. Kiad\u00e1s \u00e9ve: 1999. Platform: Windows 95\/98\/ME. Kivitel: dvd tokos, Sold Out ut\u00e1nkiad\u00e1s, angol feliratos bor\u00edt\u00f3, eredeti cd, angol, francia, n\u00e9met, sv\u00e9d \u00e9s d\u00e1n nyelv\u0171 j\u00e1t\u00e9k. CD \u00e1llapota: karcmentes, \u00fajnak t\u0171nik<\/p>\n","protected":false},"featured_media":65752,"comment_status":"open","ping_status":"closed","template":"","meta":{"_et_pb_use_builder":"","_et_pb_old_content":"","_et_gb_content_width":""},"product_brand":[],"product_cat":[155,8,81],"product_tag":[],"class_list":{"0":"post-65753","1":"product","2":"type-product","3":"status-publish","4":"has-post-thumbnail","6":"product_cat-jatekok","7":"product_cat-szimulator","8":"product_cat-uzlet-menedzsment","9":"pa_allapot-hasznalt","10":"pa_kivitel-dvd-tokos","11":"pa_nyelv-angol","12":"pa_nyelv-francia","13":"pa_nyelv-holland","14":"pa_nyelv-nemet","15":"pa_nyelv-sved","16":"pa_platform-pc-windows-95","17":"pa_platform-pc-windows-98","18":"pa_platform-pc-windows-me","20":"first","21":"instock","22":"shipping-taxable","23":"purchasable","24":"product-type-simple"},"_links":{"self":[{"href":"https:\/\/www.retro-games.hu\/index.php\/wp-json\/wp\/v2\/product\/65753","targetHints":{"allow":["GET"]}}],"collection":[{"href":"https:\/\/www.retro-games.hu\/index.php\/wp-json\/wp\/v2\/product"}],"about":[{"href":"https:\/\/www.retro-games.hu\/index.php\/wp-json\/wp\/v2\/types\/product"}],"replies":[{"embeddable":true,"href":"https:\/\/www.retro-games.hu\/index.php\/wp-json\/wp\/v2\/comments?post=65753"}],"wp:featuredmedia":[{"embeddable":true,"href":"https:\/\/www.retro-games.hu\/index.php\/wp-json\/wp\/v2\/media\/65752"}],"wp:attachment":[{"href":"https:\/\/www.retro-games.hu\/index.php\/wp-json\/wp\/v2\/media?parent=65753"}],"wp:term":[{"taxonomy":"product_brand","embeddable":true,"href":"https:\/\/www.retro-games.hu\/index.php\/wp-json\/wp\/v2\/product_brand?post=65753"},{"taxonomy":"product_cat","embeddable":true,"href":"https:\/\/www.retro-games.hu\/index.php\/wp-json\/wp\/v2\/product_cat?post=65753"},{"taxonomy":"product_tag","embeddable":true,"href":"https:\/\/www.retro-games.hu\/index.php\/wp-json\/wp\/v2\/product_tag?post=65753"}],"curies":[{"name":"wp","href":"https:\/\/api.w.org\/{rel}","templated":true}]}}