{"id":65781,"date":"2025-11-03T17:47:45","date_gmt":"2025-11-03T17:47:45","guid":{"rendered":"https:\/\/www.retro-games.hu\/index.php\/termek\/tmnt-teenage-mutant-ninja-turtles\/"},"modified":"2025-11-03T17:47:51","modified_gmt":"2025-11-03T17:47:51","slug":"tmnt-teenage-mutant-ninja-turtles","status":"publish","type":"product","link":"https:\/\/www.retro-games.hu\/index.php\/termek\/tmnt-teenage-mutant-ninja-turtles\/","title":{"rendered":"TMNT Teenage Mutant Ninja Turtles"},"content":{"rendered":"<p>Akci\u00f3-kalandj\u00e1t\u00e9k j\u00e1t\u00e9k. Kiad\u00e1s \u00e9ve: 2007. Platform: Windows XP\/Vista. Kivitel: dvd tokos, els\u0151 kiad\u00e1s, magyar feliratos bor\u00edt\u00f3, eredeti dvd, angol, francia, n\u00e9met, olasz, spanyol nyelv\u0171 j\u00e1t\u00e9k. DVD \u00e1llapota: meglehet\u0151sen karcos (hajsz\u00e1lkarcok), tesztelt, m\u0171k\u00f6dik<\/p>\n","protected":false},"excerpt":{"rendered":"<p>Akci\u00f3-kalandj\u00e1t\u00e9k j\u00e1t\u00e9k. Kiad\u00e1s \u00e9ve: 2007. Platform: Windows XP\/Vista. Kivitel: dvd tokos, els\u0151 kiad\u00e1s, magyar feliratos bor\u00edt\u00f3, eredeti dvd, angol, francia, n\u00e9met, olasz, spanyol nyelv\u0171 j\u00e1t\u00e9k. DVD \u00e1llapota: meglehet\u0151sen karcos (hajsz\u00e1lkarcok), tesztelt, m\u0171k\u00f6dik<\/p>\n","protected":false},"featured_media":65780,"comment_status":"open","ping_status":"closed","template":"","meta":{"_et_pb_use_builder":"","_et_pb_old_content":"","_et_gb_content_width":""},"product_brand":[],"product_cat":[26,25,155],"product_tag":[],"class_list":{"0":"post-65781","1":"product","2":"type-product","3":"status-publish","4":"has-post-thumbnail","6":"product_cat-akcio-kalandjatek","7":"product_cat-kaland","8":"product_cat-jatekok","9":"pa_allapot-hasznalt","10":"pa_kivitel-dvd-tokos","11":"pa_nyelv-angol","12":"pa_nyelv-francia","13":"pa_nyelv-nemet","14":"pa_nyelv-olasz","15":"pa_nyelv-spanyol","16":"pa_platform-pc-windows-vista","17":"pa_platform-pc_windows","19":"first","20":"instock","21":"shipping-taxable","22":"purchasable","23":"product-type-simple"},"_links":{"self":[{"href":"https:\/\/www.retro-games.hu\/index.php\/wp-json\/wp\/v2\/product\/65781","targetHints":{"allow":["GET"]}}],"collection":[{"href":"https:\/\/www.retro-games.hu\/index.php\/wp-json\/wp\/v2\/product"}],"about":[{"href":"https:\/\/www.retro-games.hu\/index.php\/wp-json\/wp\/v2\/types\/product"}],"replies":[{"embeddable":true,"href":"https:\/\/www.retro-games.hu\/index.php\/wp-json\/wp\/v2\/comments?post=65781"}],"wp:featuredmedia":[{"embeddable":true,"href":"https:\/\/www.retro-games.hu\/index.php\/wp-json\/wp\/v2\/media\/65780"}],"wp:attachment":[{"href":"https:\/\/www.retro-games.hu\/index.php\/wp-json\/wp\/v2\/media?parent=65781"}],"wp:term":[{"taxonomy":"product_brand","embeddable":true,"href":"https:\/\/www.retro-games.hu\/index.php\/wp-json\/wp\/v2\/product_brand?post=65781"},{"taxonomy":"product_cat","embeddable":true,"href":"https:\/\/www.retro-games.hu\/index.php\/wp-json\/wp\/v2\/product_cat?post=65781"},{"taxonomy":"product_tag","embeddable":true,"href":"https:\/\/www.retro-games.hu\/index.php\/wp-json\/wp\/v2\/product_tag?post=65781"}],"curies":[{"name":"wp","href":"https:\/\/api.w.org\/{rel}","templated":true}]}}