{"id":65885,"date":"2025-11-03T17:52:48","date_gmt":"2025-11-03T17:52:48","guid":{"rendered":"https:\/\/www.retro-games.hu\/index.php\/termek\/tom-clancys-rainbow-six-vegas-2-2\/"},"modified":"2025-11-03T17:52:55","modified_gmt":"2025-11-03T17:52:55","slug":"tom-clancys-rainbow-six-vegas-2-2","status":"publish","type":"product","link":"https:\/\/www.retro-games.hu\/index.php\/termek\/tom-clancys-rainbow-six-vegas-2-2\/","title":{"rendered":"Tom Clancy&#8217;s Rainbow Six: Vegas 2"},"content":{"rendered":"<p>Taktikai l\u00f6v\u00f6ld\u00f6z\u0151s j\u00e1t\u00e9k. Kiad\u00e1s \u00e9ve: 2008. Platform: Windows XP\/Vista. Kivitel: dvd tokos, ut\u00e1nkiad\u00e1s, magyar feliratos bor\u00edt\u00f3, eredeti dvd, angol, n\u00e9met, olasz, spanyol, francia \u00e9s kanadai francia nyelv\u0171 j\u00e1t\u00e9k. DVD \u00e1llapota: enyh\u00e9n karcos (hajsz\u00e1lkarcok), tesztelt, m\u0171k\u00f6dik<\/p>\n","protected":false},"excerpt":{"rendered":"<p>Taktikai l\u00f6v\u00f6ld\u00f6z\u0151s j\u00e1t\u00e9k. Kiad\u00e1s \u00e9ve: 2008. Platform: Windows XP\/Vista. Kivitel: dvd tokos, ut\u00e1nkiad\u00e1s, magyar feliratos bor\u00edt\u00f3, eredeti dvd, angol, n\u00e9met, olasz, spanyol, francia \u00e9s kanadai francia nyelv\u0171 j\u00e1t\u00e9k. DVD \u00e1llapota: enyh\u00e9n karcos (hajsz\u00e1lkarcok), tesztelt, m\u0171k\u00f6dik<\/p>\n","protected":false},"featured_media":65884,"comment_status":"open","ping_status":"closed","template":"","meta":{"_et_pb_use_builder":"","_et_pb_old_content":"","_et_gb_content_width":""},"product_brand":[],"product_cat":[21,155,96],"product_tag":[],"class_list":{"0":"post-65885","1":"product","2":"type-product","3":"status-publish","4":"has-post-thumbnail","6":"product_cat-akcio","7":"product_cat-jatekok","8":"product_cat-taktikai-lovoldozos","9":"pa_allapot-hasznalt","10":"pa_kivitel-dvd-tokos","11":"pa_nyelv-angol","12":"pa_nyelv-francia","13":"pa_nyelv-kanadai-francia","14":"pa_nyelv-nemet","15":"pa_nyelv-olasz","16":"pa_nyelv-spanyol","17":"pa_platform-pc-windows-vista","18":"pa_platform-pc_windows","20":"first","21":"instock","22":"shipping-taxable","23":"purchasable","24":"product-type-simple"},"_links":{"self":[{"href":"https:\/\/www.retro-games.hu\/index.php\/wp-json\/wp\/v2\/product\/65885","targetHints":{"allow":["GET"]}}],"collection":[{"href":"https:\/\/www.retro-games.hu\/index.php\/wp-json\/wp\/v2\/product"}],"about":[{"href":"https:\/\/www.retro-games.hu\/index.php\/wp-json\/wp\/v2\/types\/product"}],"replies":[{"embeddable":true,"href":"https:\/\/www.retro-games.hu\/index.php\/wp-json\/wp\/v2\/comments?post=65885"}],"wp:featuredmedia":[{"embeddable":true,"href":"https:\/\/www.retro-games.hu\/index.php\/wp-json\/wp\/v2\/media\/65884"}],"wp:attachment":[{"href":"https:\/\/www.retro-games.hu\/index.php\/wp-json\/wp\/v2\/media?parent=65885"}],"wp:term":[{"taxonomy":"product_brand","embeddable":true,"href":"https:\/\/www.retro-games.hu\/index.php\/wp-json\/wp\/v2\/product_brand?post=65885"},{"taxonomy":"product_cat","embeddable":true,"href":"https:\/\/www.retro-games.hu\/index.php\/wp-json\/wp\/v2\/product_cat?post=65885"},{"taxonomy":"product_tag","embeddable":true,"href":"https:\/\/www.retro-games.hu\/index.php\/wp-json\/wp\/v2\/product_tag?post=65885"}],"curies":[{"name":"wp","href":"https:\/\/api.w.org\/{rel}","templated":true}]}}