{"id":65889,"date":"2025-11-03T17:52:59","date_gmt":"2025-11-03T17:52:59","guid":{"rendered":"https:\/\/www.retro-games.hu\/index.php\/termek\/tom-clancys-splinter-cell-chaos-theory\/"},"modified":"2025-11-03T17:53:06","modified_gmt":"2025-11-03T17:53:06","slug":"tom-clancys-splinter-cell-chaos-theory","status":"publish","type":"product","link":"https:\/\/www.retro-games.hu\/index.php\/termek\/tom-clancys-splinter-cell-chaos-theory\/","title":{"rendered":"Tom Clancy&#8217;s Splinter Cell: Chaos Theory"},"content":{"rendered":"<p>Lopakod\u00f3s akci\u00f3j\u00e1t\u00e9k. Kiad\u00e1s \u00e9ve: 2005. Platform: Windows 2000\/XP. Kivitel: dvd tokos, Ubisoft exclusive kiad\u00e1s, magyar\/angol\/olasz feliratos bor\u00edt\u00f3, eredeti dvd, angol, n\u00e9met, olasz, francia, spanyol nyelv\u0171 j\u00e1t\u00e9k. DVD \u00e1llapota: karcmentes, \u00fajnak t\u0171nik<\/p>\n","protected":false},"excerpt":{"rendered":"<p>Lopakod\u00f3s akci\u00f3j\u00e1t\u00e9k. Kiad\u00e1s \u00e9ve: 2005. Platform: Windows 2000\/XP. Kivitel: dvd tokos, Ubisoft exclusive kiad\u00e1s, magyar\/angol\/olasz feliratos bor\u00edt\u00f3, eredeti dvd, angol, n\u00e9met, olasz, francia, spanyol nyelv\u0171 j\u00e1t\u00e9k. DVD \u00e1llapota: karcmentes, \u00fajnak t\u0171nik<\/p>\n","protected":false},"featured_media":65888,"comment_status":"open","ping_status":"closed","template":"","meta":{"_et_pb_use_builder":"","_et_pb_old_content":"","_et_gb_content_width":""},"product_brand":[],"product_cat":[21,64,155],"product_tag":[],"class_list":{"0":"post-65889","1":"product","2":"type-product","3":"status-publish","4":"has-post-thumbnail","6":"product_cat-akcio","7":"product_cat-lopakodos","8":"product_cat-jatekok","9":"pa_allapot-hasznalt","10":"pa_kivitel-dvd-tokos","11":"pa_nyelv-angol","12":"pa_nyelv-francia","13":"pa_nyelv-nemet","14":"pa_nyelv-olasz","15":"pa_nyelv-spanyol","16":"pa_platform-pc-windows-2000","17":"pa_platform-pc_windows","19":"first","20":"instock","21":"shipping-taxable","22":"purchasable","23":"product-type-simple"},"_links":{"self":[{"href":"https:\/\/www.retro-games.hu\/index.php\/wp-json\/wp\/v2\/product\/65889","targetHints":{"allow":["GET"]}}],"collection":[{"href":"https:\/\/www.retro-games.hu\/index.php\/wp-json\/wp\/v2\/product"}],"about":[{"href":"https:\/\/www.retro-games.hu\/index.php\/wp-json\/wp\/v2\/types\/product"}],"replies":[{"embeddable":true,"href":"https:\/\/www.retro-games.hu\/index.php\/wp-json\/wp\/v2\/comments?post=65889"}],"wp:featuredmedia":[{"embeddable":true,"href":"https:\/\/www.retro-games.hu\/index.php\/wp-json\/wp\/v2\/media\/65888"}],"wp:attachment":[{"href":"https:\/\/www.retro-games.hu\/index.php\/wp-json\/wp\/v2\/media?parent=65889"}],"wp:term":[{"taxonomy":"product_brand","embeddable":true,"href":"https:\/\/www.retro-games.hu\/index.php\/wp-json\/wp\/v2\/product_brand?post=65889"},{"taxonomy":"product_cat","embeddable":true,"href":"https:\/\/www.retro-games.hu\/index.php\/wp-json\/wp\/v2\/product_cat?post=65889"},{"taxonomy":"product_tag","embeddable":true,"href":"https:\/\/www.retro-games.hu\/index.php\/wp-json\/wp\/v2\/product_tag?post=65889"}],"curies":[{"name":"wp","href":"https:\/\/api.w.org\/{rel}","templated":true}]}}