{"id":65897,"date":"2025-11-03T17:53:21","date_gmt":"2025-11-03T17:53:21","guid":{"rendered":"https:\/\/www.retro-games.hu\/index.php\/termek\/tom-clancys-splinter-cell-pandora-tomorrow-magyar\/"},"modified":"2025-11-03T17:53:29","modified_gmt":"2025-11-03T17:53:29","slug":"tom-clancys-splinter-cell-pandora-tomorrow-magyar","status":"publish","type":"product","link":"https:\/\/www.retro-games.hu\/index.php\/termek\/tom-clancys-splinter-cell-pandora-tomorrow-magyar\/","title":{"rendered":"Tom Clancy&#8217;s Splinter Cell: Pandora Tomorrow (magyar)"},"content":{"rendered":"<p>Lopakod\u00f3s j\u00e1t\u00e9k. Kiad\u00e1s \u00e9ve: 2004. Platform: Windows 98\/ME\/2000\/XP. Kivitel: dvd tokos, els\u0151 kiad\u00e1s, magyar feliratos bor\u00edt\u00f3, eredeti 3 cd, magyar szinkronos j\u00e1t\u00e9k. A 3 CD \u00e1llapota: enyh\u00e9n karcosak (hajsz\u00e1lkarcok), teszteltek, m\u0171k\u00f6dnek.<\/p>\n","protected":false},"excerpt":{"rendered":"<p>Lopakod\u00f3s j\u00e1t\u00e9k. Kiad\u00e1s \u00e9ve: 2004. Platform: Windows 98\/ME\/2000\/XP. Kivitel: dvd tokos, els\u0151 kiad\u00e1s, magyar feliratos bor\u00edt\u00f3, eredeti 3 cd, magyar szinkronos j\u00e1t\u00e9k. A 3 CD \u00e1llapota: enyh\u00e9n karcosak (hajsz\u00e1lkarcok), teszteltek, m\u0171k\u00f6dnek.<\/p>\n","protected":false},"featured_media":65896,"comment_status":"open","ping_status":"closed","template":"","meta":{"_et_pb_use_builder":"","_et_pb_old_content":"","_et_gb_content_width":""},"product_brand":[],"product_cat":[21,64,155],"product_tag":[],"class_list":{"0":"post-65897","1":"product","2":"type-product","3":"status-publish","4":"has-post-thumbnail","6":"product_cat-akcio","7":"product_cat-lopakodos","8":"product_cat-jatekok","9":"pa_allapot-hasznalt","10":"pa_kivitel-dvd-tokos","11":"pa_nyelv-magyar-szinkronos","12":"pa_platform-pc-windows-2000","13":"pa_platform-pc-windows-98","14":"pa_platform-pc-windows-me","15":"pa_platform-pc_windows","17":"first","18":"instock","19":"shipping-taxable","20":"purchasable","21":"product-type-simple"},"_links":{"self":[{"href":"https:\/\/www.retro-games.hu\/index.php\/wp-json\/wp\/v2\/product\/65897","targetHints":{"allow":["GET"]}}],"collection":[{"href":"https:\/\/www.retro-games.hu\/index.php\/wp-json\/wp\/v2\/product"}],"about":[{"href":"https:\/\/www.retro-games.hu\/index.php\/wp-json\/wp\/v2\/types\/product"}],"replies":[{"embeddable":true,"href":"https:\/\/www.retro-games.hu\/index.php\/wp-json\/wp\/v2\/comments?post=65897"}],"wp:featuredmedia":[{"embeddable":true,"href":"https:\/\/www.retro-games.hu\/index.php\/wp-json\/wp\/v2\/media\/65896"}],"wp:attachment":[{"href":"https:\/\/www.retro-games.hu\/index.php\/wp-json\/wp\/v2\/media?parent=65897"}],"wp:term":[{"taxonomy":"product_brand","embeddable":true,"href":"https:\/\/www.retro-games.hu\/index.php\/wp-json\/wp\/v2\/product_brand?post=65897"},{"taxonomy":"product_cat","embeddable":true,"href":"https:\/\/www.retro-games.hu\/index.php\/wp-json\/wp\/v2\/product_cat?post=65897"},{"taxonomy":"product_tag","embeddable":true,"href":"https:\/\/www.retro-games.hu\/index.php\/wp-json\/wp\/v2\/product_tag?post=65897"}],"curies":[{"name":"wp","href":"https:\/\/api.w.org\/{rel}","templated":true}]}}