{"id":65965,"date":"2025-11-03T17:56:29","date_gmt":"2025-11-03T17:56:29","guid":{"rendered":"https:\/\/www.retro-games.hu\/index.php\/termek\/totally-tonka\/"},"modified":"2025-11-03T17:56:37","modified_gmt":"2025-11-03T17:56:37","slug":"totally-tonka","status":"publish","type":"product","link":"https:\/\/www.retro-games.hu\/index.php\/termek\/totally-tonka\/","title":{"rendered":"Totally Tonka"},"content":{"rendered":"<p>J\u00e1t\u00e9kgy\u0171jtem\u00e9ny. Kiad\u00e1s \u00e9ve: 2001. Platform: Windows 95\/98\/ME. Kivitel: dvd tokos, kollekci\u00f3, angol feliratos bor\u00edt\u00f3, eredeti 3cd, angol nyelv\u0171 j\u00e1t\u00e9kok. A kollekci\u00f3 3 Tonka j\u00e1t\u00e9kot tartalmaz: Tonka Raceway, Tonka Space Station, Tonka Search &amp; Rescue. CD-k \u00e1llapota: karcmentes, \u00fajnak t\u0171nik<\/p>\n","protected":false},"excerpt":{"rendered":"<p>J\u00e1t\u00e9kgy\u0171jtem\u00e9ny. Kiad\u00e1s \u00e9ve: 2001. Platform: Windows 95\/98\/ME. Kivitel: dvd tokos, kollekci\u00f3, angol feliratos bor\u00edt\u00f3, eredeti 3cd, angol nyelv\u0171 j\u00e1t\u00e9kok. A kollekci\u00f3 3 Tonka j\u00e1t\u00e9kot tartalmaz: Tonka Raceway, Tonka Space Station, Tonka Search &amp; Rescue. CD-k \u00e1llapota: karcmentes, \u00fajnak t\u0171nik<\/p>\n","protected":false},"featured_media":65964,"comment_status":"open","ping_status":"closed","template":"","meta":{"_et_pb_use_builder":"","_et_pb_old_content":"","_et_gb_content_width":""},"product_brand":[],"product_cat":[45,36],"product_tag":[],"class_list":{"0":"post-65965","1":"product","2":"type-product","3":"status-publish","4":"has-post-thumbnail","6":"product_cat-egyeb","7":"product_cat-osszeallitasok","8":"pa_allapot-hasznalt","9":"pa_kivitel-dvd-tokos","10":"pa_nyelv-angol","11":"pa_platform-pc-windows-95","12":"pa_platform-pc-windows-98","13":"pa_platform-pc-windows-me","15":"first","16":"instock","17":"shipping-taxable","18":"purchasable","19":"product-type-simple"},"_links":{"self":[{"href":"https:\/\/www.retro-games.hu\/index.php\/wp-json\/wp\/v2\/product\/65965","targetHints":{"allow":["GET"]}}],"collection":[{"href":"https:\/\/www.retro-games.hu\/index.php\/wp-json\/wp\/v2\/product"}],"about":[{"href":"https:\/\/www.retro-games.hu\/index.php\/wp-json\/wp\/v2\/types\/product"}],"replies":[{"embeddable":true,"href":"https:\/\/www.retro-games.hu\/index.php\/wp-json\/wp\/v2\/comments?post=65965"}],"wp:featuredmedia":[{"embeddable":true,"href":"https:\/\/www.retro-games.hu\/index.php\/wp-json\/wp\/v2\/media\/65964"}],"wp:attachment":[{"href":"https:\/\/www.retro-games.hu\/index.php\/wp-json\/wp\/v2\/media?parent=65965"}],"wp:term":[{"taxonomy":"product_brand","embeddable":true,"href":"https:\/\/www.retro-games.hu\/index.php\/wp-json\/wp\/v2\/product_brand?post=65965"},{"taxonomy":"product_cat","embeddable":true,"href":"https:\/\/www.retro-games.hu\/index.php\/wp-json\/wp\/v2\/product_cat?post=65965"},{"taxonomy":"product_tag","embeddable":true,"href":"https:\/\/www.retro-games.hu\/index.php\/wp-json\/wp\/v2\/product_tag?post=65965"}],"curies":[{"name":"wp","href":"https:\/\/api.w.org\/{rel}","templated":true}]}}