{"id":66113,"date":"2025-11-03T18:03:40","date_gmt":"2025-11-03T18:03:40","guid":{"rendered":"https:\/\/www.retro-games.hu\/index.php\/termek\/uru-complete-chronicles-ages-beyond-myst-path-of-the-shell-es-to-dni\/"},"modified":"2025-11-03T18:03:47","modified_gmt":"2025-11-03T18:03:47","slug":"uru-complete-chronicles-ages-beyond-myst-path-of-the-shell-es-to-dni","status":"publish","type":"product","link":"https:\/\/www.retro-games.hu\/index.php\/termek\/uru-complete-chronicles-ages-beyond-myst-path-of-the-shell-es-to-dni\/","title":{"rendered":"URU: Complete Chronicles &#8211;  Ages Beyond Myst, Path of the Shell \u00e9s To D&#8217;Ni"},"content":{"rendered":"<p>J\u00e1t\u00e9kgy\u0171jtem\u00e9ny, tartalma: URU: Ages Beyond Myst \u00e9s a Path of the Shell \u00e9s a To D&#8217;Ni kieg\u00e9sz\u00edt\u0151k (rejtv\u00e9nymegold\u00f3s kalandj\u00e1t\u00e9k). Kiad\u00e1s \u00e9ve: 2004. Platform: Windows 98SE\/ME\/2000\/XP. Kivitel: dvd tokos, els\u0151 kiad\u00e1s, magyar feliratos bor\u00edt\u00f3, eredeti 2 cd, angol\/n\u00e9met\/francia nyelv\u0171 j\u00e1t\u00e9kgy\u0171jtem\u00e9ny. CD-k \u00e1llapota: karcmentes, \u00fajnak t\u0171nik<\/p>\n","protected":false},"excerpt":{"rendered":"<p>J\u00e1t\u00e9kgy\u0171jtem\u00e9ny, tartalma: URU: Ages Beyond Myst \u00e9s a Path of the Shell \u00e9s a To D&#8217;Ni kieg\u00e9sz\u00edt\u0151k (rejtv\u00e9nymegold\u00f3s kalandj\u00e1t\u00e9k). Kiad\u00e1s \u00e9ve: 2004. Platform: Windows 98SE\/ME\/2000\/XP. Kivitel: dvd tokos, els\u0151 kiad\u00e1s, magyar feliratos bor\u00edt\u00f3, eredeti 2 cd, angol\/n\u00e9met\/francia nyelv\u0171 j\u00e1t\u00e9kgy\u0171jtem\u00e9ny. CD-k \u00e1llapota: karcmentes, \u00fajnak t\u0171nik<\/p>\n","protected":false},"featured_media":66112,"comment_status":"open","ping_status":"closed","template":"","meta":{"_et_pb_use_builder":"","_et_pb_old_content":"","_et_gb_content_width":""},"product_brand":[],"product_cat":[25,155,114],"product_tag":[],"class_list":{"0":"post-66113","1":"product","2":"type-product","3":"status-publish","4":"has-post-thumbnail","6":"product_cat-kaland","7":"product_cat-jatekok","8":"product_cat-rejtvenymegoldo","9":"pa_allapot-hasznalt","10":"pa_kivitel-dvd-tokos","11":"pa_nyelv-angol","12":"pa_nyelv-francia","13":"pa_nyelv-nemet","14":"pa_platform-pc-windows-2000","15":"pa_platform-pc-windows-98se-2","16":"pa_platform-pc-windows-me","17":"pa_platform-pc_windows","19":"first","20":"instock","21":"shipping-taxable","22":"purchasable","23":"product-type-simple"},"_links":{"self":[{"href":"https:\/\/www.retro-games.hu\/index.php\/wp-json\/wp\/v2\/product\/66113","targetHints":{"allow":["GET"]}}],"collection":[{"href":"https:\/\/www.retro-games.hu\/index.php\/wp-json\/wp\/v2\/product"}],"about":[{"href":"https:\/\/www.retro-games.hu\/index.php\/wp-json\/wp\/v2\/types\/product"}],"replies":[{"embeddable":true,"href":"https:\/\/www.retro-games.hu\/index.php\/wp-json\/wp\/v2\/comments?post=66113"}],"wp:featuredmedia":[{"embeddable":true,"href":"https:\/\/www.retro-games.hu\/index.php\/wp-json\/wp\/v2\/media\/66112"}],"wp:attachment":[{"href":"https:\/\/www.retro-games.hu\/index.php\/wp-json\/wp\/v2\/media?parent=66113"}],"wp:term":[{"taxonomy":"product_brand","embeddable":true,"href":"https:\/\/www.retro-games.hu\/index.php\/wp-json\/wp\/v2\/product_brand?post=66113"},{"taxonomy":"product_cat","embeddable":true,"href":"https:\/\/www.retro-games.hu\/index.php\/wp-json\/wp\/v2\/product_cat?post=66113"},{"taxonomy":"product_tag","embeddable":true,"href":"https:\/\/www.retro-games.hu\/index.php\/wp-json\/wp\/v2\/product_tag?post=66113"}],"curies":[{"name":"wp","href":"https:\/\/api.w.org\/{rel}","templated":true}]}}