{"id":66309,"date":"2025-11-03T18:13:22","date_gmt":"2025-11-03T18:13:22","guid":{"rendered":"https:\/\/www.retro-games.hu\/index.php\/termek\/zenfar-the-adventure\/"},"modified":"2025-11-03T18:13:30","modified_gmt":"2025-11-03T18:13:30","slug":"zenfar-the-adventure","status":"publish","type":"product","link":"https:\/\/www.retro-games.hu\/index.php\/termek\/zenfar-the-adventure\/","title":{"rendered":"Zenfar: The Adventure"},"content":{"rendered":"<p>Akci\u00f3-szerepj\u00e1t\u00e9k. Kiad\u00e1s \u00e9ve: 2001. Platform: Windows 95\/98\/2000\/ME\/NT\/XP. Kivitel: dvd tokos, ut\u00e1nkiad\u00e1s, magyar\/spanyol\/olasz feliratos bor\u00edt\u00f3, eredeti cd, angol nyelv\u0171 j\u00e1t\u00e9k. CD \u00e1llapota: szinte karcmentes, tesztelt, m\u0171k\u00f6dik<\/p>\n","protected":false},"excerpt":{"rendered":"<p>Akci\u00f3-szerepj\u00e1t\u00e9k. Kiad\u00e1s \u00e9ve: 2001. Platform: Windows 95\/98\/2000\/ME\/NT\/XP. Kivitel: dvd tokos, ut\u00e1nkiad\u00e1s, magyar\/spanyol\/olasz feliratos bor\u00edt\u00f3, eredeti cd, angol nyelv\u0171 j\u00e1t\u00e9k. CD \u00e1llapota: szinte karcmentes, tesztelt, m\u0171k\u00f6dik<\/p>\n","protected":false},"featured_media":66308,"comment_status":"open","ping_status":"closed","template":"","meta":{"_et_pb_use_builder":"","_et_pb_old_content":"","_et_gb_content_width":""},"product_brand":[],"product_cat":[67,155,272],"product_tag":[],"class_list":{"0":"post-66309","1":"product","2":"type-product","3":"status-publish","4":"has-post-thumbnail","6":"product_cat-akcio-szerepjatek-arpg","7":"product_cat-jatekok","8":"product_cat-szerepjatek-rpg","9":"pa_allapot-hasznalt","10":"pa_kivitel-dvd-tokos","11":"pa_nyelv-angol","12":"pa_platform-pc-windows-2000","13":"pa_platform-pc-windows-95","14":"pa_platform-pc-windows-98","15":"pa_platform-pc-windows-me","16":"pa_platform-pc-windows-nt","17":"pa_platform-pc_windows","19":"first","20":"instock","21":"shipping-taxable","22":"purchasable","23":"product-type-simple"},"_links":{"self":[{"href":"https:\/\/www.retro-games.hu\/index.php\/wp-json\/wp\/v2\/product\/66309","targetHints":{"allow":["GET"]}}],"collection":[{"href":"https:\/\/www.retro-games.hu\/index.php\/wp-json\/wp\/v2\/product"}],"about":[{"href":"https:\/\/www.retro-games.hu\/index.php\/wp-json\/wp\/v2\/types\/product"}],"replies":[{"embeddable":true,"href":"https:\/\/www.retro-games.hu\/index.php\/wp-json\/wp\/v2\/comments?post=66309"}],"wp:featuredmedia":[{"embeddable":true,"href":"https:\/\/www.retro-games.hu\/index.php\/wp-json\/wp\/v2\/media\/66308"}],"wp:attachment":[{"href":"https:\/\/www.retro-games.hu\/index.php\/wp-json\/wp\/v2\/media?parent=66309"}],"wp:term":[{"taxonomy":"product_brand","embeddable":true,"href":"https:\/\/www.retro-games.hu\/index.php\/wp-json\/wp\/v2\/product_brand?post=66309"},{"taxonomy":"product_cat","embeddable":true,"href":"https:\/\/www.retro-games.hu\/index.php\/wp-json\/wp\/v2\/product_cat?post=66309"},{"taxonomy":"product_tag","embeddable":true,"href":"https:\/\/www.retro-games.hu\/index.php\/wp-json\/wp\/v2\/product_tag?post=66309"}],"curies":[{"name":"wp","href":"https:\/\/api.w.org\/{rel}","templated":true}]}}