{"id":66317,"date":"2025-11-03T18:13:47","date_gmt":"2025-11-03T18:13:47","guid":{"rendered":"https:\/\/www.retro-games.hu\/index.php\/termek\/zoo-tycoon-marine-mania-kieg\/"},"modified":"2026-02-06T12:13:19","modified_gmt":"2026-02-06T12:13:19","slug":"zoo-tycoon-marine-mania-kieg","status":"publish","type":"product","link":"https:\/\/www.retro-games.hu\/index.php\/termek\/zoo-tycoon-marine-mania-kieg\/","title":{"rendered":"Zoo Tycoon: Marine Mania kieg."},"content":{"rendered":"<p>\u00c1llatkert-menedzsment szimul\u00e1tor. Kiad\u00e1s \u00e9ve: 2002. Platform: Windows 98\/ME\/2000\/XP. Kivitel: dvd tokos, els\u0151 kiad\u00e1s, angol feliratos bor\u00edt\u00f3, angol nyelv\u0171 r\u00f6vid \u00fatmutat\u00f3, eredeti cd, angol nyelv\u0171 kieg\u00e9sz\u00edt\u0151 lemez &#8211; az eredeti Zoo Tycoon alapj\u00e1t\u00e9k kell hozz\u00e1, an\u00e9lk\u00fcl nem m\u0171k\u00f6dik! CD \u00e1llapota: enyh\u00e9n karcos (hajsz\u00e1lkarcok), tesztelt, m\u0171k\u00f6dik.<\/p>\n","protected":false},"excerpt":{"rendered":"<p>\u00c1llatkert-menedzsment szimul\u00e1tor. Kiad\u00e1s \u00e9ve: 2002. Platform: Windows 98\/ME\/2000\/XP. Kivitel: dvd tokos, els\u0151 kiad\u00e1s, angol feliratos bor\u00edt\u00f3, angol nyelv\u0171 r\u00f6vid \u00fatmutat\u00f3, eredeti cd, angol nyelv\u0171 kieg\u00e9sz\u00edt\u0151 lemez &#8211; az eredeti Zoo Tycoon alapj\u00e1t\u00e9k kell hozz\u00e1, an\u00e9lk\u00fcl nem m\u0171k\u00f6dik! CD \u00e1llapota: enyh\u00e9n karcos (hajsz\u00e1lkarcok), tesztelt, m\u0171k\u00f6dik.<\/p>\n","protected":false},"featured_media":66316,"comment_status":"open","ping_status":"closed","template":"","meta":{"_et_pb_use_builder":"","_et_pb_old_content":"","_et_gb_content_width":""},"product_brand":[],"product_cat":[155,8,81],"product_tag":[],"class_list":{"0":"post-66317","1":"product","2":"type-product","3":"status-publish","4":"has-post-thumbnail","6":"product_cat-jatekok","7":"product_cat-szimulator","8":"product_cat-uzlet-menedzsment","9":"pa_allapot-hasznalt","10":"pa_kivitel-dvd-tokos","11":"pa_nyelv-angol","12":"pa_platform-pc-windows-2000","13":"pa_platform-pc-windows-98","14":"pa_platform-pc-windows-me","15":"pa_platform-pc_windows","17":"first","18":"outofstock","19":"shipping-taxable","20":"purchasable","21":"product-type-simple"},"_links":{"self":[{"href":"https:\/\/www.retro-games.hu\/index.php\/wp-json\/wp\/v2\/product\/66317","targetHints":{"allow":["GET"]}}],"collection":[{"href":"https:\/\/www.retro-games.hu\/index.php\/wp-json\/wp\/v2\/product"}],"about":[{"href":"https:\/\/www.retro-games.hu\/index.php\/wp-json\/wp\/v2\/types\/product"}],"replies":[{"embeddable":true,"href":"https:\/\/www.retro-games.hu\/index.php\/wp-json\/wp\/v2\/comments?post=66317"}],"wp:featuredmedia":[{"embeddable":true,"href":"https:\/\/www.retro-games.hu\/index.php\/wp-json\/wp\/v2\/media\/66316"}],"wp:attachment":[{"href":"https:\/\/www.retro-games.hu\/index.php\/wp-json\/wp\/v2\/media?parent=66317"}],"wp:term":[{"taxonomy":"product_brand","embeddable":true,"href":"https:\/\/www.retro-games.hu\/index.php\/wp-json\/wp\/v2\/product_brand?post=66317"},{"taxonomy":"product_cat","embeddable":true,"href":"https:\/\/www.retro-games.hu\/index.php\/wp-json\/wp\/v2\/product_cat?post=66317"},{"taxonomy":"product_tag","embeddable":true,"href":"https:\/\/www.retro-games.hu\/index.php\/wp-json\/wp\/v2\/product_tag?post=66317"}],"curies":[{"name":"wp","href":"https:\/\/api.w.org\/{rel}","templated":true}]}}