{"id":66329,"date":"2025-11-03T18:14:24","date_gmt":"2025-11-03T18:14:24","guid":{"rendered":"https:\/\/www.retro-games.hu\/index.php\/termek\/zork-grand-inquisitor\/"},"modified":"2025-11-03T18:14:32","modified_gmt":"2025-11-03T18:14:32","slug":"zork-grand-inquisitor","status":"publish","type":"product","link":"https:\/\/www.retro-games.hu\/index.php\/termek\/zork-grand-inquisitor\/","title":{"rendered":"Zork: Grand Inquisitor"},"content":{"rendered":"<p>Klasszikus kalandj\u00e1t\u00e9k. Kiad\u00e1s \u00e9ve: 1997. Platform: Windows 3.1\/95\/98\/ME. Kivitel: dvd tokos, EVM ut\u00e1nkiad\u00e1s, r\u00f6vid magyar ismertet\u0151, magyar feliratos bor\u00edt\u00f3, eredeti 2 cd, angol nyelv\u0171 j\u00e1t\u00e9k. CD-k \u00e1llapota: karcmentes, \u00fajnak t\u0171nik<\/p>\n","protected":false},"excerpt":{"rendered":"<p>Klasszikus kalandj\u00e1t\u00e9k. Kiad\u00e1s \u00e9ve: 1997. Platform: Windows 3.1\/95\/98\/ME. Kivitel: dvd tokos, EVM ut\u00e1nkiad\u00e1s, r\u00f6vid magyar ismertet\u0151, magyar feliratos bor\u00edt\u00f3, eredeti 2 cd, angol nyelv\u0171 j\u00e1t\u00e9k. CD-k \u00e1llapota: karcmentes, \u00fajnak t\u0171nik<\/p>\n","protected":false},"featured_media":66328,"comment_status":"open","ping_status":"closed","template":"","meta":{"_et_pb_use_builder":"","_et_pb_old_content":"","_et_gb_content_width":""},"product_brand":[],"product_cat":[25,120,155],"product_tag":[],"class_list":{"0":"post-66329","1":"product","2":"type-product","3":"status-publish","4":"has-post-thumbnail","6":"product_cat-kaland","7":"product_cat-klasszikus-point-n-click","8":"product_cat-jatekok","9":"pa_allapot-hasznalt","10":"pa_kivitel-dvd-tokos","11":"pa_nyelv-angol","12":"pa_platform-pc-windows-3-x","13":"pa_platform-pc-windows-95","14":"pa_platform-pc-windows-98","15":"pa_platform-pc-windows-me","17":"first","18":"instock","19":"shipping-taxable","20":"purchasable","21":"product-type-simple"},"_links":{"self":[{"href":"https:\/\/www.retro-games.hu\/index.php\/wp-json\/wp\/v2\/product\/66329","targetHints":{"allow":["GET"]}}],"collection":[{"href":"https:\/\/www.retro-games.hu\/index.php\/wp-json\/wp\/v2\/product"}],"about":[{"href":"https:\/\/www.retro-games.hu\/index.php\/wp-json\/wp\/v2\/types\/product"}],"replies":[{"embeddable":true,"href":"https:\/\/www.retro-games.hu\/index.php\/wp-json\/wp\/v2\/comments?post=66329"}],"wp:featuredmedia":[{"embeddable":true,"href":"https:\/\/www.retro-games.hu\/index.php\/wp-json\/wp\/v2\/media\/66328"}],"wp:attachment":[{"href":"https:\/\/www.retro-games.hu\/index.php\/wp-json\/wp\/v2\/media?parent=66329"}],"wp:term":[{"taxonomy":"product_brand","embeddable":true,"href":"https:\/\/www.retro-games.hu\/index.php\/wp-json\/wp\/v2\/product_brand?post=66329"},{"taxonomy":"product_cat","embeddable":true,"href":"https:\/\/www.retro-games.hu\/index.php\/wp-json\/wp\/v2\/product_cat?post=66329"},{"taxonomy":"product_tag","embeddable":true,"href":"https:\/\/www.retro-games.hu\/index.php\/wp-json\/wp\/v2\/product_tag?post=66329"}],"curies":[{"name":"wp","href":"https:\/\/api.w.org\/{rel}","templated":true}]}}