{"id":66345,"date":"2025-11-03T18:15:13","date_gmt":"2025-11-03T18:15:13","guid":{"rendered":"https:\/\/www.retro-games.hu\/index.php\/termek\/disney-pan-peter-kalandok-seholszigeten-peter-pan-adventures-in-never-land\/"},"modified":"2025-11-03T18:15:20","modified_gmt":"2025-11-03T18:15:20","slug":"disney-pan-peter-kalandok-seholszigeten-peter-pan-adventures-in-never-land","status":"publish","type":"product","link":"https:\/\/www.retro-games.hu\/index.php\/termek\/disney-pan-peter-kalandok-seholszigeten-peter-pan-adventures-in-never-land\/","title":{"rendered":"Disney &#8211; P\u00e1n P\u00e9ter: Kalandok Seholszigeten (Peter Pan: Adventures in Never Land)"},"content":{"rendered":"<p>Akci\u00f3j\u00e1t\u00e9k a rajzfilm alapj\u00e1n. Kiad\u00e1s \u00e9ve: 2002. Platform: Windows 95\/98\/ME\/XP. Kivitel: dvd tokos, Disney Classics kiad\u00e1s, magyar feliratos bor\u00edt\u00f3, magyar nyelv\u0171 pap\u00edrk\u00e9zik\u00f6nyv, eredeti cd, angol nyelv\u0171 j\u00e1t\u00e9k. CD \u00e1llapota: karcmentes, \u00fajnak t\u0171nik<\/p>\n","protected":false},"excerpt":{"rendered":"<p>Akci\u00f3j\u00e1t\u00e9k a rajzfilm alapj\u00e1n. Kiad\u00e1s \u00e9ve: 2002. Platform: Windows 95\/98\/ME\/XP. Kivitel: dvd tokos, Disney Classics kiad\u00e1s, magyar feliratos bor\u00edt\u00f3, magyar nyelv\u0171 pap\u00edrk\u00e9zik\u00f6nyv, eredeti cd, angol nyelv\u0171 j\u00e1t\u00e9k. CD \u00e1llapota: karcmentes, \u00fajnak t\u0171nik<\/p>\n","protected":false},"featured_media":66344,"comment_status":"open","ping_status":"closed","template":"","meta":{"_et_pb_use_builder":"","_et_pb_old_content":"","_et_gb_content_width":""},"product_brand":[],"product_cat":[21,61,155],"product_tag":[],"class_list":{"0":"post-66345","1":"product","2":"type-product","3":"status-publish","4":"has-post-thumbnail","6":"product_cat-akcio","7":"product_cat-egyeb-akciojatek","8":"product_cat-jatekok","9":"pa_allapot-hasznalt","10":"pa_kivitel-dvd-tokos","11":"pa_nyelv-angol","12":"pa_platform-pc-windows-95","13":"pa_platform-pc-windows-98","14":"pa_platform-pc-windows-me","15":"pa_platform-pc_windows","17":"first","18":"instock","19":"shipping-taxable","20":"purchasable","21":"product-type-simple"},"_links":{"self":[{"href":"https:\/\/www.retro-games.hu\/index.php\/wp-json\/wp\/v2\/product\/66345","targetHints":{"allow":["GET"]}}],"collection":[{"href":"https:\/\/www.retro-games.hu\/index.php\/wp-json\/wp\/v2\/product"}],"about":[{"href":"https:\/\/www.retro-games.hu\/index.php\/wp-json\/wp\/v2\/types\/product"}],"replies":[{"embeddable":true,"href":"https:\/\/www.retro-games.hu\/index.php\/wp-json\/wp\/v2\/comments?post=66345"}],"wp:featuredmedia":[{"embeddable":true,"href":"https:\/\/www.retro-games.hu\/index.php\/wp-json\/wp\/v2\/media\/66344"}],"wp:attachment":[{"href":"https:\/\/www.retro-games.hu\/index.php\/wp-json\/wp\/v2\/media?parent=66345"}],"wp:term":[{"taxonomy":"product_brand","embeddable":true,"href":"https:\/\/www.retro-games.hu\/index.php\/wp-json\/wp\/v2\/product_brand?post=66345"},{"taxonomy":"product_cat","embeddable":true,"href":"https:\/\/www.retro-games.hu\/index.php\/wp-json\/wp\/v2\/product_cat?post=66345"},{"taxonomy":"product_tag","embeddable":true,"href":"https:\/\/www.retro-games.hu\/index.php\/wp-json\/wp\/v2\/product_tag?post=66345"}],"curies":[{"name":"wp","href":"https:\/\/api.w.org\/{rel}","templated":true}]}}