{"id":66381,"date":"2025-11-03T18:17:05","date_gmt":"2025-11-03T18:17:05","guid":{"rendered":"https:\/\/www.retro-games.hu\/index.php\/termek\/disney-chicken-little\/"},"modified":"2025-11-03T18:17:14","modified_gmt":"2025-11-03T18:17:14","slug":"disney-chicken-little","status":"publish","type":"product","link":"https:\/\/www.retro-games.hu\/index.php\/termek\/disney-chicken-little\/","title":{"rendered":"Disney &#8211; Chicken Little"},"content":{"rendered":"<p>Disney akci\u00f3j\u00e1t\u00e9k. Kiad\u00e1s \u00e9ve: 2005. Platform: Windows XP. Kivitel: dvd tokos, Disney klasszikusok kiad\u00e1s, magyar feliratos bor\u00edt\u00f3, magyar nyelv\u0171 pap\u00edrk\u00e9zik\u00f6nyv, eredeti dvd, angol nyelv\u0171 j\u00e1t\u00e9k. DVD \u00e1llapota: karcmentes, \u00fajnak t\u0171nik<\/p>\n","protected":false},"excerpt":{"rendered":"<p>Disney akci\u00f3j\u00e1t\u00e9k. Kiad\u00e1s \u00e9ve: 2005. Platform: Windows XP. Kivitel: dvd tokos, Disney klasszikusok kiad\u00e1s, magyar feliratos bor\u00edt\u00f3, magyar nyelv\u0171 pap\u00edrk\u00e9zik\u00f6nyv, eredeti dvd, angol nyelv\u0171 j\u00e1t\u00e9k. DVD \u00e1llapota: karcmentes, \u00fajnak t\u0171nik<\/p>\n","protected":false},"featured_media":66380,"comment_status":"open","ping_status":"closed","template":"","meta":{"_et_pb_use_builder":"","_et_pb_old_content":"","_et_gb_content_width":""},"product_brand":[],"product_cat":[61,155],"product_tag":[],"class_list":{"0":"post-66381","1":"product","2":"type-product","3":"status-publish","4":"has-post-thumbnail","6":"product_cat-egyeb-akciojatek","7":"product_cat-jatekok","8":"pa_allapot-hasznalt","9":"pa_kivitel-dvd-tokos","10":"pa_nyelv-angol","11":"pa_platform-pc_windows","13":"first","14":"instock","15":"shipping-taxable","16":"purchasable","17":"product-type-simple"},"_links":{"self":[{"href":"https:\/\/www.retro-games.hu\/index.php\/wp-json\/wp\/v2\/product\/66381","targetHints":{"allow":["GET"]}}],"collection":[{"href":"https:\/\/www.retro-games.hu\/index.php\/wp-json\/wp\/v2\/product"}],"about":[{"href":"https:\/\/www.retro-games.hu\/index.php\/wp-json\/wp\/v2\/types\/product"}],"replies":[{"embeddable":true,"href":"https:\/\/www.retro-games.hu\/index.php\/wp-json\/wp\/v2\/comments?post=66381"}],"wp:featuredmedia":[{"embeddable":true,"href":"https:\/\/www.retro-games.hu\/index.php\/wp-json\/wp\/v2\/media\/66380"}],"wp:attachment":[{"href":"https:\/\/www.retro-games.hu\/index.php\/wp-json\/wp\/v2\/media?parent=66381"}],"wp:term":[{"taxonomy":"product_brand","embeddable":true,"href":"https:\/\/www.retro-games.hu\/index.php\/wp-json\/wp\/v2\/product_brand?post=66381"},{"taxonomy":"product_cat","embeddable":true,"href":"https:\/\/www.retro-games.hu\/index.php\/wp-json\/wp\/v2\/product_cat?post=66381"},{"taxonomy":"product_tag","embeddable":true,"href":"https:\/\/www.retro-games.hu\/index.php\/wp-json\/wp\/v2\/product_tag?post=66381"}],"curies":[{"name":"wp","href":"https:\/\/api.w.org\/{rel}","templated":true}]}}