{"id":66393,"date":"2025-11-03T18:17:41","date_gmt":"2025-11-03T18:17:41","guid":{"rendered":"https:\/\/www.retro-games.hu\/index.php\/termek\/disney-magic-artist-studio\/"},"modified":"2025-11-03T18:17:49","modified_gmt":"2025-11-03T18:17:49","slug":"disney-magic-artist-studio","status":"publish","type":"product","link":"https:\/\/www.retro-games.hu\/index.php\/termek\/disney-magic-artist-studio\/","title":{"rendered":"Disney Magic Artist Studio"},"content":{"rendered":"<p>Rajzol\u00f3program Disney mes\u00e9khez \u00e9s karakterekhez. Kiad\u00e1s \u00e9ve: 1999. Platform: PC &#8211; Windows 95\/98 \u00e9s Apple\/Power Macintosh. Kivitel: dvd tokos, Disney Vedd Meg kiad\u00e1s, magyar feliratos bor\u00edt\u00f3, els\u0151 kiad\u00e1s\u00fa CD, angol nyelv\u0171 j\u00e1t\u00e9k. CD \u00e1llapota: szinte karcmentes, tesztelt, m\u0171k\u00f6dik.<\/p>\n","protected":false},"excerpt":{"rendered":"<p>Rajzol\u00f3program Disney mes\u00e9khez \u00e9s karakterekhez. Kiad\u00e1s \u00e9ve: 1999. Platform: PC &#8211; Windows 95\/98 \u00e9s Apple\/Power Macintosh. Kivitel: dvd tokos, Disney Vedd Meg kiad\u00e1s, magyar feliratos bor\u00edt\u00f3, els\u0151 kiad\u00e1s\u00fa CD, angol nyelv\u0171 j\u00e1t\u00e9k. CD \u00e1llapota: szinte karcmentes, tesztelt, m\u0171k\u00f6dik.<\/p>\n","protected":false},"featured_media":66392,"comment_status":"open","ping_status":"closed","template":"","meta":{"_et_pb_use_builder":"","_et_pb_old_content":"","_et_gb_content_width":""},"product_brand":[],"product_cat":[45,155,500],"product_tag":[],"class_list":{"0":"post-66393","1":"product","2":"type-product","3":"status-publish","4":"has-post-thumbnail","6":"product_cat-egyeb","7":"product_cat-jatekok","8":"product_cat-rajzoloprogram","9":"pa_allapot-hasznalt","10":"pa_kivitel-dvd-tokos","11":"pa_nyelv-angol","12":"pa_platform-applepower-macintosh","13":"pa_platform-pc-windows-95","14":"pa_platform-pc-windows-98","16":"first","17":"instock","18":"shipping-taxable","19":"purchasable","20":"product-type-simple"},"_links":{"self":[{"href":"https:\/\/www.retro-games.hu\/index.php\/wp-json\/wp\/v2\/product\/66393","targetHints":{"allow":["GET"]}}],"collection":[{"href":"https:\/\/www.retro-games.hu\/index.php\/wp-json\/wp\/v2\/product"}],"about":[{"href":"https:\/\/www.retro-games.hu\/index.php\/wp-json\/wp\/v2\/types\/product"}],"replies":[{"embeddable":true,"href":"https:\/\/www.retro-games.hu\/index.php\/wp-json\/wp\/v2\/comments?post=66393"}],"wp:featuredmedia":[{"embeddable":true,"href":"https:\/\/www.retro-games.hu\/index.php\/wp-json\/wp\/v2\/media\/66392"}],"wp:attachment":[{"href":"https:\/\/www.retro-games.hu\/index.php\/wp-json\/wp\/v2\/media?parent=66393"}],"wp:term":[{"taxonomy":"product_brand","embeddable":true,"href":"https:\/\/www.retro-games.hu\/index.php\/wp-json\/wp\/v2\/product_brand?post=66393"},{"taxonomy":"product_cat","embeddable":true,"href":"https:\/\/www.retro-games.hu\/index.php\/wp-json\/wp\/v2\/product_cat?post=66393"},{"taxonomy":"product_tag","embeddable":true,"href":"https:\/\/www.retro-games.hu\/index.php\/wp-json\/wp\/v2\/product_tag?post=66393"}],"curies":[{"name":"wp","href":"https:\/\/api.w.org\/{rel}","templated":true}]}}