{"id":66413,"date":"2025-11-03T18:18:46","date_gmt":"2025-11-03T18:18:46","guid":{"rendered":"https:\/\/www.retro-games.hu\/index.php\/termek\/disney-pixar-the-incredibles-when-danger-calls-cars-radiator-springs-adventures-egyben\/"},"modified":"2025-11-03T18:18:55","modified_gmt":"2025-11-03T18:18:55","slug":"disney-pixar-the-incredibles-when-danger-calls-cars-radiator-springs-adventures-egyben","status":"publish","type":"product","link":"https:\/\/www.retro-games.hu\/index.php\/termek\/disney-pixar-the-incredibles-when-danger-calls-cars-radiator-springs-adventures-egyben\/","title":{"rendered":"Disney &#8211; Pixar: The Incredibles: When Danger Calls + Cars: Radiator Springs Adventures egyben"},"content":{"rendered":"<p>Disney j\u00e1t\u00e9kok. Kiad\u00e1s \u00e9ve: 2007. Platform: Windows 98\/ME\/2000\/XP \u00e9s Apple Macintosh. Kivitel: dvd tokos, Disney Classics kiad\u00e1s, magyar feliratos bor\u00edt\u00f3, eredeti 2 cd, angol nyelv\u0171 j\u00e1t\u00e9kok. CD \u00e1llapota: enyh\u00e9n karcos (hajsz\u00e1lkarcok), tesztelt, m\u0171k\u00f6dik<\/p>\n","protected":false},"excerpt":{"rendered":"<p>Disney j\u00e1t\u00e9kok. Kiad\u00e1s \u00e9ve: 2007. Platform: Windows 98\/ME\/2000\/XP \u00e9s Apple Macintosh. Kivitel: dvd tokos, Disney Classics kiad\u00e1s, magyar feliratos bor\u00edt\u00f3, eredeti 2 cd, angol nyelv\u0171 j\u00e1t\u00e9kok. CD \u00e1llapota: enyh\u00e9n karcos (hajsz\u00e1lkarcok), tesztelt, m\u0171k\u00f6dik<\/p>\n","protected":false},"featured_media":66412,"comment_status":"open","ping_status":"closed","template":"","meta":{"_et_pb_use_builder":"","_et_pb_old_content":"","_et_gb_content_width":""},"product_brand":[],"product_cat":[26,25,155],"product_tag":[],"class_list":{"0":"post-66413","1":"product","2":"type-product","3":"status-publish","4":"has-post-thumbnail","6":"product_cat-akcio-kalandjatek","7":"product_cat-kaland","8":"product_cat-jatekok","9":"pa_allapot-hasznalt","10":"pa_kivitel-dvd-tokos","11":"pa_nyelv-angol","12":"pa_platform-applepower-macintosh","13":"pa_platform-pc-windows-2000","14":"pa_platform-pc-windows-98","15":"pa_platform-pc-windows-me","16":"pa_platform-pc_windows","18":"first","19":"instock","20":"shipping-taxable","21":"purchasable","22":"product-type-simple"},"_links":{"self":[{"href":"https:\/\/www.retro-games.hu\/index.php\/wp-json\/wp\/v2\/product\/66413","targetHints":{"allow":["GET"]}}],"collection":[{"href":"https:\/\/www.retro-games.hu\/index.php\/wp-json\/wp\/v2\/product"}],"about":[{"href":"https:\/\/www.retro-games.hu\/index.php\/wp-json\/wp\/v2\/types\/product"}],"replies":[{"embeddable":true,"href":"https:\/\/www.retro-games.hu\/index.php\/wp-json\/wp\/v2\/comments?post=66413"}],"wp:featuredmedia":[{"embeddable":true,"href":"https:\/\/www.retro-games.hu\/index.php\/wp-json\/wp\/v2\/media\/66412"}],"wp:attachment":[{"href":"https:\/\/www.retro-games.hu\/index.php\/wp-json\/wp\/v2\/media?parent=66413"}],"wp:term":[{"taxonomy":"product_brand","embeddable":true,"href":"https:\/\/www.retro-games.hu\/index.php\/wp-json\/wp\/v2\/product_brand?post=66413"},{"taxonomy":"product_cat","embeddable":true,"href":"https:\/\/www.retro-games.hu\/index.php\/wp-json\/wp\/v2\/product_cat?post=66413"},{"taxonomy":"product_tag","embeddable":true,"href":"https:\/\/www.retro-games.hu\/index.php\/wp-json\/wp\/v2\/product_tag?post=66413"}],"curies":[{"name":"wp","href":"https:\/\/api.w.org\/{rel}","templated":true}]}}