{"id":66421,"date":"2025-11-03T18:19:13","date_gmt":"2025-11-03T18:19:13","guid":{"rendered":"https:\/\/www.retro-games.hu\/index.php\/termek\/ports-of-call-double-x-slots\/"},"modified":"2025-11-03T18:19:15","modified_gmt":"2025-11-03T18:19:15","slug":"ports-of-call-double-x-slots","status":"publish","type":"product","link":"https:\/\/www.retro-games.hu\/index.php\/termek\/ports-of-call-double-x-slots\/","title":{"rendered":"Ports of Call + Double-X Slots"},"content":{"rendered":"<p>Kollekci\u00f3 &#8211; Ports of Call shareware (\u00fczleti szimul\u00e1tor, egyszerre 1 \u00f3ra j\u00e1t\u00e9kid\u0151re korl\u00e1tozott verzi\u00f3) \u00e9s Double X-Slots (kaszin\u00f3 j\u00e1t\u00e9k). Kiad\u00e1s \u00e9ve: 1996. Platform: DOS. Kivitel: kollekci\u00f3, csak az 1db 3,5 floppy, angol nyelv\u0171 j\u00e1t\u00e9kok. A lemez tesztelt \u00e9s hib\u00e1tlan.<\/p>\n","protected":false},"excerpt":{"rendered":"<p>Kollekci\u00f3 &#8211; Ports of Call shareware (\u00fczleti szimul\u00e1tor, egyszerre 1 \u00f3ra j\u00e1t\u00e9kid\u0151re korl\u00e1tozott verzi\u00f3) \u00e9s Double X-Slots (kaszin\u00f3 j\u00e1t\u00e9k). Kiad\u00e1s \u00e9ve: 1996. Platform: DOS. Kivitel: kollekci\u00f3, csak az 1db 3,5 floppy, angol nyelv\u0171 j\u00e1t\u00e9kok. A lemez tesztelt \u00e9s hib\u00e1tlan.<\/p>\n","protected":false},"featured_media":66420,"comment_status":"open","ping_status":"closed","template":"","meta":{"_et_pb_use_builder":"","_et_pb_old_content":"","_et_gb_content_width":""},"product_brand":[],"product_cat":[45,118,155,8,81],"product_tag":[],"class_list":{"0":"post-66421","1":"product","2":"type-product","3":"status-publish","4":"has-post-thumbnail","6":"product_cat-egyeb","7":"product_cat-kartya-kaszino","8":"product_cat-jatekok","9":"product_cat-szimulator","10":"product_cat-uzlet-menedzsment","11":"pa_allapot-hasznalt","12":"pa_kivitel-csak-a-lemezcddvdkazetta","13":"pa_nyelv-angol","14":"pa_platform-pc_dos","16":"first","17":"instock","18":"shipping-taxable","19":"purchasable","20":"product-type-simple"},"_links":{"self":[{"href":"https:\/\/www.retro-games.hu\/index.php\/wp-json\/wp\/v2\/product\/66421","targetHints":{"allow":["GET"]}}],"collection":[{"href":"https:\/\/www.retro-games.hu\/index.php\/wp-json\/wp\/v2\/product"}],"about":[{"href":"https:\/\/www.retro-games.hu\/index.php\/wp-json\/wp\/v2\/types\/product"}],"replies":[{"embeddable":true,"href":"https:\/\/www.retro-games.hu\/index.php\/wp-json\/wp\/v2\/comments?post=66421"}],"wp:featuredmedia":[{"embeddable":true,"href":"https:\/\/www.retro-games.hu\/index.php\/wp-json\/wp\/v2\/media\/66420"}],"wp:attachment":[{"href":"https:\/\/www.retro-games.hu\/index.php\/wp-json\/wp\/v2\/media?parent=66421"}],"wp:term":[{"taxonomy":"product_brand","embeddable":true,"href":"https:\/\/www.retro-games.hu\/index.php\/wp-json\/wp\/v2\/product_brand?post=66421"},{"taxonomy":"product_cat","embeddable":true,"href":"https:\/\/www.retro-games.hu\/index.php\/wp-json\/wp\/v2\/product_cat?post=66421"},{"taxonomy":"product_tag","embeddable":true,"href":"https:\/\/www.retro-games.hu\/index.php\/wp-json\/wp\/v2\/product_tag?post=66421"}],"curies":[{"name":"wp","href":"https:\/\/api.w.org\/{rel}","templated":true}]}}