{"id":66423,"date":"2025-11-03T18:19:18","date_gmt":"2025-11-03T18:19:18","guid":{"rendered":"https:\/\/www.retro-games.hu\/index.php\/termek\/flux\/"},"modified":"2025-11-03T18:19:20","modified_gmt":"2025-11-03T18:19:20","slug":"flux","status":"publish","type":"product","link":"https:\/\/www.retro-games.hu\/index.php\/termek\/flux\/","title":{"rendered":"Flux"},"content":{"rendered":"<p>Audio CD vizualiz\u00e1l\u00f3 program. Kiad\u00e1s \u00e9ve: 1995. Platform: Windows 3.x\/95. Kivitel: els\u0151 kiad\u00e1s, csak az 1db 3,5 floppy, angol nyelv\u0171 felhaszn\u00e1l\u00f3i program. A floppy tesztelve van, hib\u00e1tlan.<\/p>\n","protected":false},"excerpt":{"rendered":"<p>Audio CD vizualiz\u00e1l\u00f3 program. Kiad\u00e1s \u00e9ve: 1995. Platform: Windows 3.x\/95. Kivitel: els\u0151 kiad\u00e1s, csak az 1db 3,5 floppy, angol nyelv\u0171 felhaszn\u00e1l\u00f3i program. A floppy tesztelve van, hib\u00e1tlan.<\/p>\n","protected":false},"featured_media":66422,"comment_status":"open","ping_status":"closed","template":"","meta":{"_et_pb_use_builder":"","_et_pb_old_content":"","_et_gb_content_width":""},"product_brand":[],"product_cat":[85],"product_tag":[],"class_list":{"0":"post-66423","1":"product","2":"type-product","3":"status-publish","4":"has-post-thumbnail","6":"product_cat-felhasznaloi-program","7":"pa_allapot-hasznalt","8":"pa_kivitel-csak-a-lemezcddvdkazetta","9":"pa_nyelv-angol","10":"pa_platform-pc-windows-3-x","11":"pa_platform-pc-windows-95","13":"first","14":"instock","15":"shipping-taxable","16":"purchasable","17":"product-type-simple"},"_links":{"self":[{"href":"https:\/\/www.retro-games.hu\/index.php\/wp-json\/wp\/v2\/product\/66423","targetHints":{"allow":["GET"]}}],"collection":[{"href":"https:\/\/www.retro-games.hu\/index.php\/wp-json\/wp\/v2\/product"}],"about":[{"href":"https:\/\/www.retro-games.hu\/index.php\/wp-json\/wp\/v2\/types\/product"}],"replies":[{"embeddable":true,"href":"https:\/\/www.retro-games.hu\/index.php\/wp-json\/wp\/v2\/comments?post=66423"}],"wp:featuredmedia":[{"embeddable":true,"href":"https:\/\/www.retro-games.hu\/index.php\/wp-json\/wp\/v2\/media\/66422"}],"wp:attachment":[{"href":"https:\/\/www.retro-games.hu\/index.php\/wp-json\/wp\/v2\/media?parent=66423"}],"wp:term":[{"taxonomy":"product_brand","embeddable":true,"href":"https:\/\/www.retro-games.hu\/index.php\/wp-json\/wp\/v2\/product_brand?post=66423"},{"taxonomy":"product_cat","embeddable":true,"href":"https:\/\/www.retro-games.hu\/index.php\/wp-json\/wp\/v2\/product_cat?post=66423"},{"taxonomy":"product_tag","embeddable":true,"href":"https:\/\/www.retro-games.hu\/index.php\/wp-json\/wp\/v2\/product_tag?post=66423"}],"curies":[{"name":"wp","href":"https:\/\/api.w.org\/{rel}","templated":true}]}}