{"id":66427,"date":"2025-11-03T18:19:28","date_gmt":"2025-11-03T18:19:28","guid":{"rendered":"https:\/\/www.retro-games.hu\/index.php\/termek\/tie-break\/"},"modified":"2025-11-03T18:19:30","modified_gmt":"2025-11-03T18:19:30","slug":"tie-break","status":"publish","type":"product","link":"https:\/\/www.retro-games.hu\/index.php\/termek\/tie-break\/","title":{"rendered":"Tie Break"},"content":{"rendered":"<p>Sportj\u00e1t\u00e9k &#8211; tenisz. Kiad\u00e1s \u00e9ve: 1991. Platform: DOS. Kivitel: els\u0151 kiad\u00e1s, csak az 1 db 5,25 floppy, angol nyelv\u0171 j\u00e1t\u00e9k. A lemez tesztelt \u00e9s m\u0171k\u00f6dik.<\/p>\n","protected":false},"excerpt":{"rendered":"<p>Sportj\u00e1t\u00e9k &#8211; tenisz. Kiad\u00e1s \u00e9ve: 1991. Platform: DOS. Kivitel: els\u0151 kiad\u00e1s, csak az 1 db 5,25 floppy, angol nyelv\u0171 j\u00e1t\u00e9k. A lemez tesztelt \u00e9s m\u0171k\u00f6dik.<\/p>\n","protected":false},"featured_media":66426,"comment_status":"open","ping_status":"closed","template":"","meta":{"_et_pb_use_builder":"","_et_pb_old_content":"","_et_gb_content_width":""},"product_brand":[],"product_cat":[155,40,106],"product_tag":[],"class_list":{"0":"post-66427","1":"product","2":"type-product","3":"status-publish","4":"has-post-thumbnail","6":"product_cat-jatekok","7":"product_cat-sportjatek","8":"product_cat-tenisz","9":"pa_allapot-hasznalt","10":"pa_kivitel-csak-a-lemezcddvdkazetta","11":"pa_nyelv-angol","12":"pa_platform-pc_dos","14":"first","15":"instock","16":"shipping-taxable","17":"purchasable","18":"product-type-simple"},"_links":{"self":[{"href":"https:\/\/www.retro-games.hu\/index.php\/wp-json\/wp\/v2\/product\/66427","targetHints":{"allow":["GET"]}}],"collection":[{"href":"https:\/\/www.retro-games.hu\/index.php\/wp-json\/wp\/v2\/product"}],"about":[{"href":"https:\/\/www.retro-games.hu\/index.php\/wp-json\/wp\/v2\/types\/product"}],"replies":[{"embeddable":true,"href":"https:\/\/www.retro-games.hu\/index.php\/wp-json\/wp\/v2\/comments?post=66427"}],"wp:featuredmedia":[{"embeddable":true,"href":"https:\/\/www.retro-games.hu\/index.php\/wp-json\/wp\/v2\/media\/66426"}],"wp:attachment":[{"href":"https:\/\/www.retro-games.hu\/index.php\/wp-json\/wp\/v2\/media?parent=66427"}],"wp:term":[{"taxonomy":"product_brand","embeddable":true,"href":"https:\/\/www.retro-games.hu\/index.php\/wp-json\/wp\/v2\/product_brand?post=66427"},{"taxonomy":"product_cat","embeddable":true,"href":"https:\/\/www.retro-games.hu\/index.php\/wp-json\/wp\/v2\/product_cat?post=66427"},{"taxonomy":"product_tag","embeddable":true,"href":"https:\/\/www.retro-games.hu\/index.php\/wp-json\/wp\/v2\/product_tag?post=66427"}],"curies":[{"name":"wp","href":"https:\/\/api.w.org\/{rel}","templated":true}]}}