{"id":66567,"date":"2025-11-03T18:26:45","date_gmt":"2025-11-03T18:26:45","guid":{"rendered":"https:\/\/www.retro-games.hu\/index.php\/termek\/hitman-triple-pack-contracts-blood-money-hitman-2-silent-assassin\/"},"modified":"2025-11-03T18:26:58","modified_gmt":"2025-11-03T18:26:58","slug":"hitman-triple-pack-contracts-blood-money-hitman-2-silent-assassin","status":"publish","type":"product","link":"https:\/\/www.retro-games.hu\/index.php\/termek\/hitman-triple-pack-contracts-blood-money-hitman-2-silent-assassin\/","title":{"rendered":"Hitman Triple Pack (Contracts + Blood Money + Hitman 2: Silent Assassin)"},"content":{"rendered":"<p>K\u00fcls\u0151 n\u00e9zetes lopakod\u00f3s j\u00e1t\u00e9kok. Kiad\u00e1s \u00e9ve: 2006. Platform: Windows 2000\/XP. Kivitel: dvd tokos, TS kiad\u00e1s, magyar feliratos bor\u00edt\u00f3,  magyar nyelv\u0171 pap\u00edrk\u00e9zik\u00f6nyv, eredeti 2 dvd + 1 cd, angol nyelv\u0171 j\u00e1t\u00e9kok. Lemezek \u00e1llapota: szinte karcmentes, tesztelt, m\u0171k\u00f6dik<\/p>\n","protected":false},"excerpt":{"rendered":"<p>K\u00fcls\u0151 n\u00e9zetes lopakod\u00f3s j\u00e1t\u00e9kok. Kiad\u00e1s \u00e9ve: 2006. Platform: Windows 2000\/XP. Kivitel: dvd tokos, TS kiad\u00e1s, magyar feliratos bor\u00edt\u00f3, magyar nyelv\u0171 pap\u00edrk\u00e9zik\u00f6nyv, eredeti 2 dvd + 1 cd, angol nyelv\u0171 j\u00e1t\u00e9kok. Lemezek \u00e1llapota: szinte karcmentes, tesztelt, m\u0171k\u00f6dik<\/p>\n","protected":false},"featured_media":66566,"comment_status":"open","ping_status":"closed","template":"","meta":{"_et_pb_use_builder":"","_et_pb_old_content":"","_et_gb_content_width":""},"product_brand":[],"product_cat":[21,64,155],"product_tag":[],"class_list":{"0":"post-66567","1":"product","2":"type-product","3":"status-publish","4":"has-post-thumbnail","6":"product_cat-akcio","7":"product_cat-lopakodos","8":"product_cat-jatekok","9":"pa_allapot-hasznalt","10":"pa_kivitel-vastag-dvd-tokos","11":"pa_nyelv-angol","12":"pa_platform-pc-windows-2000","13":"pa_platform-pc_windows","15":"first","16":"instock","17":"shipping-taxable","18":"purchasable","19":"product-type-simple"},"_links":{"self":[{"href":"https:\/\/www.retro-games.hu\/index.php\/wp-json\/wp\/v2\/product\/66567","targetHints":{"allow":["GET"]}}],"collection":[{"href":"https:\/\/www.retro-games.hu\/index.php\/wp-json\/wp\/v2\/product"}],"about":[{"href":"https:\/\/www.retro-games.hu\/index.php\/wp-json\/wp\/v2\/types\/product"}],"replies":[{"embeddable":true,"href":"https:\/\/www.retro-games.hu\/index.php\/wp-json\/wp\/v2\/comments?post=66567"}],"wp:featuredmedia":[{"embeddable":true,"href":"https:\/\/www.retro-games.hu\/index.php\/wp-json\/wp\/v2\/media\/66566"}],"wp:attachment":[{"href":"https:\/\/www.retro-games.hu\/index.php\/wp-json\/wp\/v2\/media?parent=66567"}],"wp:term":[{"taxonomy":"product_brand","embeddable":true,"href":"https:\/\/www.retro-games.hu\/index.php\/wp-json\/wp\/v2\/product_brand?post=66567"},{"taxonomy":"product_cat","embeddable":true,"href":"https:\/\/www.retro-games.hu\/index.php\/wp-json\/wp\/v2\/product_cat?post=66567"},{"taxonomy":"product_tag","embeddable":true,"href":"https:\/\/www.retro-games.hu\/index.php\/wp-json\/wp\/v2\/product_tag?post=66567"}],"curies":[{"name":"wp","href":"https:\/\/api.w.org\/{rel}","templated":true}]}}