{"id":66618,"date":"2025-11-03T18:29:16","date_gmt":"2025-11-03T18:29:16","guid":{"rendered":"https:\/\/www.retro-games.hu\/index.php\/termek\/medal-of-honor-allied-assault-warchest-spearhead-es-breakthrough-is\/"},"modified":"2026-04-17T21:19:24","modified_gmt":"2026-04-17T21:19:24","slug":"medal-of-honor-allied-assault-warchest-spearhead-es-breakthrough-is","status":"publish","type":"product","link":"https:\/\/www.retro-games.hu\/index.php\/termek\/medal-of-honor-allied-assault-warchest-spearhead-es-breakthrough-is\/","title":{"rendered":"Medal of Honor: Allied Assault Warchest (Spearhead \u00e9s Breakthrough is)"},"content":{"rendered":"<p>Bels\u0151 n\u00e9zetes l\u00f6v\u00f6ld\u00f6z\u0151s j\u00e1t\u00e9k (FPS). Kiad\u00e1s \u00e9ve: 2004. Platform: Windows 98\/ME\/2000\/XP. Kivitel: dupla dvd tokos, ut\u00e1nkiad\u00e1s, magyar\/cseh feliratos bor\u00edt\u00f3, magyar\/cseh nyelv\u0171 pap\u00edrk\u00e9zik\u00f6nyv, eredeti 4cd, angol nyelv\u0171 j\u00e1t\u00e9kok. A kollekci\u00f3 tartalma: Medal Of Honor Allied Assault, Medal Of Honor Allied Assault: Spearhead kieg\u00e9sz\u00edt\u0151 lemez, Medal Of Honor Allied Assault: Breakthrough kieg\u00e9sz\u00edt\u0151 lemez. CD-k \u00e1llapota: karcmentes, \u00fajnak t\u0171nik<\/p>\n","protected":false},"excerpt":{"rendered":"<p>Bels\u0151 n\u00e9zetes l\u00f6v\u00f6ld\u00f6z\u0151s j\u00e1t\u00e9k (FPS). Kiad\u00e1s \u00e9ve: 2004. Platform: Windows 98\/ME\/2000\/XP. Kivitel: dupla dvd tokos, ut\u00e1nkiad\u00e1s, magyar\/cseh feliratos bor\u00edt\u00f3, magyar\/cseh nyelv\u0171 pap\u00edrk\u00e9zik\u00f6nyv, eredeti 4cd, angol nyelv\u0171 j\u00e1t\u00e9kok. A kollekci\u00f3 tartalma: Medal Of Honor Allied Assault, Medal Of Honor Allied Assault: Spearhead kieg\u00e9sz\u00edt\u0151 lemez, Medal Of Honor Allied Assault: Breakthrough kieg\u00e9sz\u00edt\u0151 lemez. CD-k \u00e1llapota: karcmentes, \u00fajnak [&hellip;]<\/p>\n","protected":false},"featured_media":66617,"comment_status":"open","ping_status":"closed","template":"","meta":{"_et_pb_use_builder":"","_et_pb_old_content":"","_et_gb_content_width":""},"product_brand":[],"product_cat":[21,22,155],"product_tag":[],"class_list":{"0":"post-66618","1":"product","2":"type-product","3":"status-publish","4":"has-post-thumbnail","6":"product_cat-akcio","7":"product_cat-belso-nezetes-lovoldozos-fps","8":"product_cat-jatekok","9":"pa_allapot-hasznalt","10":"pa_kivitel-vastag-dvd-tokos","11":"pa_nyelv-angol","12":"pa_platform-pc-windows-2000","13":"pa_platform-pc-windows-98","14":"pa_platform-pc-windows-me","15":"pa_platform-pc_windows","17":"first","18":"instock","19":"shipping-taxable","20":"purchasable","21":"product-type-simple"},"_links":{"self":[{"href":"https:\/\/www.retro-games.hu\/index.php\/wp-json\/wp\/v2\/product\/66618","targetHints":{"allow":["GET"]}}],"collection":[{"href":"https:\/\/www.retro-games.hu\/index.php\/wp-json\/wp\/v2\/product"}],"about":[{"href":"https:\/\/www.retro-games.hu\/index.php\/wp-json\/wp\/v2\/types\/product"}],"replies":[{"embeddable":true,"href":"https:\/\/www.retro-games.hu\/index.php\/wp-json\/wp\/v2\/comments?post=66618"}],"wp:featuredmedia":[{"embeddable":true,"href":"https:\/\/www.retro-games.hu\/index.php\/wp-json\/wp\/v2\/media\/66617"}],"wp:attachment":[{"href":"https:\/\/www.retro-games.hu\/index.php\/wp-json\/wp\/v2\/media?parent=66618"}],"wp:term":[{"taxonomy":"product_brand","embeddable":true,"href":"https:\/\/www.retro-games.hu\/index.php\/wp-json\/wp\/v2\/product_brand?post=66618"},{"taxonomy":"product_cat","embeddable":true,"href":"https:\/\/www.retro-games.hu\/index.php\/wp-json\/wp\/v2\/product_cat?post=66618"},{"taxonomy":"product_tag","embeddable":true,"href":"https:\/\/www.retro-games.hu\/index.php\/wp-json\/wp\/v2\/product_tag?post=66618"}],"curies":[{"name":"wp","href":"https:\/\/api.w.org\/{rel}","templated":true}]}}