{"id":66640,"date":"2025-11-03T18:30:21","date_gmt":"2025-11-03T18:30:21","guid":{"rendered":"https:\/\/www.retro-games.hu\/index.php\/termek\/moto-gp-motogp-08\/"},"modified":"2025-11-03T18:30:32","modified_gmt":"2025-11-03T18:30:32","slug":"moto-gp-motogp-08","status":"publish","type":"product","link":"https:\/\/www.retro-games.hu\/index.php\/termek\/moto-gp-motogp-08\/","title":{"rendered":"Moto GP MotoGP 08"},"content":{"rendered":"<p>Motorversenyz\u0151s j\u00e1t\u00e9k. Kiad\u00e1s \u00e9ve: 2008. Platform: Windows XP\/Vista. Kivitel: dvd tokos k\u00fcls\u0151 kartontokban, els\u0151 kiad\u00e1s, magyar feliratos bor\u00edt\u00f3, magyar nyelv\u0171 pap\u00edrk\u00e9zik\u00f6nyv, eredeti dvd, magyar feliratos j\u00e1t\u00e9k. DVD \u00e1llapota: karcmentes, \u00fajnak t\u0171nik<\/p>\n","protected":false},"excerpt":{"rendered":"<p>Motorversenyz\u0151s j\u00e1t\u00e9k. Kiad\u00e1s \u00e9ve: 2008. Platform: Windows XP\/Vista. Kivitel: dvd tokos k\u00fcls\u0151 kartontokban, els\u0151 kiad\u00e1s, magyar feliratos bor\u00edt\u00f3, magyar nyelv\u0171 pap\u00edrk\u00e9zik\u00f6nyv, eredeti dvd, magyar feliratos j\u00e1t\u00e9k. DVD \u00e1llapota: karcmentes, \u00fajnak t\u0171nik<\/p>\n","protected":false},"featured_media":66639,"comment_status":"open","ping_status":"closed","template":"","meta":{"_et_pb_use_builder":"","_et_pb_old_content":"","_et_gb_content_width":""},"product_brand":[],"product_cat":[133,155,8],"product_tag":[],"class_list":{"0":"post-66640","1":"product","2":"type-product","3":"status-publish","4":"has-post-thumbnail","6":"product_cat-motorversenyzos","7":"product_cat-jatekok","8":"product_cat-szimulator","9":"pa_allapot-hasznalt","10":"pa_kivitel-vastag-dvd-tokos","11":"pa_nyelv-magyar-feliratos","12":"pa_platform-pc-windows-vista","13":"pa_platform-pc_windows","15":"first","16":"instock","17":"shipping-taxable","18":"purchasable","19":"product-type-simple"},"_links":{"self":[{"href":"https:\/\/www.retro-games.hu\/index.php\/wp-json\/wp\/v2\/product\/66640","targetHints":{"allow":["GET"]}}],"collection":[{"href":"https:\/\/www.retro-games.hu\/index.php\/wp-json\/wp\/v2\/product"}],"about":[{"href":"https:\/\/www.retro-games.hu\/index.php\/wp-json\/wp\/v2\/types\/product"}],"replies":[{"embeddable":true,"href":"https:\/\/www.retro-games.hu\/index.php\/wp-json\/wp\/v2\/comments?post=66640"}],"wp:featuredmedia":[{"embeddable":true,"href":"https:\/\/www.retro-games.hu\/index.php\/wp-json\/wp\/v2\/media\/66639"}],"wp:attachment":[{"href":"https:\/\/www.retro-games.hu\/index.php\/wp-json\/wp\/v2\/media?parent=66640"}],"wp:term":[{"taxonomy":"product_brand","embeddable":true,"href":"https:\/\/www.retro-games.hu\/index.php\/wp-json\/wp\/v2\/product_brand?post=66640"},{"taxonomy":"product_cat","embeddable":true,"href":"https:\/\/www.retro-games.hu\/index.php\/wp-json\/wp\/v2\/product_cat?post=66640"},{"taxonomy":"product_tag","embeddable":true,"href":"https:\/\/www.retro-games.hu\/index.php\/wp-json\/wp\/v2\/product_tag?post=66640"}],"curies":[{"name":"wp","href":"https:\/\/api.w.org\/{rel}","templated":true}]}}