{"id":66727,"date":"2025-11-03T18:34:43","date_gmt":"2025-11-03T18:34:43","guid":{"rendered":"https:\/\/www.retro-games.hu\/index.php\/termek\/the-sims-double-deluxe-edition-livin-it-up-house-party-extrak\/"},"modified":"2025-11-03T18:34:51","modified_gmt":"2025-11-03T18:34:51","slug":"the-sims-double-deluxe-edition-livin-it-up-house-party-extrak","status":"publish","type":"product","link":"https:\/\/www.retro-games.hu\/index.php\/termek\/the-sims-double-deluxe-edition-livin-it-up-house-party-extrak\/","title":{"rendered":"The Sims Double Deluxe Edition (Livin&#8217; It Up + House Party + extr\u00e1k)"},"content":{"rendered":"<p>\u00c9letszimul\u00e1tor j\u00e1t\u00e9k. Kiad\u00e1s \u00e9ve: 2003. Platform: Windows 98\/XP. Kivitel: vastag dvd tokos, els\u0151 kiad\u00e1s, magyar feliratos bor\u00edt\u00f3, magyar nyelv\u0171 pap\u00edrk\u00e9zik\u00f6nyv \u00e9s telep\u00edt\u00e9si \u00fatmutat\u00f3, eredeti 4 cd, angol nyelv\u0171 The Sims 1 alapj\u00e1t\u00e9k, a Livin&#8217; It Up \u00e9s a House Party kieg\u00e9sz\u00edt\u0151 lemezek egyben! Ez a kiad\u00e1s tartalmazza m\u00e9g a The Sims Creator-t \u00e9s Double Deluxe j\u00e1t\u00e9kelemeket is (\u00faj afrikai \u00e9s \u00e1zsiai t\u00e9m\u00e1k az otthonok dekor\u00e1ci\u00f3j\u00e1hoz)! CD-k \u00e1llapota: szinte karcmentes, tesztelt, m\u0171k\u00f6dik<\/p>\n","protected":false},"excerpt":{"rendered":"<p>\u00c9letszimul\u00e1tor j\u00e1t\u00e9k. Kiad\u00e1s \u00e9ve: 2003. Platform: Windows 98\/XP. Kivitel: vastag dvd tokos, els\u0151 kiad\u00e1s, magyar feliratos bor\u00edt\u00f3, magyar nyelv\u0171 pap\u00edrk\u00e9zik\u00f6nyv \u00e9s telep\u00edt\u00e9si \u00fatmutat\u00f3, eredeti 4 cd, angol nyelv\u0171 The Sims 1 alapj\u00e1t\u00e9k, a Livin&#8217; It Up \u00e9s a House Party kieg\u00e9sz\u00edt\u0151 lemezek egyben! Ez a kiad\u00e1s tartalmazza m\u00e9g a The Sims Creator-t \u00e9s Double Deluxe [&hellip;]<\/p>\n","protected":false},"featured_media":66726,"comment_status":"open","ping_status":"closed","template":"","meta":{"_et_pb_use_builder":"","_et_pb_old_content":"","_et_gb_content_width":""},"product_brand":[],"product_cat":[115,155,8],"product_tag":[],"class_list":{"0":"post-66727","1":"product","2":"type-product","3":"status-publish","4":"has-post-thumbnail","6":"product_cat-elet","7":"product_cat-jatekok","8":"product_cat-szimulator","9":"pa_allapot-hasznalt","10":"pa_kivitel-vastag-dvd-tokos","11":"pa_nyelv-angol","12":"pa_platform-pc-windows-98","13":"pa_platform-pc_windows","15":"first","16":"instock","17":"shipping-taxable","18":"purchasable","19":"product-type-simple"},"_links":{"self":[{"href":"https:\/\/www.retro-games.hu\/index.php\/wp-json\/wp\/v2\/product\/66727","targetHints":{"allow":["GET"]}}],"collection":[{"href":"https:\/\/www.retro-games.hu\/index.php\/wp-json\/wp\/v2\/product"}],"about":[{"href":"https:\/\/www.retro-games.hu\/index.php\/wp-json\/wp\/v2\/types\/product"}],"replies":[{"embeddable":true,"href":"https:\/\/www.retro-games.hu\/index.php\/wp-json\/wp\/v2\/comments?post=66727"}],"wp:featuredmedia":[{"embeddable":true,"href":"https:\/\/www.retro-games.hu\/index.php\/wp-json\/wp\/v2\/media\/66726"}],"wp:attachment":[{"href":"https:\/\/www.retro-games.hu\/index.php\/wp-json\/wp\/v2\/media?parent=66727"}],"wp:term":[{"taxonomy":"product_brand","embeddable":true,"href":"https:\/\/www.retro-games.hu\/index.php\/wp-json\/wp\/v2\/product_brand?post=66727"},{"taxonomy":"product_cat","embeddable":true,"href":"https:\/\/www.retro-games.hu\/index.php\/wp-json\/wp\/v2\/product_cat?post=66727"},{"taxonomy":"product_tag","embeddable":true,"href":"https:\/\/www.retro-games.hu\/index.php\/wp-json\/wp\/v2\/product_tag?post=66727"}],"curies":[{"name":"wp","href":"https:\/\/api.w.org\/{rel}","templated":true}]}}