{"id":66735,"date":"2025-11-03T18:35:09","date_gmt":"2025-11-03T18:35:09","guid":{"rendered":"https:\/\/www.retro-games.hu\/index.php\/termek\/the-sims-deluxe-edition-alapjatek-livin-it-up-kieg-3\/"},"modified":"2025-11-03T18:35:17","modified_gmt":"2025-11-03T18:35:17","slug":"the-sims-deluxe-edition-alapjatek-livin-it-up-kieg-3","status":"publish","type":"product","link":"https:\/\/www.retro-games.hu\/index.php\/termek\/the-sims-deluxe-edition-alapjatek-livin-it-up-kieg-3\/","title":{"rendered":"The Sims Deluxe Edition (alapj\u00e1t\u00e9k + Livin&#8217; It Up kieg.)"},"content":{"rendered":"<p>\u00c9letszimul\u00e1tor j\u00e1t\u00e9k. Kiad\u00e1s \u00e9ve: 2000. Platform: Windows 95\/98\/XP. Tartalma: alapj\u00e1t\u00e9k, Livin&#8217; It up kieg\u00e9sz\u00edt\u0151, The Sims Creator, exkluz\u00edv Deluxe edition j\u00e1t\u00e9kelemek. Kivitel: vastag dvd tokos,  els\u0151 kiad\u00e1s, magyar\/cseh feliratos bor\u00edt\u00f3, magyar \u00e9s cseh nyelv\u0171 pap\u00edrk\u00e9zik\u00f6nyv, magyar \u00e9s cseh nyelv\u0171 telep\u00edt\u00e9si \u00fatmutat\u00f3, eredeti 2 cd, angol nyelv\u0171 j\u00e1t\u00e9k. CD-k \u00e1llapota: szinte karcmentes, tesztelt, m\u0171k\u00f6dik.<\/p>\n","protected":false},"excerpt":{"rendered":"<p>\u00c9letszimul\u00e1tor j\u00e1t\u00e9k. Kiad\u00e1s \u00e9ve: 2000. Platform: Windows 95\/98\/XP. Tartalma: alapj\u00e1t\u00e9k, Livin&#8217; It up kieg\u00e9sz\u00edt\u0151, The Sims Creator, exkluz\u00edv Deluxe edition j\u00e1t\u00e9kelemek. Kivitel: vastag dvd tokos, els\u0151 kiad\u00e1s, magyar\/cseh feliratos bor\u00edt\u00f3, magyar \u00e9s cseh nyelv\u0171 pap\u00edrk\u00e9zik\u00f6nyv, magyar \u00e9s cseh nyelv\u0171 telep\u00edt\u00e9si \u00fatmutat\u00f3, eredeti 2 cd, angol nyelv\u0171 j\u00e1t\u00e9k. CD-k \u00e1llapota: szinte karcmentes, tesztelt, m\u0171k\u00f6dik.<\/p>\n","protected":false},"featured_media":66734,"comment_status":"open","ping_status":"closed","template":"","meta":{"_et_pb_use_builder":"","_et_pb_old_content":"","_et_gb_content_width":""},"product_brand":[],"product_cat":[115,155,8],"product_tag":[],"class_list":{"0":"post-66735","1":"product","2":"type-product","3":"status-publish","4":"has-post-thumbnail","6":"product_cat-elet","7":"product_cat-jatekok","8":"product_cat-szimulator","9":"pa_allapot-hasznalt","10":"pa_kivitel-vastag-dvd-tokos","11":"pa_nyelv-angol","12":"pa_platform-pc-windows-95","13":"pa_platform-pc-windows-98","14":"pa_platform-pc_windows","16":"first","17":"instock","18":"shipping-taxable","19":"purchasable","20":"product-type-simple"},"_links":{"self":[{"href":"https:\/\/www.retro-games.hu\/index.php\/wp-json\/wp\/v2\/product\/66735","targetHints":{"allow":["GET"]}}],"collection":[{"href":"https:\/\/www.retro-games.hu\/index.php\/wp-json\/wp\/v2\/product"}],"about":[{"href":"https:\/\/www.retro-games.hu\/index.php\/wp-json\/wp\/v2\/types\/product"}],"replies":[{"embeddable":true,"href":"https:\/\/www.retro-games.hu\/index.php\/wp-json\/wp\/v2\/comments?post=66735"}],"wp:featuredmedia":[{"embeddable":true,"href":"https:\/\/www.retro-games.hu\/index.php\/wp-json\/wp\/v2\/media\/66734"}],"wp:attachment":[{"href":"https:\/\/www.retro-games.hu\/index.php\/wp-json\/wp\/v2\/media?parent=66735"}],"wp:term":[{"taxonomy":"product_brand","embeddable":true,"href":"https:\/\/www.retro-games.hu\/index.php\/wp-json\/wp\/v2\/product_brand?post=66735"},{"taxonomy":"product_cat","embeddable":true,"href":"https:\/\/www.retro-games.hu\/index.php\/wp-json\/wp\/v2\/product_cat?post=66735"},{"taxonomy":"product_tag","embeddable":true,"href":"https:\/\/www.retro-games.hu\/index.php\/wp-json\/wp\/v2\/product_tag?post=66735"}],"curies":[{"name":"wp","href":"https:\/\/api.w.org\/{rel}","templated":true}]}}