{"id":66743,"date":"2025-11-03T18:35:34","date_gmt":"2025-11-03T18:35:34","guid":{"rendered":"https:\/\/www.retro-games.hu\/index.php\/termek\/sim-city-simcity-4-2\/"},"modified":"2025-11-03T18:35:42","modified_gmt":"2025-11-03T18:35:42","slug":"sim-city-simcity-4-2","status":"publish","type":"product","link":"https:\/\/www.retro-games.hu\/index.php\/termek\/sim-city-simcity-4-2\/","title":{"rendered":"Sim City SimCity 4"},"content":{"rendered":"<p>V\u00e1ros\u00e9p\u00edt\u0151 strat\u00e9giai j\u00e1t\u00e9k. Kiad\u00e1s \u00e9ve: 2003. Platform: Windows 98\/ME\/2000\/XP. Kivitel: dvd tokos, EA Classics kiad\u00e1s, magyar\/cseh feliratos bor\u00edt\u00f3, magyar\/cseh nyelv\u0171 pap\u00edrk\u00e9zik\u00f6nyv, eredeti 2cd, angol\/francia\/n\u00e9met\/spanyol\/olasz\/holland\/braz\u00edliai portug\u00e1l\/d\u00e1n\/finn\/norv\u00e9g\/sv\u00e9d\/lengyel nyelv\u0171 j\u00e1t\u00e9k. CD-k \u00e1llapota: karcmentes, \u00fajnak t\u0171nik.<\/p>\n","protected":false},"excerpt":{"rendered":"<p>V\u00e1ros\u00e9p\u00edt\u0151 strat\u00e9giai j\u00e1t\u00e9k. Kiad\u00e1s \u00e9ve: 2003. Platform: Windows 98\/ME\/2000\/XP. Kivitel: dvd tokos, EA Classics kiad\u00e1s, magyar\/cseh feliratos bor\u00edt\u00f3, magyar\/cseh nyelv\u0171 pap\u00edrk\u00e9zik\u00f6nyv, eredeti 2cd, angol\/francia\/n\u00e9met\/spanyol\/olasz\/holland\/braz\u00edliai portug\u00e1l\/d\u00e1n\/finn\/norv\u00e9g\/sv\u00e9d\/lengyel nyelv\u0171 j\u00e1t\u00e9k. CD-k \u00e1llapota: karcmentes, \u00fajnak t\u0171nik.<\/p>\n","protected":false},"featured_media":66742,"comment_status":"open","ping_status":"closed","template":"","meta":{"_et_pb_use_builder":"","_et_pb_old_content":"","_et_gb_content_width":""},"product_brand":[],"product_cat":[155,43,117],"product_tag":[],"class_list":{"0":"post-66743","1":"product","2":"type-product","3":"status-publish","4":"has-post-thumbnail","6":"product_cat-jatekok","7":"product_cat-strategiai-jatek","8":"product_cat-varosepito","9":"pa_allapot-hasznalt","10":"pa_kivitel-vastag-dvd-tokos","11":"pa_nyelv-angol","12":"pa_nyelv-braziliai-portugal","13":"pa_nyelv-dan","14":"pa_nyelv-finn","15":"pa_nyelv-francia","16":"pa_nyelv-holland","17":"pa_nyelv-lengyel","18":"pa_nyelv-nemet","19":"pa_nyelv-norveg","20":"pa_nyelv-olasz","21":"pa_nyelv-spanyol","22":"pa_nyelv-sved","23":"pa_platform-pc-windows-2000","24":"pa_platform-pc-windows-98","25":"pa_platform-pc-windows-me","26":"pa_platform-pc_windows","28":"first","29":"instock","30":"shipping-taxable","31":"purchasable","32":"product-type-simple"},"_links":{"self":[{"href":"https:\/\/www.retro-games.hu\/index.php\/wp-json\/wp\/v2\/product\/66743","targetHints":{"allow":["GET"]}}],"collection":[{"href":"https:\/\/www.retro-games.hu\/index.php\/wp-json\/wp\/v2\/product"}],"about":[{"href":"https:\/\/www.retro-games.hu\/index.php\/wp-json\/wp\/v2\/types\/product"}],"replies":[{"embeddable":true,"href":"https:\/\/www.retro-games.hu\/index.php\/wp-json\/wp\/v2\/comments?post=66743"}],"wp:featuredmedia":[{"embeddable":true,"href":"https:\/\/www.retro-games.hu\/index.php\/wp-json\/wp\/v2\/media\/66742"}],"wp:attachment":[{"href":"https:\/\/www.retro-games.hu\/index.php\/wp-json\/wp\/v2\/media?parent=66743"}],"wp:term":[{"taxonomy":"product_brand","embeddable":true,"href":"https:\/\/www.retro-games.hu\/index.php\/wp-json\/wp\/v2\/product_brand?post=66743"},{"taxonomy":"product_cat","embeddable":true,"href":"https:\/\/www.retro-games.hu\/index.php\/wp-json\/wp\/v2\/product_cat?post=66743"},{"taxonomy":"product_tag","embeddable":true,"href":"https:\/\/www.retro-games.hu\/index.php\/wp-json\/wp\/v2\/product_tag?post=66743"}],"curies":[{"name":"wp","href":"https:\/\/api.w.org\/{rel}","templated":true}]}}