{"id":66757,"date":"2025-11-03T18:36:17","date_gmt":"2025-11-03T18:36:17","guid":{"rendered":"https:\/\/www.retro-games.hu\/index.php\/termek\/strategy-pack-6-hearts-of-iron-victoria-europa-universalis-ii-asia-chapter-two-thrones-crown-of-the-north-egyben\/"},"modified":"2025-11-03T18:36:31","modified_gmt":"2025-11-03T18:36:31","slug":"strategy-pack-6-hearts-of-iron-victoria-europa-universalis-ii-asia-chapter-two-thrones-crown-of-the-north-egyben","status":"publish","type":"product","link":"https:\/\/www.retro-games.hu\/index.php\/termek\/strategy-pack-6-hearts-of-iron-victoria-europa-universalis-ii-asia-chapter-two-thrones-crown-of-the-north-egyben\/","title":{"rendered":"Strategy Pack 6 (Hearts of Iron, Victoria, Europa Universalis II + Asia Chapter, Two Thrones, Crown of the North egyben)"},"content":{"rendered":"<p>\u00c1tfog\u00f3 (grand) strat\u00e9giai j\u00e1t\u00e9kok gy\u0171jtem\u00e9nye. Kiad\u00e1s \u00e9ve: 2005. Platform: Windows 98\/ME\/2000\/XP. Kivitel: kinyithat\u00f3 el\u0151lapos kis pap\u00edrdobozos, angol feliratos doboz, eredeti 6 CD, angol nyelv\u0171 j\u00e1t\u00e9kok. CD-k \u00e1llapota: <\/p>\n","protected":false},"excerpt":{"rendered":"<p>\u00c1tfog\u00f3 (grand) strat\u00e9giai j\u00e1t\u00e9kok gy\u0171jtem\u00e9nye. Kiad\u00e1s \u00e9ve: 2005. Platform: Windows 98\/ME\/2000\/XP. Kivitel: kinyithat\u00f3 el\u0151lapos kis pap\u00edrdobozos, angol feliratos doboz, eredeti 6 CD, angol nyelv\u0171 j\u00e1t\u00e9kok. CD-k \u00e1llapota:<\/p>\n","protected":false},"featured_media":66756,"comment_status":"open","ping_status":"closed","template":"","meta":{"_et_pb_use_builder":"","_et_pb_old_content":"","_et_gb_content_width":""},"product_brand":[],"product_cat":[135,155,43],"product_tag":[],"class_list":{"0":"post-66757","1":"product","2":"type-product","3":"status-publish","4":"has-post-thumbnail","6":"product_cat-atfogo-grand","7":"product_cat-jatekok","8":"product_cat-strategiai-jatek","9":"pa_allapot-hasznalt","10":"pa_kivitel-papirdobozos","11":"pa_nyelv-angol","12":"pa_platform-pc-windows-2000","13":"pa_platform-pc-windows-98","14":"pa_platform-pc-windows-me","15":"pa_platform-pc_windows","17":"first","18":"instock","19":"shipping-taxable","20":"purchasable","21":"product-type-simple"},"_links":{"self":[{"href":"https:\/\/www.retro-games.hu\/index.php\/wp-json\/wp\/v2\/product\/66757","targetHints":{"allow":["GET"]}}],"collection":[{"href":"https:\/\/www.retro-games.hu\/index.php\/wp-json\/wp\/v2\/product"}],"about":[{"href":"https:\/\/www.retro-games.hu\/index.php\/wp-json\/wp\/v2\/types\/product"}],"replies":[{"embeddable":true,"href":"https:\/\/www.retro-games.hu\/index.php\/wp-json\/wp\/v2\/comments?post=66757"}],"wp:featuredmedia":[{"embeddable":true,"href":"https:\/\/www.retro-games.hu\/index.php\/wp-json\/wp\/v2\/media\/66756"}],"wp:attachment":[{"href":"https:\/\/www.retro-games.hu\/index.php\/wp-json\/wp\/v2\/media?parent=66757"}],"wp:term":[{"taxonomy":"product_brand","embeddable":true,"href":"https:\/\/www.retro-games.hu\/index.php\/wp-json\/wp\/v2\/product_brand?post=66757"},{"taxonomy":"product_cat","embeddable":true,"href":"https:\/\/www.retro-games.hu\/index.php\/wp-json\/wp\/v2\/product_cat?post=66757"},{"taxonomy":"product_tag","embeddable":true,"href":"https:\/\/www.retro-games.hu\/index.php\/wp-json\/wp\/v2\/product_tag?post=66757"}],"curies":[{"name":"wp","href":"https:\/\/api.w.org\/{rel}","templated":true}]}}