{"id":66768,"date":"2025-11-03T18:36:51","date_gmt":"2025-11-03T18:36:51","guid":{"rendered":"https:\/\/www.retro-games.hu\/index.php\/termek\/split-second-velocity\/"},"modified":"2025-11-03T18:37:01","modified_gmt":"2025-11-03T18:37:01","slug":"split-second-velocity","status":"publish","type":"product","link":"https:\/\/www.retro-games.hu\/index.php\/termek\/split-second-velocity\/","title":{"rendered":"Split\/Second: Velocity"},"content":{"rendered":"<p>Aut\u00f3versenyz\u0151s j\u00e1t\u00e9k. Kiad\u00e1s \u00e9ve: 2010. Platform: Windows XP\/Vista\/7. Kivitel: vastag dvd tokos k\u00fcls\u0151 kartontokban, Gy\u00e9m\u00e1nt kiad\u00e1s, magyar feliratos bor\u00edt\u00f3, magyar nyelv\u0171 pap\u00edrk\u00e9zik\u00f6nyv, eredeti dvd, angol \u00e9s francia, n\u00e9met, olasz, spanyol nyelv\u0171 j\u00e1t\u00e9k. DVD \u00e1llapota: karcmentes, \u00fajnak t\u0171nik<\/p>\n","protected":false},"excerpt":{"rendered":"<p>Aut\u00f3versenyz\u0151s j\u00e1t\u00e9k. Kiad\u00e1s \u00e9ve: 2010. Platform: Windows XP\/Vista\/7. Kivitel: vastag dvd tokos k\u00fcls\u0151 kartontokban, Gy\u00e9m\u00e1nt kiad\u00e1s, magyar feliratos bor\u00edt\u00f3, magyar nyelv\u0171 pap\u00edrk\u00e9zik\u00f6nyv, eredeti dvd, angol \u00e9s francia, n\u00e9met, olasz, spanyol nyelv\u0171 j\u00e1t\u00e9k. DVD \u00e1llapota: karcmentes, \u00fajnak t\u0171nik<\/p>\n","protected":false},"featured_media":66767,"comment_status":"open","ping_status":"closed","template":"","meta":{"_et_pb_use_builder":"","_et_pb_old_content":"","_et_gb_content_width":""},"product_brand":[],"product_cat":[33,155,8],"product_tag":[],"class_list":{"0":"post-66768","1":"product","2":"type-product","3":"status-publish","4":"has-post-thumbnail","6":"product_cat-autoversenyzos","7":"product_cat-jatekok","8":"product_cat-szimulator","9":"pa_allapot-hasznalt","10":"pa_kivitel-vastag-dvd-tokos","11":"pa_nyelv-angol","12":"pa_nyelv-francia","13":"pa_nyelv-nemet","14":"pa_nyelv-olasz","15":"pa_nyelv-spanyol","16":"pa_platform-pc-windows-7","17":"pa_platform-pc-windows-vista","18":"pa_platform-pc_windows","20":"first","21":"instock","22":"shipping-taxable","23":"purchasable","24":"product-type-simple"},"_links":{"self":[{"href":"https:\/\/www.retro-games.hu\/index.php\/wp-json\/wp\/v2\/product\/66768","targetHints":{"allow":["GET"]}}],"collection":[{"href":"https:\/\/www.retro-games.hu\/index.php\/wp-json\/wp\/v2\/product"}],"about":[{"href":"https:\/\/www.retro-games.hu\/index.php\/wp-json\/wp\/v2\/types\/product"}],"replies":[{"embeddable":true,"href":"https:\/\/www.retro-games.hu\/index.php\/wp-json\/wp\/v2\/comments?post=66768"}],"wp:featuredmedia":[{"embeddable":true,"href":"https:\/\/www.retro-games.hu\/index.php\/wp-json\/wp\/v2\/media\/66767"}],"wp:attachment":[{"href":"https:\/\/www.retro-games.hu\/index.php\/wp-json\/wp\/v2\/media?parent=66768"}],"wp:term":[{"taxonomy":"product_brand","embeddable":true,"href":"https:\/\/www.retro-games.hu\/index.php\/wp-json\/wp\/v2\/product_brand?post=66768"},{"taxonomy":"product_cat","embeddable":true,"href":"https:\/\/www.retro-games.hu\/index.php\/wp-json\/wp\/v2\/product_cat?post=66768"},{"taxonomy":"product_tag","embeddable":true,"href":"https:\/\/www.retro-games.hu\/index.php\/wp-json\/wp\/v2\/product_tag?post=66768"}],"curies":[{"name":"wp","href":"https:\/\/api.w.org\/{rel}","templated":true}]}}