{"id":66773,"date":"2025-11-03T18:37:04","date_gmt":"2025-11-03T18:37:04","guid":{"rendered":"https:\/\/www.retro-games.hu\/index.php\/termek\/super-street-fighter-iv-arcade-edition\/"},"modified":"2025-11-03T18:37:13","modified_gmt":"2025-11-03T18:37:13","slug":"super-street-fighter-iv-arcade-edition","status":"publish","type":"product","link":"https:\/\/www.retro-games.hu\/index.php\/termek\/super-street-fighter-iv-arcade-edition\/","title":{"rendered":"Super Street Fighter IV: Arcade Edition"},"content":{"rendered":"<p>Vereked\u0151s j\u00e1t\u00e9k. Kiad\u00e1s \u00e9ve: 2011. Platform: Windows XP\/Vista. Kivitel: vastag dvd tokos, Premium Games kiad\u00e1s, magyar feliratos bor\u00edt\u00f3, magyar nyelv\u0171 le\u00edr\u00e1s, eredeti dvd, angol \u00e9s d\u00e1n, n\u00e9met, finn, francia, olasz, jap\u00e1n, koreai, k\u00ednai, holland, norv\u00e9g, portug\u00e1l, sv\u00e9d, spanyol, lengyel, cseh, orosz nyelv\u0171 j\u00e1t\u00e9k. DVD \u00e1llapota: szinte karcmentes, tesztelt, m\u0171k\u00f6dik. Fontos: Interneten aktiv\u00e1lni kell a j\u00e1t\u00e9kot, a ment\u00e9shez Windows Live fi\u00f3k kell, de az lehet offline is.<\/p>\n","protected":false},"excerpt":{"rendered":"<p>Vereked\u0151s j\u00e1t\u00e9k. Kiad\u00e1s \u00e9ve: 2011. Platform: Windows XP\/Vista. Kivitel: vastag dvd tokos, Premium Games kiad\u00e1s, magyar feliratos bor\u00edt\u00f3, magyar nyelv\u0171 le\u00edr\u00e1s, eredeti dvd, angol \u00e9s d\u00e1n, n\u00e9met, finn, francia, olasz, jap\u00e1n, koreai, k\u00ednai, holland, norv\u00e9g, portug\u00e1l, sv\u00e9d, spanyol, lengyel, cseh, orosz nyelv\u0171 j\u00e1t\u00e9k. DVD \u00e1llapota: szinte karcmentes, tesztelt, m\u0171k\u00f6dik. Fontos: Interneten aktiv\u00e1lni kell a j\u00e1t\u00e9kot, [&hellip;]<\/p>\n","protected":false},"featured_media":66772,"comment_status":"open","ping_status":"closed","template":"","meta":{"_et_pb_use_builder":"","_et_pb_old_content":"","_et_gb_content_width":""},"product_brand":[],"product_cat":[21,155,32],"product_tag":[],"class_list":{"0":"post-66773","1":"product","2":"type-product","3":"status-publish","4":"has-post-thumbnail","6":"product_cat-akcio","7":"product_cat-jatekok","8":"product_cat-verekedos-beat-em-up","9":"pa_allapot-hasznalt","10":"pa_kivitel-vastag-dvd-tokos","11":"pa_nyelv-angol","12":"pa_nyelv-cseh","13":"pa_nyelv-dan","14":"pa_nyelv-finn","15":"pa_nyelv-francia","16":"pa_nyelv-holland","17":"pa_nyelv-japan","18":"pa_nyelv-kinai","19":"pa_nyelv-koreai","20":"pa_nyelv-lengyel","21":"pa_nyelv-nemet","22":"pa_nyelv-norveg","23":"pa_nyelv-olasz","24":"pa_nyelv-orosz","25":"pa_nyelv-portugal","26":"pa_nyelv-spanyol","27":"pa_nyelv-sved","28":"pa_platform-pc-windows-vista","29":"pa_platform-pc_windows","31":"first","32":"instock","33":"shipping-taxable","34":"purchasable","35":"product-type-simple"},"_links":{"self":[{"href":"https:\/\/www.retro-games.hu\/index.php\/wp-json\/wp\/v2\/product\/66773","targetHints":{"allow":["GET"]}}],"collection":[{"href":"https:\/\/www.retro-games.hu\/index.php\/wp-json\/wp\/v2\/product"}],"about":[{"href":"https:\/\/www.retro-games.hu\/index.php\/wp-json\/wp\/v2\/types\/product"}],"replies":[{"embeddable":true,"href":"https:\/\/www.retro-games.hu\/index.php\/wp-json\/wp\/v2\/comments?post=66773"}],"wp:featuredmedia":[{"embeddable":true,"href":"https:\/\/www.retro-games.hu\/index.php\/wp-json\/wp\/v2\/media\/66772"}],"wp:attachment":[{"href":"https:\/\/www.retro-games.hu\/index.php\/wp-json\/wp\/v2\/media?parent=66773"}],"wp:term":[{"taxonomy":"product_brand","embeddable":true,"href":"https:\/\/www.retro-games.hu\/index.php\/wp-json\/wp\/v2\/product_brand?post=66773"},{"taxonomy":"product_cat","embeddable":true,"href":"https:\/\/www.retro-games.hu\/index.php\/wp-json\/wp\/v2\/product_cat?post=66773"},{"taxonomy":"product_tag","embeddable":true,"href":"https:\/\/www.retro-games.hu\/index.php\/wp-json\/wp\/v2\/product_tag?post=66773"}],"curies":[{"name":"wp","href":"https:\/\/api.w.org\/{rel}","templated":true}]}}