{"id":66823,"date":"2025-11-03T18:39:39","date_gmt":"2025-11-03T18:39:39","guid":{"rendered":"https:\/\/www.retro-games.hu\/index.php\/termek\/the-witcher-2-assassins-of-kings-elso-kiadas\/"},"modified":"2026-02-08T11:20:23","modified_gmt":"2026-02-08T11:20:23","slug":"the-witcher-2-assassins-of-kings-elso-kiadas","status":"publish","type":"product","link":"https:\/\/www.retro-games.hu\/index.php\/termek\/the-witcher-2-assassins-of-kings-elso-kiadas\/","title":{"rendered":"The Witcher 2: Assassins of Kings (els\u0151 kiad\u00e1s)"},"content":{"rendered":"<p>Akci\u00f3-szerepj\u00e1t\u00e9k (ARPG). Kiad\u00e1s \u00e9ve: 2011. Platform: Windows XP\/Vista\/7. Kivitel: dupla dvd tokos k\u00fcls\u0151 kartontokban 2 dvd tok (a k\u00fcls\u0151 kartoktok ragaszt\u00e1sa elengedett), els\u0151 kiad\u00e1s, magyar feliratos bor\u00edt\u00f3k, magyar nyelv\u0171 pap\u00edrk\u00e9zik\u00f6nyv + t\u00e9rk\u00e9p + \u00fatmutat\u00f3, eredeti 2 DVD + b\u00f3nusz DVD + zene CD a j\u00e1t\u00e9k zen\u00e9j\u00e9vel, valamint egy\u00e9b extr\u00e1k: a Diszn\u00f3 Henselt j\u00e1t\u00e9kbeli ki\u00e1ltv\u00e1ny &#8220;fakszimile kiad\u00e1sa&#8221; + \u00e9rme, hajtogathat\u00f3 figur\u00e1k (bontatlan), magyar feliratos \u00e9s angol nyelv\u0171 j\u00e1t\u00e9k. Lemezek \u00e1llapota: karcmentes, \u00fajnak t\u0171nik.<\/p>\n","protected":false},"excerpt":{"rendered":"<p>Akci\u00f3-szerepj\u00e1t\u00e9k (ARPG). Kiad\u00e1s \u00e9ve: 2011. Platform: Windows XP\/Vista\/7. Kivitel: dupla dvd tokos k\u00fcls\u0151 kartontokban 2 dvd tok (a k\u00fcls\u0151 kartoktok ragaszt\u00e1sa elengedett), els\u0151 kiad\u00e1s, magyar feliratos bor\u00edt\u00f3k, magyar nyelv\u0171 pap\u00edrk\u00e9zik\u00f6nyv + t\u00e9rk\u00e9p + \u00fatmutat\u00f3, eredeti 2 DVD + b\u00f3nusz DVD + zene CD a j\u00e1t\u00e9k zen\u00e9j\u00e9vel, valamint egy\u00e9b extr\u00e1k: a Diszn\u00f3 Henselt j\u00e1t\u00e9kbeli ki\u00e1ltv\u00e1ny &#8220;fakszimile [&hellip;]<\/p>\n","protected":false},"featured_media":66822,"comment_status":"open","ping_status":"closed","template":"","meta":{"_et_pb_use_builder":"","_et_pb_old_content":"","_et_gb_content_width":""},"product_brand":[],"product_cat":[67,155,272],"product_tag":[],"class_list":{"0":"post-66823","1":"product","2":"type-product","3":"status-publish","4":"has-post-thumbnail","6":"product_cat-akcio-szerepjatek-arpg","7":"product_cat-jatekok","8":"product_cat-szerepjatek-rpg","9":"pa_allapot-hasznalt","10":"pa_kivitel-papirdobozos","11":"pa_nyelv-angol","12":"pa_nyelv-magyar-feliratos","13":"pa_platform-pc-windows-7","14":"pa_platform-pc-windows-vista","15":"pa_platform-pc_windows","17":"first","18":"instock","19":"shipping-taxable","20":"purchasable","21":"product-type-simple"},"_links":{"self":[{"href":"https:\/\/www.retro-games.hu\/index.php\/wp-json\/wp\/v2\/product\/66823","targetHints":{"allow":["GET"]}}],"collection":[{"href":"https:\/\/www.retro-games.hu\/index.php\/wp-json\/wp\/v2\/product"}],"about":[{"href":"https:\/\/www.retro-games.hu\/index.php\/wp-json\/wp\/v2\/types\/product"}],"replies":[{"embeddable":true,"href":"https:\/\/www.retro-games.hu\/index.php\/wp-json\/wp\/v2\/comments?post=66823"}],"wp:featuredmedia":[{"embeddable":true,"href":"https:\/\/www.retro-games.hu\/index.php\/wp-json\/wp\/v2\/media\/66822"}],"wp:attachment":[{"href":"https:\/\/www.retro-games.hu\/index.php\/wp-json\/wp\/v2\/media?parent=66823"}],"wp:term":[{"taxonomy":"product_brand","embeddable":true,"href":"https:\/\/www.retro-games.hu\/index.php\/wp-json\/wp\/v2\/product_brand?post=66823"},{"taxonomy":"product_cat","embeddable":true,"href":"https:\/\/www.retro-games.hu\/index.php\/wp-json\/wp\/v2\/product_cat?post=66823"},{"taxonomy":"product_tag","embeddable":true,"href":"https:\/\/www.retro-games.hu\/index.php\/wp-json\/wp\/v2\/product_tag?post=66823"}],"curies":[{"name":"wp","href":"https:\/\/api.w.org\/{rel}","templated":true}]}}